{"id":9,"date":"2015-08-25T15:03:56","date_gmt":"2015-08-25T13:03:56","guid":{"rendered":"http:\/\/localhost\/nsosw\/?page_id=9"},"modified":"2024-06-20T13:00:34","modified_gmt":"2024-06-20T11:00:34","slug":"z-zycia-osrodka","status":"publish","type":"page","link":"https:\/\/www.sosw.elblag.com.pl\/index.php\/z-zycia-osrodka\/","title":{"rendered":"Rekrutacja"},"content":{"rendered":"<p><strong>Rekrutacja do punktu przedszkolnego znajduje si\u0119 pod linkiem:<\/strong> <a href=\"https:\/\/www.sosw.elblag.com.pl\/index.php\/struktura-osrodka\/punkt-przedszkolny\/rekrutacja\/\">&gt;&gt; przejd\u017a &lt;&lt;<\/a><\/p>\r\n<hr \/>\r\n<p style=\"text-align: center;\"><a href=\"https:\/\/www.sosw.elblag.com.pl\/wp-content\/uploads\/2024\/06\/regulamin-rekrutacji.pdf\">Regulamin rekrutacji uczni\u00f3w do klas pierwszych Bran\u017cowej Szko\u0142y I Stopnia w Specjalnym O\u015brodku Szkolno-Wychowawczym nr 1 w Elbl\u0105gu w roku szkolnym 2024\/2025<\/a><\/p>\r\n<a href=\"https:\/\/www.sosw.elblag.com.pl\/wp-content\/uploads\/2024\/06\/regulamin-rekrutacji.pdf\" class=\"pdfemb-viewer\" style=\"\" data-width=\"max\" data-height=\"max\" data-toolbar=\"bottom\" data-toolbar-fixed=\"off\">regulamin rekrutacji<\/a>\r\n<hr \/>\r\n<p><strong><u>Dokumenty wymagane przy przyj\u0119ciu do Bran\u017cowej Szko\u0142y I Stopnia<\/u><\/strong><\/p>\r\n<ul>\r\n<li>podanie;<\/li>\r\n<li>\u015bwiadectwo uko\u0144czenia szko\u0142y podstawowej;<\/li>\r\n<li>za\u015bwiadczenie OKE o wynikach egzaminu \u00f3smoklasisty;<\/li>\r\n<li>orzeczenie o potrzebie kszta\u0142cenia specjalnego;<\/li>\r\n<li>za\u015bwiadczenie lekarza medycyny pracy (po\u015bredniczymy w uzyskaniu tego dokumentu);<\/li>\r\n<\/ul>\r\n<p>ponadto<\/p>\r\n<ul>\r\n<li>dla zawodu stolarz numer NIP (z Urz\u0119du Skarbowego)<\/li>\r\n<li>dla zawodu pracownik pomocniczy gastronomii \u2013 pracownicza ksi\u0105\u017ceczka zdrowia (po\u015bredniczymy w uzyskaniu tego dokumentu);\u00a0<\/li>\r\n<\/ul>\r\n<p>Uczniowie spoza Elbl\u0105ga mog\u0105 sk\u0142ada\u0107 podanie o przyj\u0119cie do internatu mieszcz\u0105cego si\u0119 przy ul. Chopina<\/p>\r\n<hr \/>\r\n<p>W razie jakichkolwiek pyta\u0144 prosimy dzwoni\u0107 \u2013 &gt;\u00a0<a href=\"https:\/\/www.sosw.elblag.com.pl\/index.php\/kontakt\/\">Kontakt<\/a><\/p>\r\n<p>&nbsp;<\/p>\r\n\r\n<p>&nbsp;<\/p>\r\n","protected":false},"excerpt":{"rendered":"<p>Rekrutacja do punktu przedszkolnego znajduje si\u0119 pod linkiem: &gt;&gt; przejd\u017a &lt;&lt; Regulamin rekrutacji uczni\u00f3w do klas pierwszych Bran\u017cowej Szko\u0142y I Stopnia w <a class=\"more-link\" href=\"https:\/\/www.sosw.elblag.com.pl\/index.php\/z-zycia-osrodka\/\">Czytaj dalej&#8230;<\/a><\/p>\n","protected":false},"author":1,"featured_media":0,"parent":0,"menu_order":4,"comment_status":"closed","ping_status":"closed","template":"","meta":{"footnotes":""},"class_list":["post-9","page","type-page","status-publish","hentry"],"_links":{"self":[{"href":"https:\/\/www.sosw.elblag.com.pl\/index.php\/wp-json\/wp\/v2\/pages\/9","targetHints":{"allow":["GET"]}}],"collection":[{"href":"https:\/\/www.sosw.elblag.com.pl\/index.php\/wp-json\/wp\/v2\/pages"}],"about":[{"href":"https:\/\/www.sosw.elblag.com.pl\/index.php\/wp-json\/wp\/v2\/types\/page"}],"author":[{"embeddable":true,"href":"https:\/\/www.sosw.elblag.com.pl\/index.php\/wp-json\/wp\/v2\/users\/1"}],"replies":[{"embeddable":true,"href":"https:\/\/www.sosw.elblag.com.pl\/index.php\/wp-json\/wp\/v2\/comments?post=9"}],"version-history":[{"count":15,"href":"https:\/\/www.sosw.elblag.com.pl\/index.php\/wp-json\/wp\/v2\/pages\/9\/revisions"}],"predecessor-version":[{"id":53431,"href":"https:\/\/www.sosw.elblag.com.pl\/index.php\/wp-json\/wp\/v2\/pages\/9\/revisions\/53431"}],"wp:attachment":[{"href":"https:\/\/www.sosw.elblag.com.pl\/index.php\/wp-json\/wp\/v2\/media?parent=9"}],"curies":[{"name":"wp","href":"https:\/\/api.w.org\/{rel}","templated":true}]}}