{"id":8377,"date":"2017-12-05T04:53:43","date_gmt":"2017-12-05T03:53:43","guid":{"rendered":"http:\/\/www.sosw.elblag.com.pl\/?page_id=8377"},"modified":"2024-01-03T07:20:52","modified_gmt":"2024-01-03T06:20:52","slug":"autyzm-nowe-wyzwania-nowe-horyzonty","status":"publish","type":"page","link":"https:\/\/www.sosw.elblag.com.pl\/index.php\/organizacje-w-osrdoku\/projekty-unijne\/archiwum-pip\/autyzm-nowe-wyzwania-nowe-horyzonty\/","title":{"rendered":"&#8222;Autyzm-Nowe Wyzwania, Nowe Horyzonty&#8221;"},"content":{"rendered":"<p>Pragniemy poinformowa\u0107, i\u017c od 01.09.2017 r. do 31.12.2018 r, na terenie Specjalnego O\u015brodka Szkolno \u2013 Wychowawczego Nr 1 w Elbl\u0105gu realizowany jest projekt unijny\u00a0\u201eAutyzm \u2013 Nowe Wyzwania, Nowe Horyzonty\u201d.\u00a0Projekt w kwocie\u00a0119 354,65 (PLN)\/ 27 715,00 (EUR),\u00a0jest finansowany ze \u015brodk\u00f3w unijnych w ramach\u00a0Programu Operacyjnego Wiedza Edukacja Rozw\u00f3j (PO WER).<\/p>\n<p>Wi\u0119cej informacji na stronie projektu:<br \/>\n<span style=\"color: #313030; font-family: arial, helvetica, sans-serif;\"><a href=\"http:\/\/soswnr1elblag.blogspot.com\/\" target=\"_blank\" rel=\"noopener\" data-saferedirecturl=\"https:\/\/zasobygwp.pl\/redirect?sig=51446f995f75a2aec186a89e3525e883b1e875f9d6b28c7a374489272a802535&amp;url=aHR0cDovL3Nvc3ducjFlbGJsYWcuYmxvZ3Nwb3QuY29tLw==&amp;platform=desktop&amp;brand=wp\">http:\/\/<wbr \/>soswnr1elblag.blogspot.com\/<\/a><\/span><\/p>\n\n\t\t<style type=\"text\/css\">\n\t\t\t#gallery-1 {\n\t\t\t\tmargin: auto;\n\t\t\t}\n\t\t\t#gallery-1 .gallery-item {\n\t\t\t\tfloat: left;\n\t\t\t\tmargin-top: 10px;\n\t\t\t\ttext-align: center;\n\t\t\t\twidth: 100%;\n\t\t\t}\n\t\t\t#gallery-1 img {\n\t\t\t\tborder: 2px solid #cfcfcf;\n\t\t\t}\n\t\t\t#gallery-1 .gallery-caption {\n\t\t\t\tmargin-left: 0;\n\t\t\t}\n\t\t\t\/* see gallery_shortcode() in wp-includes\/media.php *\/\n\t\t<\/style>\n\t\t<div id='gallery-1' class='gallery galleryid-8377 gallery-columns-1 gallery-size-medium'><dl class='gallery-item'>\n\t\t\t<dt class='gallery-icon landscape'>\n\t\t\t\t<a title=\"ci\u0105g PO WER i UE kolor\" href='https:\/\/www.sosw.elblag.com.pl\/wp-content\/uploads\/2017\/12\/ci\u0105g-PO-WER-i-UE-kolor.jpg'><img loading=\"lazy\" decoding=\"async\" width=\"292\" height=\"289\" src=\"https:\/\/www.sosw.elblag.com.pl\/wp-content\/uploads\/2017\/12\/ci\u0105g-PO-WER-i-UE-kolor.jpg\" class=\"attachment-medium size-medium\" alt=\"\" \/><\/a>\n\t\t\t<\/dt><\/dl><br style=\"clear: both\" \/><dl class='gallery-item'>\n\t\t\t<dt class='gallery-icon landscape'>\n\t\t\t\t<a title=\"logo-strona\" href='https:\/\/www.sosw.elblag.com.pl\/wp-content\/uploads\/2017\/12\/logo-strona.jpg'><img loading=\"lazy\" decoding=\"async\" width=\"300\" height=\"42\" src=\"https:\/\/www.sosw.elblag.com.pl\/wp-content\/uploads\/2017\/12\/logo-strona-300x42.jpg\" class=\"attachment-medium size-medium\" alt=\"logo fundusze europejskie\" srcset=\"https:\/\/www.sosw.elblag.com.pl\/wp-content\/uploads\/2017\/12\/logo-strona-300x42.jpg 300w, https:\/\/www.sosw.elblag.com.pl\/wp-content\/uploads\/2017\/12\/logo-strona-768x109.jpg 768w, https:\/\/www.sosw.elblag.com.pl\/wp-content\/uploads\/2017\/12\/logo-strona.jpg 926w\" sizes=\"auto, (max-width: 300px) 100vw, 300px\" \/><\/a>\n\t\t\t<\/dt><\/dl><br style=\"clear: both\" \/>\n\t\t<\/div>\n\n","protected":false},"excerpt":{"rendered":"<p>Pragniemy poinformowa\u0107, i\u017c od 01.09.2017 r. do 31.12.2018 r, na terenie Specjalnego O\u015brodka Szkolno \u2013 Wychowawczego Nr 1 w Elbl\u0105gu realizowany jest <a class=\"more-link\" href=\"https:\/\/www.sosw.elblag.com.pl\/index.php\/organizacje-w-osrdoku\/projekty-unijne\/archiwum-pip\/autyzm-nowe-wyzwania-nowe-horyzonty\/\">Czytaj dalej&#8230;<\/a><\/p>\n","protected":false},"author":1,"featured_media":0,"parent":49350,"menu_order":3,"comment_status":"closed","ping_status":"closed","template":"","meta":{"footnotes":""},"class_list":["post-8377","page","type-page","status-publish","hentry"],"_links":{"self":[{"href":"https:\/\/www.sosw.elblag.com.pl\/index.php\/wp-json\/wp\/v2\/pages\/8377","targetHints":{"allow":["GET"]}}],"collection":[{"href":"https:\/\/www.sosw.elblag.com.pl\/index.php\/wp-json\/wp\/v2\/pages"}],"about":[{"href":"https:\/\/www.sosw.elblag.com.pl\/index.php\/wp-json\/wp\/v2\/types\/page"}],"author":[{"embeddable":true,"href":"https:\/\/www.sosw.elblag.com.pl\/index.php\/wp-json\/wp\/v2\/users\/1"}],"replies":[{"embeddable":true,"href":"https:\/\/www.sosw.elblag.com.pl\/index.php\/wp-json\/wp\/v2\/comments?post=8377"}],"version-history":[{"count":2,"href":"https:\/\/www.sosw.elblag.com.pl\/index.php\/wp-json\/wp\/v2\/pages\/8377\/revisions"}],"predecessor-version":[{"id":8379,"href":"https:\/\/www.sosw.elblag.com.pl\/index.php\/wp-json\/wp\/v2\/pages\/8377\/revisions\/8379"}],"up":[{"embeddable":true,"href":"https:\/\/www.sosw.elblag.com.pl\/index.php\/wp-json\/wp\/v2\/pages\/49350"}],"wp:attachment":[{"href":"https:\/\/www.sosw.elblag.com.pl\/index.php\/wp-json\/wp\/v2\/media?parent=8377"}],"curies":[{"name":"wp","href":"https:\/\/api.w.org\/{rel}","templated":true}]}}