{"id":8,"date":"2015-08-25T15:01:44","date_gmt":"2015-08-25T13:01:44","guid":{"rendered":"http:\/\/localhost\/nsosw\/?page_id=7"},"modified":"2025-06-04T13:19:39","modified_gmt":"2025-06-04T11:19:39","slug":"kontakt","status":"publish","type":"page","link":"https:\/\/www.sosw.elblag.com.pl\/index.php\/kontakt\/","title":{"rendered":"Kontakt"},"content":{"rendered":"<hr \/>\r\n<p align=\"center\"><strong><span style=\"text-decoration: underline;\"><span style=\"color: #000000; text-decoration: underline;\"><span style=\"font-size: large;\">Specjalny\u00a0 O\u015brodek\u00a0 Szkolno\u00a0 &#8211;\u00a0 Wychowawczy\u00a0<\/span><span style=\"font-size: large;\">nr 1 w Elbl\u0105gu<\/span><\/span><\/span><\/strong><\/p>\r\n<p><span style=\"color: #000000;\">Adres:<\/span><br \/><span style=\"color: #000000;\"> 82-300 Elbl\u0105g<\/span><br \/><span style=\"color: #000000;\"> ul. Miko\u0142aja Kopernika 27<\/span><br \/><span style=\"color: #000000;\">tel. 55 625 83 41, \u00a0 \u00a0 fax 55 625 83 50<\/span><\/p>\r\n<p><span style=\"color: #000000;\">Adres e-mail: \u00a0 \u00a0 \u00a0 \u00a0 \u00a0\u00a0<\/span><a style=\"color: #0000ff;\" href=\"mailto:sosw1@elblag.eu\">sosw1@elblag.eu<\/a><\/p>\r\n<p><span style=\"color: #000000;\"> sekretariat czynny: poniedzia\u0142ek, \u015broda, czwartek\u00a0 w godz. 7:30 &#8211; 15:30<\/span><br \/><span style=\"color: #000000;\">\u00a0 \u00a0 \u00a0 \u00a0 \u00a0 \u00a0 \u00a0 \u00a0 \u00a0 \u00a0 \u00a0 \u00a0 \u00a0 \u00a0 \u00a0 \u00a0 wtorek w godz. 7:30 &#8211; 16:30<\/span><br \/><span style=\"color: #000000;\">\u00a0 \u00a0 \u00a0 \u00a0 \u00a0 \u00a0 \u00a0 \u00a0 \u00a0 \u00a0 \u00a0 \u00a0 \u00a0 \u00a0 \u00a0 \u00a0 pi\u0105tek w godz. 7.30 &#8211; 14:30<\/span><\/p>\r\n<p><span style=\"color: #000000;\">55-625 83 40 &#8211; Dyrektor Leszek Iwa\u0144czuk<br \/>55-625 83 41 &#8211; sekretariat<br \/>55-625 83 42 &#8211; Z-ca Dyrektora Anna Wojtczak<\/span><br \/><span style=\"color: #000000;\">55-625 83 44 &#8211; \u015bwietlica<\/span><br \/><span style=\"color: #000000;\"> 55-625 83 47 &#8211; kierownik gospodarczy<\/span><br \/><span style=\"color: #000000;\"> 55-625 83 48 &#8211; Z-ca Dyrektora Iwona Sapi\u0144ska<\/span><br \/><span style=\"color: #000000;\"> 55-625 83 51 &#8211; piel\u0119gniarka<\/span><br \/><span style=\"color: #000000;\"> 55-625 83 52 &#8211; pedagog<\/span><br \/><span style=\"color: #000000;\"> 55-625 83 53 &#8211; psycholog<\/span><\/p>\r\n<p><span style=\"color: #000000;\">55 234 59 96 &#8211; Internat SOSW nr 1<\/span><\/p>\r\n<hr \/>\r\n<p style=\"text-align: center;\"><strong>GODZINY PRACY PEDAGOGA I PSYCHOLOGA SZKOLNEGO<\/strong><\/p>\r\n<a href=\"https:\/\/www.sosw.elblag.com.pl\/wp-content\/uploads\/2024\/09\/dyzury.pdf\" class=\"pdfemb-viewer\" style=\"\" data-width=\"max\" data-height=\"max\" data-toolbar=\"bottom\" data-toolbar-fixed=\"off\">dy\u017cury<\/a>\r\n<p>&#8211; &#8211; &#8211; &#8211; &#8211; &#8211; &#8211; &#8211; &#8211; &#8211; &#8211; &#8211; &#8211; &#8211; &#8211; &#8211; &#8211; &#8211; &#8211; &#8211; &#8211; &#8211; &#8211; &#8211; &#8211; &#8211; &#8211; &#8211; &#8211;<\/p>\r\n<!-- \/wp:post-content --><hr \/><!-- wp:paragraph {\"align\":\"center\"} \/-->\r\n<p>&nbsp;<\/p>\r\n<hr \/>\r\n<p><span style=\"text-decoration: underline;\"><span style=\"font-size: x-large;\">Tu jeste\u015bmy<\/span><\/span><\/p>\r\n<p><code><br \/>\r\n<iframe loading=\"lazy\" style=\"border: 0;\" src=\"https:\/\/www.google.com\/maps\/embed?pb=!1m18!1m12!1m3!1d385.24369869930496!2d19.41189067003218!3d54.16801827741746!2m3!1f0!2f0!3f0!3m2!1i1024!2i768!4f13.1!3m3!1m2!1s0x46fd4c62f9addbdf%3A0xb9787069dab89996!2sMiko%C5%82aja%20Kopernika%2027%2C%2082-300%20Elbl%C4%85g!5e0!3m2!1spl!2spl!4v1727092716780!5m2!1spl!2spl\" width=\"600\" height=\"450\" allowfullscreen=\"allowfullscreen\"><\/iframe><\/code><\/p>\r\n<p><code><\/code><\/p>\r\n<p><code><\/code><\/p>\r\n\n\t\t<style type=\"text\/css\">\n\t\t\t#gallery-1 {\n\t\t\t\tmargin: auto;\n\t\t\t}\n\t\t\t#gallery-1 .gallery-item {\n\t\t\t\tfloat: left;\n\t\t\t\tmargin-top: 10px;\n\t\t\t\ttext-align: center;\n\t\t\t\twidth: 100%;\n\t\t\t}\n\t\t\t#gallery-1 img {\n\t\t\t\tborder: 2px solid #cfcfcf;\n\t\t\t}\n\t\t\t#gallery-1 .gallery-caption {\n\t\t\t\tmargin-left: 0;\n\t\t\t}\n\t\t\t\/* see gallery_shortcode() in wp-includes\/media.php *\/\n\t\t<\/style>\n\t\t<div id='gallery-1' class='gallery galleryid-8 gallery-columns-1 gallery-size-thumbnail'><dl class='gallery-item'>\n\t\t\t<dt class='gallery-icon landscape'>\n\t\t\t\t<a title=\"sosw-eg_nr1_qr_code\" href='https:\/\/www.sosw.elblag.com.pl\/index.php\/kontakt\/sosw-eg_nr1_qr_code\/'><img loading=\"lazy\" decoding=\"async\" width=\"200\" height=\"200\" src=\"https:\/\/www.sosw.elblag.com.pl\/wp-content\/uploads\/2017\/05\/sosw-eg_nr1_qr_code-200x200.png\" class=\"attachment-thumbnail size-thumbnail\" alt=\"Kod Qr Specjalnego O\u015brodka Szkolno - Wychowawczego Nr1\" srcset=\"https:\/\/www.sosw.elblag.com.pl\/wp-content\/uploads\/2017\/05\/sosw-eg_nr1_qr_code-200x200.png 200w, https:\/\/www.sosw.elblag.com.pl\/wp-content\/uploads\/2017\/05\/sosw-eg_nr1_qr_code-300x300.png 300w, https:\/\/www.sosw.elblag.com.pl\/wp-content\/uploads\/2017\/05\/sosw-eg_nr1_qr_code.png 421w\" sizes=\"auto, (max-width: 200px) 100vw, 200px\" \/><\/a>\n\t\t\t<\/dt><\/dl><br style=\"clear: both\" \/>\n\t\t<\/div>\n\r\n<p><code><\/code><\/p>\r\n<p><code><\/code><\/p>\r\n<p><code><\/code><\/p>\r\n<hr \/>\r\n<p><code><\/code><\/p>\r\n<p>Administrator strony: Artur Baur<\/p>\r\n<p><code><\/code><\/p>\r\n<hr \/>\r\n<p><code><\/code><\/p>\r\n<p><code><\/code><\/p>\r\n<p><code><\/code><\/p>","protected":false},"excerpt":{"rendered":"<p>Specjalny\u00a0 O\u015brodek\u00a0 Szkolno\u00a0 &#8211;\u00a0 Wychowawczy\u00a0nr 1 w Elbl\u0105gu Adres: 82-300 Elbl\u0105g ul. Miko\u0142aja Kopernika 27tel. 55 625 83 41, \u00a0 \u00a0 fax <a class=\"more-link\" href=\"https:\/\/www.sosw.elblag.com.pl\/index.php\/kontakt\/\">Czytaj dalej&#8230;<\/a><\/p>\n","protected":false},"author":1,"featured_media":0,"parent":0,"menu_order":7,"comment_status":"closed","ping_status":"closed","template":"","meta":{"footnotes":""},"class_list":["post-8","page","type-page","status-publish","hentry"],"_links":{"self":[{"href":"https:\/\/www.sosw.elblag.com.pl\/index.php\/wp-json\/wp\/v2\/pages\/8","targetHints":{"allow":["GET"]}}],"collection":[{"href":"https:\/\/www.sosw.elblag.com.pl\/index.php\/wp-json\/wp\/v2\/pages"}],"about":[{"href":"https:\/\/www.sosw.elblag.com.pl\/index.php\/wp-json\/wp\/v2\/types\/page"}],"author":[{"embeddable":true,"href":"https:\/\/www.sosw.elblag.com.pl\/index.php\/wp-json\/wp\/v2\/users\/1"}],"replies":[{"embeddable":true,"href":"https:\/\/www.sosw.elblag.com.pl\/index.php\/wp-json\/wp\/v2\/comments?post=8"}],"version-history":[{"count":65,"href":"https:\/\/www.sosw.elblag.com.pl\/index.php\/wp-json\/wp\/v2\/pages\/8\/revisions"}],"predecessor-version":[{"id":60047,"href":"https:\/\/www.sosw.elblag.com.pl\/index.php\/wp-json\/wp\/v2\/pages\/8\/revisions\/60047"}],"wp:attachment":[{"href":"https:\/\/www.sosw.elblag.com.pl\/index.php\/wp-json\/wp\/v2\/media?parent=8"}],"curies":[{"name":"wp","href":"https:\/\/api.w.org\/{rel}","templated":true}]}}