{"id":662,"date":"2015-09-12T17:37:58","date_gmt":"2015-09-12T15:37:58","guid":{"rendered":"http:\/\/www.sosw.elblag.com.pl\/?page_id=662"},"modified":"2015-11-03T15:17:18","modified_gmt":"2015-11-03T14:17:18","slug":"dzialania-biblioteki-galeria","status":"publish","type":"page","link":"https:\/\/www.sosw.elblag.com.pl\/index.php\/struktura-osrodka\/inne-instytucje\/biblioteka\/dzialania-biblioteki-galeria\/","title":{"rendered":"Dzia\u0142ania biblioteki"},"content":{"rendered":"<hr \/>\n<p><a href=\"https:\/\/www.sosw.elblag.com.pl\/index.php\/category\/dzialania-biblioteki\/\">Dzia\u0142ania biblioteki<\/a><\/p>\n<hr \/>\n<p>&nbsp;<\/p>\n<p style=\"text-align: center;\">GALERIA<\/p>\n\n\t\t<style type=\"text\/css\">\n\t\t\t#gallery-1 {\n\t\t\t\tmargin: auto;\n\t\t\t}\n\t\t\t#gallery-1 .gallery-item {\n\t\t\t\tfloat: left;\n\t\t\t\tmargin-top: 10px;\n\t\t\t\ttext-align: center;\n\t\t\t\twidth: 33%;\n\t\t\t}\n\t\t\t#gallery-1 img {\n\t\t\t\tborder: 2px solid #cfcfcf;\n\t\t\t}\n\t\t\t#gallery-1 .gallery-caption {\n\t\t\t\tmargin-left: 0;\n\t\t\t}\n\t\t\t\/* see gallery_shortcode() in wp-includes\/media.php *\/\n\t\t<\/style>\n\t\t<div id='gallery-1' class='gallery galleryid-662 gallery-columns-3 gallery-size-thumbnail'><dl class='gallery-item'>\n\t\t\t<dt class='gallery-icon landscape'>\n\t\t\t\t<a title=\"akademia_11 listopada\" href='https:\/\/www.sosw.elblag.com.pl\/index.php\/struktura-osrodka\/inne-instytucje\/biblioteka\/dzialania-biblioteki-galeria\/akademia_11-listopada\/'><img loading=\"lazy\" decoding=\"async\" width=\"200\" height=\"200\" src=\"https:\/\/www.sosw.elblag.com.pl\/wp-content\/uploads\/2015\/09\/akademia_11-listopada-200x200.jpg\" class=\"attachment-thumbnail size-thumbnail\" alt=\"\" \/><\/a>\n\t\t\t<\/dt><\/dl><dl class='gallery-item'>\n\t\t\t<dt class='gallery-icon landscape'>\n\t\t\t\t<a title=\"Andrzejki w bibliotece\" href='https:\/\/www.sosw.elblag.com.pl\/index.php\/struktura-osrodka\/inne-instytucje\/biblioteka\/dzialania-biblioteki-galeria\/andrzejki-w-bibliotece\/'><img loading=\"lazy\" decoding=\"async\" width=\"200\" height=\"200\" src=\"https:\/\/www.sosw.elblag.com.pl\/wp-content\/uploads\/2015\/09\/Andrzejki-w-bibliotece-200x200.jpg\" class=\"attachment-thumbnail size-thumbnail\" alt=\"\" \/><\/a>\n\t\t\t<\/dt><\/dl><dl class='gallery-item'>\n\t\t\t<dt class='gallery-icon landscape'>\n\t\t\t\t<a title=\"Bezpieczne ferie\" href='https:\/\/www.sosw.elblag.com.pl\/index.php\/struktura-osrodka\/inne-instytucje\/biblioteka\/dzialania-biblioteki-galeria\/bezpieczne-ferie\/'><img loading=\"lazy\" decoding=\"async\" width=\"200\" height=\"200\" src=\"https:\/\/www.sosw.elblag.com.pl\/wp-content\/uploads\/2015\/09\/Bezpieczne-ferie-200x200.jpg\" class=\"attachment-thumbnail size-thumbnail\" alt=\"\" \/><\/a>\n\t\t\t<\/dt><\/dl><br style=\"clear: both\" \/><dl class='gallery-item'>\n\t\t\t<dt class='gallery-icon portrait'>\n\t\t\t\t<a title=\"Czy znasz swoje miasto\" href='https:\/\/www.sosw.elblag.com.pl\/index.php\/struktura-osrodka\/inne-instytucje\/biblioteka\/dzialania-biblioteki-galeria\/czy-znasz-swoje-miasto\/'><img loading=\"lazy\" decoding=\"async\" width=\"200\" height=\"200\" src=\"https:\/\/www.sosw.elblag.com.pl\/wp-content\/uploads\/2015\/09\/Czy-znasz-swoje-miasto-200x200.jpg\" class=\"attachment-thumbnail size-thumbnail\" alt=\"\" \/><\/a>\n\t\t\t<\/dt><\/dl><dl class='gallery-item'>\n\t\t\t<dt class='gallery-icon landscape'>\n\t\t\t\t<a title=\"Festiwal nauki\" href='https:\/\/www.sosw.elblag.com.pl\/index.php\/struktura-osrodka\/inne-instytucje\/biblioteka\/dzialania-biblioteki-galeria\/festiwal-nauki\/'><img loading=\"lazy\" decoding=\"async\" width=\"200\" height=\"200\" src=\"https:\/\/www.sosw.elblag.com.pl\/wp-content\/uploads\/2015\/09\/Festiwal-nauki-200x200.jpg\" class=\"attachment-thumbnail size-thumbnail\" alt=\"\" \/><\/a>\n\t\t\t<\/dt><\/dl><dl class='gallery-item'>\n\t\t\t<dt class='gallery-icon landscape'>\n\t\t\t\t<a title=\"ID\u0104  \u015aWI\u0118TA\" href='https:\/\/www.sosw.elblag.com.pl\/index.php\/struktura-osrodka\/inne-instytucje\/biblioteka\/dzialania-biblioteki-galeria\/ida-swieta\/'><img loading=\"lazy\" decoding=\"async\" width=\"200\" height=\"200\" src=\"https:\/\/www.sosw.elblag.com.pl\/wp-content\/uploads\/2015\/09\/ID\u0104-\u015aWI\u0118TA-200x200.jpg\" class=\"attachment-thumbnail size-thumbnail\" alt=\"\" \/><\/a>\n\t\t\t<\/dt><\/dl><br style=\"clear: both\" \/><dl class='gallery-item'>\n\t\t\t<dt class='gallery-icon landscape'>\n\t\t\t\t<a title=\"Og\u00f3lnopolski Dzie\u0144 g\u0142o\u015bnego czytania\" href='https:\/\/www.sosw.elblag.com.pl\/index.php\/struktura-osrodka\/inne-instytucje\/biblioteka\/dzialania-biblioteki-galeria\/ogolnopolski-dzien-glosnego-czytania\/'><img loading=\"lazy\" decoding=\"async\" width=\"200\" height=\"190\" src=\"https:\/\/www.sosw.elblag.com.pl\/wp-content\/uploads\/2015\/09\/Og\u00f3lnopolski-Dzie\u0144-g\u0142o\u015bnego-czytania-200x190.jpg\" class=\"attachment-thumbnail size-thumbnail\" alt=\"\" \/><\/a>\n\t\t\t<\/dt><\/dl><dl class='gallery-item'>\n\t\t\t<dt class='gallery-icon landscape'>\n\t\t\t\t<a title=\"Powitanie wiosny1\" href='https:\/\/www.sosw.elblag.com.pl\/index.php\/struktura-osrodka\/inne-instytucje\/biblioteka\/dzialania-biblioteki-galeria\/powitanie-wiosny1\/'><img loading=\"lazy\" decoding=\"async\" width=\"200\" height=\"200\" src=\"https:\/\/www.sosw.elblag.com.pl\/wp-content\/uploads\/2015\/09\/Powitanie-wiosny1-200x200.jpg\" class=\"attachment-thumbnail size-thumbnail\" alt=\"\" \/><\/a>\n\t\t\t<\/dt><\/dl><dl class='gallery-item'>\n\t\t\t<dt class='gallery-icon landscape'>\n\t\t\t\t<a title=\"W szponach medi\u00f3w ..Wirtualne uzale\u017cnienie\" href='https:\/\/www.sosw.elblag.com.pl\/index.php\/struktura-osrodka\/inne-instytucje\/biblioteka\/dzialania-biblioteki-galeria\/w-szponach-mediow-wirtualne-uzaleznienie\/'><img loading=\"lazy\" decoding=\"async\" width=\"200\" height=\"200\" src=\"https:\/\/www.sosw.elblag.com.pl\/wp-content\/uploads\/2015\/09\/W-szponach-medi\u00f3w-..Wirtualne-uzale\u017cnienie-200x200.jpg\" class=\"attachment-thumbnail size-thumbnail\" alt=\"\" \/><\/a>\n\t\t\t<\/dt><\/dl><br style=\"clear: both\" \/><dl class='gallery-item'>\n\t\t\t<dt class='gallery-icon landscape'>\n\t\t\t\t<a title=\"W szponach medi\u00f3w...Prasa i jej funkcje\" href='https:\/\/www.sosw.elblag.com.pl\/index.php\/struktura-osrodka\/inne-instytucje\/biblioteka\/dzialania-biblioteki-galeria\/w-szponach-mediow-prasa-i-jej-funkcje\/'><img loading=\"lazy\" decoding=\"async\" width=\"200\" height=\"200\" src=\"https:\/\/www.sosw.elblag.com.pl\/wp-content\/uploads\/2015\/09\/W-szponach-medi\u00f3w...Prasa-i-jej-funkcje-200x200.jpg\" class=\"attachment-thumbnail size-thumbnail\" alt=\"\" \/><\/a>\n\t\t\t<\/dt><\/dl><dl class='gallery-item'>\n\t\t\t<dt class='gallery-icon portrait'>\n\t\t\t\t<a title=\"W szponach medi\u00f3w..Stop cyberprzemocy\" href='https:\/\/www.sosw.elblag.com.pl\/index.php\/struktura-osrodka\/inne-instytucje\/biblioteka\/dzialania-biblioteki-galeria\/w-szponach-mediow-stop-cyberprzemocy\/'><img loading=\"lazy\" decoding=\"async\" width=\"200\" height=\"200\" src=\"https:\/\/www.sosw.elblag.com.pl\/wp-content\/uploads\/2015\/09\/W-szponach-medi\u00f3w..Stop-cyberprzemocy-200x200.jpg\" class=\"attachment-thumbnail size-thumbnail\" alt=\"\" \/><\/a>\n\t\t\t<\/dt><\/dl><dl class='gallery-item'>\n\t\t\t<dt class='gallery-icon landscape'>\n\t\t\t\t<a title=\"Wielka wojna\" href='https:\/\/www.sosw.elblag.com.pl\/index.php\/struktura-osrodka\/inne-instytucje\/biblioteka\/dzialania-biblioteki-galeria\/wielka-wojna\/'><img loading=\"lazy\" decoding=\"async\" width=\"200\" height=\"200\" src=\"https:\/\/www.sosw.elblag.com.pl\/wp-content\/uploads\/2015\/09\/Wielka-wojna-200x200.jpg\" class=\"attachment-thumbnail size-thumbnail\" alt=\"\" \/><\/a>\n\t\t\t<\/dt><\/dl><br style=\"clear: both\" \/><dl class='gallery-item'>\n\t\t\t<dt class='gallery-icon landscape'>\n\t\t\t\t<a title=\"Wystawa ksi\u0105\u017cki edukacyjunej\" href='https:\/\/www.sosw.elblag.com.pl\/index.php\/struktura-osrodka\/inne-instytucje\/biblioteka\/dzialania-biblioteki-galeria\/wystawa-ksiazki-edukacyjunej\/'><img loading=\"lazy\" decoding=\"async\" width=\"200\" height=\"200\" src=\"https:\/\/www.sosw.elblag.com.pl\/wp-content\/uploads\/2015\/09\/Wystawa-ksi\u0105\u017cki-edukacyjunej-200x200.jpg\" class=\"attachment-thumbnail size-thumbnail\" alt=\"\" \/><\/a>\n\t\t\t<\/dt><\/dl><dl class='gallery-item'>\n\t\t\t<dt class='gallery-icon landscape'>\n\t\t\t\t<a title=\"konkurs wiedzy czytelniczej\" href='https:\/\/www.sosw.elblag.com.pl\/index.php\/struktura-osrodka\/inne-instytucje\/biblioteka\/dzialania-biblioteki-galeria\/konkurs-wiedzy-czytelniczej\/'><img loading=\"lazy\" decoding=\"async\" width=\"200\" height=\"200\" src=\"https:\/\/www.sosw.elblag.com.pl\/wp-content\/uploads\/2015\/09\/konkurs-wiedzy-czytelniczej-200x200.jpg\" class=\"attachment-thumbnail size-thumbnail\" alt=\"\" \/><\/a>\n\t\t\t<\/dt><\/dl>\n\t\t\t<br style='clear: both' \/>\n\t\t<\/div>\n\n","protected":false},"excerpt":{"rendered":"<p>Dzia\u0142ania biblioteki &nbsp; GALERIA<\/p>\n","protected":false},"author":1,"featured_media":0,"parent":203,"menu_order":0,"comment_status":"closed","ping_status":"closed","template":"","meta":{"footnotes":""},"class_list":["post-662","page","type-page","status-publish","hentry"],"_links":{"self":[{"href":"https:\/\/www.sosw.elblag.com.pl\/index.php\/wp-json\/wp\/v2\/pages\/662","targetHints":{"allow":["GET"]}}],"collection":[{"href":"https:\/\/www.sosw.elblag.com.pl\/index.php\/wp-json\/wp\/v2\/pages"}],"about":[{"href":"https:\/\/www.sosw.elblag.com.pl\/index.php\/wp-json\/wp\/v2\/types\/page"}],"author":[{"embeddable":true,"href":"https:\/\/www.sosw.elblag.com.pl\/index.php\/wp-json\/wp\/v2\/users\/1"}],"replies":[{"embeddable":true,"href":"https:\/\/www.sosw.elblag.com.pl\/index.php\/wp-json\/wp\/v2\/comments?post=662"}],"version-history":[{"count":6,"href":"https:\/\/www.sosw.elblag.com.pl\/index.php\/wp-json\/wp\/v2\/pages\/662\/revisions"}],"predecessor-version":[{"id":1617,"href":"https:\/\/www.sosw.elblag.com.pl\/index.php\/wp-json\/wp\/v2\/pages\/662\/revisions\/1617"}],"up":[{"embeddable":true,"href":"https:\/\/www.sosw.elblag.com.pl\/index.php\/wp-json\/wp\/v2\/pages\/203"}],"wp:attachment":[{"href":"https:\/\/www.sosw.elblag.com.pl\/index.php\/wp-json\/wp\/v2\/media?parent=662"}],"curies":[{"name":"wp","href":"https:\/\/api.w.org\/{rel}","templated":true}]}}