{"id":65755,"date":"2026-03-24T14:26:13","date_gmt":"2026-03-24T13:26:13","guid":{"rendered":"https:\/\/www.sosw.elblag.com.pl\/?page_id=65755"},"modified":"2026-03-24T14:31:59","modified_gmt":"2026-03-24T13:31:59","slug":"sprawozdanie-z-projektu-sensoryczny-podroz-po-polsce","status":"publish","type":"page","link":"https:\/\/www.sosw.elblag.com.pl\/index.php\/organizacje-w-osrdoku\/projekty-unijne\/sprawozdanie-z-projektu-sensoryczny-podroz-po-polsce\/","title":{"rendered":"SPRAWOZDANIE Z PROJEKTU \u201e SENSORYCZNY PODR\u00d3\u017b  PO POLSCE\u201d"},"content":{"rendered":"<p style=\"text-align: justify;\">W minionym semestrze roku szkolnego 2025\/2026 uczniowie klasy 8c ZET SP i 6a SP ZET, realizowali raz w tygodniu na zaj\u0119ciach lekcyjnych z Funkcjonowania osobistego i spo\u0142ecznego, Zaj\u0119\u0107 rozwijaj\u0105cych kreatywno\u015b\u0107 projekt\u00a0 edukacyjny \u201e Sensoryczna podr\u00f3\u017c po Polsce\u201d. Ka\u017cde spotkanie po\u015bwi\u0119cone by\u0142o jednemu regionowi Polski. Podr\u00f3\u017c odbywa\u0142a si\u0119 w formie \u201esensorycznych stacji\u201d, kt\u00f3re uczniowie do\u015bwiadczali za\u00a0pomoc\u0105 zmys\u0142\u00f3w. Uczniowie ogl\u0105dali zdj\u0119cia i filmy, s\u0142ucha\u0142y tradycyjnej muzyki ludowej, dotyka\u0142y materia\u0142\u00f3w o r\u00f3\u017cnych fakturach<br \/>\ni rozpoznawa\u0142y zapachy zwi\u0105zane z natur\u0105 i kultur\u0105 naszego kraju. Wsp\u00f3lnie tworzy\u0142y kolorowe prace plastyczne i du\u017c\u0105 map\u0119 Polski. Dzi\u0119ki temu uczniowie mieli okazj\u0119 nie tylko zdobywa\u0107 wiedz\u0119 o swoim kraju, ale r\u00f3wnie\u017c do\u015bwiadcza\u0107 jej poprzez eksperymentowanie i dzia\u0142ania tw\u00f3rcze. To by\u0142a niezapomniana podr\u00f3\u017c pe\u0142na odkry\u0107 i \u015bwietnej zabawy!<\/p>\n<p style=\"text-align: justify;\"><strong><em>Cele g\u0142\u00f3wne:<\/em><\/strong><\/p>\n<ul style=\"text-align: justify;\">\n<li>wsparcie rozwoju dzieci poprzez stymulacj\u0119 zmys\u0142\u00f3w, dostarczaj\u0105c im wra\u017ce\u0144\u00a0sensorycznych w formie zabawowej,<\/li>\n<li>kszta\u0142towanie to\u017csamo\u015bci narodowej i\u00a0poczucia przynale\u017cno\u015bci do\u00a0kraju,<\/li>\n<li>poznawanie wybranych region\u00f3w Polski poprzez do\u015bwiadczenia wielozmys\u0142owe.<\/li>\n<\/ul>\n<p style=\"text-align: justify;\"><strong><em>Cele szczeg\u00f3\u0142owe:<\/em><\/strong><\/p>\n<ul style=\"text-align: justify;\">\n<li>poznanie barw i\u00a0symboli narodowych,<\/li>\n<li>rozwijanie umiej\u0119tno\u015bci wyra\u017cania prze\u017cy\u0107 ruchem, muzyk\u0105 i\u00a0plastyk\u0105,<\/li>\n<li>do\u015bwiadczanie r\u00f3\u017cnorodnych faktur, zapach\u00f3w i\u00a0smak\u00f3w charakterystycznych dla\u00a0danego regionu,<\/li>\n<li>kszta\u0142towanie postaw szacunku do\u00a0tradycji i\u00a0kultury,<\/li>\n<li>rozwijanie umiej\u0119tno\u015bci wsp\u00f3\u0142pracy w grupie i\u00a0zespole,<\/li>\n<li>wspieranie aktywno\u015bci i\u00a0samodzielno\u015bci,<\/li>\n<li>rozwijanie wyobra\u017ani i\u00a0kreatywno\u015bci,<\/li>\n<li>poprawa koncentracji uwagi,<\/li>\n<li>wyciszanie negatywnych i\u00a0wyzwalanie pozytywnych emocji.<\/li>\n<\/ul>\n<p style=\"text-align: justify;\">\n<p style=\"text-align: justify;\"><strong>Osoby odpowiedzialne<\/strong><\/p>\n<p style=\"text-align: justify;\"><strong>Marta Patyk \u2013 \u017bytkowska<\/strong><\/p>\n<p style=\"text-align: justify;\"><strong>Magdalena Kowalczyk \u2013 Zielonka <\/strong><\/p>\n","protected":false},"excerpt":{"rendered":"<p>W minionym semestrze roku szkolnego 2025\/2026 uczniowie klasy 8c ZET SP i 6a SP ZET, realizowali raz w tygodniu na zaj\u0119ciach lekcyjnych <a class=\"more-link\" href=\"https:\/\/www.sosw.elblag.com.pl\/index.php\/organizacje-w-osrdoku\/projekty-unijne\/sprawozdanie-z-projektu-sensoryczny-podroz-po-polsce\/\">Czytaj dalej&#8230;<\/a><\/p>\n","protected":false},"author":1,"featured_media":0,"parent":8375,"menu_order":10,"comment_status":"closed","ping_status":"closed","template":"","meta":{"footnotes":""},"class_list":["post-65755","page","type-page","status-publish","hentry"],"_links":{"self":[{"href":"https:\/\/www.sosw.elblag.com.pl\/index.php\/wp-json\/wp\/v2\/pages\/65755","targetHints":{"allow":["GET"]}}],"collection":[{"href":"https:\/\/www.sosw.elblag.com.pl\/index.php\/wp-json\/wp\/v2\/pages"}],"about":[{"href":"https:\/\/www.sosw.elblag.com.pl\/index.php\/wp-json\/wp\/v2\/types\/page"}],"author":[{"embeddable":true,"href":"https:\/\/www.sosw.elblag.com.pl\/index.php\/wp-json\/wp\/v2\/users\/1"}],"replies":[{"embeddable":true,"href":"https:\/\/www.sosw.elblag.com.pl\/index.php\/wp-json\/wp\/v2\/comments?post=65755"}],"version-history":[{"count":2,"href":"https:\/\/www.sosw.elblag.com.pl\/index.php\/wp-json\/wp\/v2\/pages\/65755\/revisions"}],"predecessor-version":[{"id":65758,"href":"https:\/\/www.sosw.elblag.com.pl\/index.php\/wp-json\/wp\/v2\/pages\/65755\/revisions\/65758"}],"up":[{"embeddable":true,"href":"https:\/\/www.sosw.elblag.com.pl\/index.php\/wp-json\/wp\/v2\/pages\/8375"}],"wp:attachment":[{"href":"https:\/\/www.sosw.elblag.com.pl\/index.php\/wp-json\/wp\/v2\/media?parent=65755"}],"curies":[{"name":"wp","href":"https:\/\/api.w.org\/{rel}","templated":true}]}}