{"id":65194,"date":"2026-03-04T12:54:29","date_gmt":"2026-03-04T11:54:29","guid":{"rendered":"https:\/\/www.sosw.elblag.com.pl\/?page_id=65194"},"modified":"2026-03-04T12:54:29","modified_gmt":"2026-03-04T11:54:29","slug":"smaki-swiata-z-ai-kulinarna-podroz-wychowankow-internatu","status":"publish","type":"page","link":"https:\/\/www.sosw.elblag.com.pl\/index.php\/organizacje-w-osrdoku\/innowacje-pedagogiczne\/smaki-swiata-z-ai-kulinarna-podroz-wychowankow-internatu\/","title":{"rendered":"\u201eSmaki \u015bwiata z AI \u2013 kulinarna podr\u00f3\u017c wychowank\u00f3w internatu\u201d"},"content":{"rendered":"<p><b>\u201eSmaki \u015bwiata z AI \u2013 kulinarna podr\u00f3\u017c wychowank\u00f3w internatu\u201d<\/b>\u00a0to innowacja pedagogiczna realizowana w internacie SOSW w Elbl\u0105gu w roku szkolnym 2025\/2026. Projekt \u0142\u0105czy zaj\u0119cia kulinarne z wykorzystaniem sztucznej inteligencji (AI), wspieraj\u0105c rozw\u00f3j samodzielno\u015bci, kompetencji spo\u0142ecznych i cyfrowych wychowank\u00f3w z niepe\u0142nosprawno\u015bciami.<\/p>\n<p data-start=\"346\" data-end=\"698\">Uczniowie, przy wsparciu wychowawc\u00f3w, korzystaj\u0105 z narz\u0119dzi AI do wyszukiwania przepis\u00f3w, tworzenia list zakup\u00f3w, t\u0142umaczenia nazw potraw oraz dzia\u0142a\u0144 kreatywnych, takich jak opracowanie w\u0142asnej ksi\u0105\u017cki kucharskiej. W trakcie zaj\u0119\u0107 poznaj\u0105 kuchnie \u015bwiata, ucz\u0105 si\u0119 pracy zespo\u0142owej oraz rozwijaj\u0105 praktyczne umiej\u0119tno\u015bci niezb\u0119dne w codziennym \u017cyciu. Innowacja \u0142\u0105czy tradycj\u0119 z nowoczesn\u0105 technologi\u0105, czyni\u0105c proces edukacyjny bardziej atrakcyjnym i dostosowanym do potrzeb wsp\u00f3\u0142czesnych wychowank\u00f3w.<\/p>\n<p class=\"gwpf5215020_MsoNormal\">Realizatorzy: Kamila Kisiel, Agnieszka Orzechowska, Jacek Kowalski<\/p>\n","protected":false},"excerpt":{"rendered":"<p>\u201eSmaki \u015bwiata z AI \u2013 kulinarna podr\u00f3\u017c wychowank\u00f3w internatu\u201d\u00a0to innowacja pedagogiczna realizowana w internacie SOSW w Elbl\u0105gu w roku szkolnym 2025\/2026. Projekt <a class=\"more-link\" href=\"https:\/\/www.sosw.elblag.com.pl\/index.php\/organizacje-w-osrdoku\/innowacje-pedagogiczne\/smaki-swiata-z-ai-kulinarna-podroz-wychowankow-internatu\/\">Czytaj dalej&#8230;<\/a><\/p>\n","protected":false},"author":1,"featured_media":0,"parent":18947,"menu_order":0,"comment_status":"closed","ping_status":"closed","template":"","meta":{"footnotes":""},"class_list":["post-65194","page","type-page","status-publish","hentry"],"_links":{"self":[{"href":"https:\/\/www.sosw.elblag.com.pl\/index.php\/wp-json\/wp\/v2\/pages\/65194","targetHints":{"allow":["GET"]}}],"collection":[{"href":"https:\/\/www.sosw.elblag.com.pl\/index.php\/wp-json\/wp\/v2\/pages"}],"about":[{"href":"https:\/\/www.sosw.elblag.com.pl\/index.php\/wp-json\/wp\/v2\/types\/page"}],"author":[{"embeddable":true,"href":"https:\/\/www.sosw.elblag.com.pl\/index.php\/wp-json\/wp\/v2\/users\/1"}],"replies":[{"embeddable":true,"href":"https:\/\/www.sosw.elblag.com.pl\/index.php\/wp-json\/wp\/v2\/comments?post=65194"}],"version-history":[{"count":1,"href":"https:\/\/www.sosw.elblag.com.pl\/index.php\/wp-json\/wp\/v2\/pages\/65194\/revisions"}],"predecessor-version":[{"id":65195,"href":"https:\/\/www.sosw.elblag.com.pl\/index.php\/wp-json\/wp\/v2\/pages\/65194\/revisions\/65195"}],"up":[{"embeddable":true,"href":"https:\/\/www.sosw.elblag.com.pl\/index.php\/wp-json\/wp\/v2\/pages\/18947"}],"wp:attachment":[{"href":"https:\/\/www.sosw.elblag.com.pl\/index.php\/wp-json\/wp\/v2\/media?parent=65194"}],"curies":[{"name":"wp","href":"https:\/\/api.w.org\/{rel}","templated":true}]}}