{"id":65178,"date":"2026-03-04T11:04:35","date_gmt":"2026-03-04T10:04:35","guid":{"rendered":"https:\/\/www.sosw.elblag.com.pl\/?page_id=65178"},"modified":"2026-03-04T11:04:35","modified_gmt":"2026-03-04T10:04:35","slug":"biblioteka-dobre-miejsce-dla-czlowieka-udzial-w-programie","status":"publish","type":"page","link":"https:\/\/www.sosw.elblag.com.pl\/index.php\/organizacje-w-osrdoku\/projekty-unijne\/biblioteka-dobre-miejsce-dla-czlowieka-udzial-w-programie\/","title":{"rendered":"Biblioteka \u2013 dobre miejsce dla cz\u0142owieka \u2013 udzia\u0142 w programie"},"content":{"rendered":"<p style=\"text-align: justify;\">W roku szkolnym 2025\/2026 Biblioteka Specjalnego O\u015brodka Szkolno-Wychowawczego nr 1 w Elbl\u0105gu bierze udzia\u0142 w og\u00f3lnopolskim programie <strong>\u201eBiblioteka \u2013 dobre miejsce dla cz\u0142owieka\u201d<\/strong>, kt\u00f3rego celem jest wzmacnianie roli biblioteki szkolnej jako przestrzeni sprzyjaj\u0105cej rozwojowi, integracji i budowaniu dobrostanu uczni\u00f3w.<\/p>\n<p style=\"text-align: justify;\">Program koncentruje si\u0119 na tworzeniu przyjaznego i bezpiecznego miejsca, w kt\u00f3rym uczniowie mog\u0105 rozwija\u0107 swoje zainteresowania czytelnicze, zdobywa\u0107 nowe do\u015bwiadczenia oraz uczy\u0107 si\u0119 wsp\u00f3\u0142pracy i wzajemnego szacunku.<\/p>\n<p style=\"text-align: justify;\"><strong>Dla kogo:<\/strong><\/p>\n<p style=\"text-align: justify;\">uczniowie Specjalnego O\u015brodka Szkolno-Wychowawczego nr 1 w Elbl\u0105gu<\/p>\n<p style=\"text-align: justify;\"><strong>Kto realizuje:<\/strong><\/p>\n<p style=\"text-align: justify;\">Magdalena Janiak \u2013 nauczyciel bibliotekarz<\/p>\n<p style=\"text-align: justify;\"><strong>Cele programu:<\/strong><\/p>\n<ul style=\"text-align: justify;\">\n<li>promowanie czytelnictwa jako wa\u017cnego elementu rozwoju osobistego,<\/li>\n<li>budowanie wizerunku biblioteki jako miejsca przyjaznego, otwartego i bezpiecznego,<\/li>\n<li>wspieranie dobrostanu emocjonalnego uczni\u00f3w poprzez dzia\u0142ania czytelnicze i edukacyjne,<\/li>\n<li>rozwijanie kompetencji spo\u0142ecznych i kulturowych,<\/li>\n<li>zach\u0119canie uczni\u00f3w do aktywnego korzystania z biblioteki.<\/li>\n<\/ul>\n<p style=\"text-align: justify;\"><strong>Dzia\u0142ania realizowane w ramach programu:<\/strong><\/p>\n<ul style=\"text-align: justify;\">\n<li>organizowanie zaj\u0119\u0107 czytelniczych i edukacyjnych w bibliotece,<\/li>\n<li>przygotowywanie wydarze\u0144 promuj\u0105cych ksi\u0105\u017ck\u0119 i czytanie,<\/li>\n<li>tworzenie przyjaznej przestrzeni sprzyjaj\u0105cej odpoczynkowi i wyciszeniu,<\/li>\n<li>wsp\u00f3\u0142praca z nauczycielami w zakresie dzia\u0142a\u0144 czytelniczych i wychowawczych.<\/li>\n<\/ul>\n<p style=\"text-align: justify;\">Udzia\u0142 w programie pozwala wzmacnia\u0107 rol\u0119 biblioteki szkolnej jako miejsca, kt\u00f3re wspiera rozw\u00f3j uczni\u00f3w, buduje poczucie bezpiecze\u0144stwa i sprzyja tworzeniu pozytywnych relacji.<\/p>\n<p style=\"text-align: justify;\">Magdalena Janiak<\/p>\n","protected":false},"excerpt":{"rendered":"<p>W roku szkolnym 2025\/2026 Biblioteka Specjalnego O\u015brodka Szkolno-Wychowawczego nr 1 w Elbl\u0105gu bierze udzia\u0142 w og\u00f3lnopolskim programie \u201eBiblioteka \u2013 dobre miejsce dla <a class=\"more-link\" href=\"https:\/\/www.sosw.elblag.com.pl\/index.php\/organizacje-w-osrdoku\/projekty-unijne\/biblioteka-dobre-miejsce-dla-czlowieka-udzial-w-programie\/\">Czytaj dalej&#8230;<\/a><\/p>\n","protected":false},"author":1,"featured_media":0,"parent":8375,"menu_order":0,"comment_status":"closed","ping_status":"closed","template":"","meta":{"footnotes":""},"class_list":["post-65178","page","type-page","status-publish","hentry"],"_links":{"self":[{"href":"https:\/\/www.sosw.elblag.com.pl\/index.php\/wp-json\/wp\/v2\/pages\/65178","targetHints":{"allow":["GET"]}}],"collection":[{"href":"https:\/\/www.sosw.elblag.com.pl\/index.php\/wp-json\/wp\/v2\/pages"}],"about":[{"href":"https:\/\/www.sosw.elblag.com.pl\/index.php\/wp-json\/wp\/v2\/types\/page"}],"author":[{"embeddable":true,"href":"https:\/\/www.sosw.elblag.com.pl\/index.php\/wp-json\/wp\/v2\/users\/1"}],"replies":[{"embeddable":true,"href":"https:\/\/www.sosw.elblag.com.pl\/index.php\/wp-json\/wp\/v2\/comments?post=65178"}],"version-history":[{"count":1,"href":"https:\/\/www.sosw.elblag.com.pl\/index.php\/wp-json\/wp\/v2\/pages\/65178\/revisions"}],"predecessor-version":[{"id":65179,"href":"https:\/\/www.sosw.elblag.com.pl\/index.php\/wp-json\/wp\/v2\/pages\/65178\/revisions\/65179"}],"up":[{"embeddable":true,"href":"https:\/\/www.sosw.elblag.com.pl\/index.php\/wp-json\/wp\/v2\/pages\/8375"}],"wp:attachment":[{"href":"https:\/\/www.sosw.elblag.com.pl\/index.php\/wp-json\/wp\/v2\/media?parent=65178"}],"curies":[{"name":"wp","href":"https:\/\/api.w.org\/{rel}","templated":true}]}}