{"id":60826,"date":"2025-09-12T15:22:58","date_gmt":"2025-09-12T13:22:58","guid":{"rendered":"http:\/\/www.sosw.elblag.com.pl\/?page_id=60826"},"modified":"2026-02-05T13:48:28","modified_gmt":"2026-02-05T12:48:28","slug":"pomoc-psychologiczno-pedagogiczna","status":"publish","type":"page","link":"https:\/\/www.sosw.elblag.com.pl\/index.php\/organizacje-w-osrdoku\/pomoc-psychologiczno-pedagogiczna\/","title":{"rendered":"POMOC PSYCHOLOGICZNO &#8211; PEDAGOGICZNA"},"content":{"rendered":"<hr \/>\n<p style=\"text-align: center;\"><a href=\"https:\/\/www.sosw.elblag.com.pl\/index.php\/category\/dzialania-pp\/\">Podejmowane dzia\u0142ania<\/a><\/p>\n<hr \/>\n<h4 style=\"text-align: center;\">Jak rozmawia\u0107 z osob\u0105 w depresji?<\/h4>\n\n\t\t<style type=\"text\/css\">\n\t\t\t#gallery-1 {\n\t\t\t\tmargin: auto;\n\t\t\t}\n\t\t\t#gallery-1 .gallery-item {\n\t\t\t\tfloat: left;\n\t\t\t\tmargin-top: 10px;\n\t\t\t\ttext-align: center;\n\t\t\t\twidth: 100%;\n\t\t\t}\n\t\t\t#gallery-1 img {\n\t\t\t\tborder: 2px solid #cfcfcf;\n\t\t\t}\n\t\t\t#gallery-1 .gallery-caption {\n\t\t\t\tmargin-left: 0;\n\t\t\t}\n\t\t\t\/* see gallery_shortcode() in wp-includes\/media.php *\/\n\t\t<\/style>\n\t\t<div id='gallery-1' class='gallery galleryid-60826 gallery-columns-1 gallery-size-full'><dl class='gallery-item'>\n\t\t\t<dt class='gallery-icon portrait'>\n\t\t\t\t<a title=\"Plakat jak rozmawiac z osob\u0105 w depresji\" href='https:\/\/www.sosw.elblag.com.pl\/wp-content\/uploads\/2026\/02\/Plakat-jak-rozmawiac-z-osoba-w-depresji-scaled.jpg'><img loading=\"lazy\" decoding=\"async\" width=\"1826\" height=\"2560\" src=\"https:\/\/www.sosw.elblag.com.pl\/wp-content\/uploads\/2026\/02\/Plakat-jak-rozmawiac-z-osoba-w-depresji-scaled.jpg\" class=\"attachment-full size-full\" alt=\"\" srcset=\"https:\/\/www.sosw.elblag.com.pl\/wp-content\/uploads\/2026\/02\/Plakat-jak-rozmawiac-z-osoba-w-depresji-scaled.jpg 1826w, https:\/\/www.sosw.elblag.com.pl\/wp-content\/uploads\/2026\/02\/Plakat-jak-rozmawiac-z-osoba-w-depresji-214x300.jpg 214w, https:\/\/www.sosw.elblag.com.pl\/wp-content\/uploads\/2026\/02\/Plakat-jak-rozmawiac-z-osoba-w-depresji-730x1024.jpg 730w, https:\/\/www.sosw.elblag.com.pl\/wp-content\/uploads\/2026\/02\/Plakat-jak-rozmawiac-z-osoba-w-depresji-768x1077.jpg 768w, https:\/\/www.sosw.elblag.com.pl\/wp-content\/uploads\/2026\/02\/Plakat-jak-rozmawiac-z-osoba-w-depresji-1095x1536.jpg 1095w, https:\/\/www.sosw.elblag.com.pl\/wp-content\/uploads\/2026\/02\/Plakat-jak-rozmawiac-z-osoba-w-depresji-1461x2048.jpg 1461w\" sizes=\"auto, (max-width: 1826px) 100vw, 1826px\" \/><\/a>\n\t\t\t<\/dt><\/dl><br style=\"clear: both\" \/>\n\t\t<\/div>\n\n<hr \/>\n<h4 style=\"text-align: center;\">SPOT MOBILIZACYJNY<\/h4>\n<p><iframe loading=\"lazy\" title=\"spot mobilizacyjny\" width=\"678\" height=\"381\" src=\"https:\/\/www.youtube.com\/embed\/rsxMkb3CKQQ?feature=oembed\" frameborder=\"0\" allow=\"accelerometer; autoplay; clipboard-write; encrypted-media; gyroscope; picture-in-picture; web-share\" referrerpolicy=\"strict-origin-when-cross-origin\" allowfullscreen><\/iframe><\/p>\n<hr \/>\n<h4 style=\"text-align: center;\">DOBRE DZIECI\u0143STWO<\/h4>\n\n\t\t<style type=\"text\/css\">\n\t\t\t#gallery-2 {\n\t\t\t\tmargin: auto;\n\t\t\t}\n\t\t\t#gallery-2 .gallery-item {\n\t\t\t\tfloat: left;\n\t\t\t\tmargin-top: 10px;\n\t\t\t\ttext-align: center;\n\t\t\t\twidth: 50%;\n\t\t\t}\n\t\t\t#gallery-2 img {\n\t\t\t\tborder: 2px solid #cfcfcf;\n\t\t\t}\n\t\t\t#gallery-2 .gallery-caption {\n\t\t\t\tmargin-left: 0;\n\t\t\t}\n\t\t\t\/* see gallery_shortcode() in wp-includes\/media.php *\/\n\t\t<\/style>\n\t\t<div id='gallery-2' class='gallery galleryid-60826 gallery-columns-2 gallery-size-medium'><dl class='gallery-item'>\n\t\t\t<dt class='gallery-icon landscape'>\n\t\t\t\t<a title=\"dobre dzieci\u0144stwo\" href='https:\/\/www.sosw.elblag.com.pl\/wp-content\/uploads\/2025\/10\/dbp-some-1080x1080-dobre-dziecinstwo.png'><img loading=\"lazy\" decoding=\"async\" width=\"300\" height=\"300\" src=\"https:\/\/www.sosw.elblag.com.pl\/wp-content\/uploads\/2025\/10\/dbp-some-1080x1080-dobre-dziecinstwo-300x300.png\" class=\"attachment-medium size-medium\" alt=\"\" srcset=\"https:\/\/www.sosw.elblag.com.pl\/wp-content\/uploads\/2025\/10\/dbp-some-1080x1080-dobre-dziecinstwo-300x300.png 300w, https:\/\/www.sosw.elblag.com.pl\/wp-content\/uploads\/2025\/10\/dbp-some-1080x1080-dobre-dziecinstwo-1024x1024.png 1024w, https:\/\/www.sosw.elblag.com.pl\/wp-content\/uploads\/2025\/10\/dbp-some-1080x1080-dobre-dziecinstwo-200x200.png 200w, https:\/\/www.sosw.elblag.com.pl\/wp-content\/uploads\/2025\/10\/dbp-some-1080x1080-dobre-dziecinstwo-768x768.png 768w, https:\/\/www.sosw.elblag.com.pl\/wp-content\/uploads\/2025\/10\/dbp-some-1080x1080-dobre-dziecinstwo.png 1080w\" sizes=\"auto, (max-width: 300px) 100vw, 300px\" \/><\/a>\n\t\t\t<\/dt><\/dl><dl class='gallery-item'>\n\t\t\t<dt class='gallery-icon landscape'>\n\t\t\t\t<a title=\"docenianie\" href='https:\/\/www.sosw.elblag.com.pl\/wp-content\/uploads\/2025\/10\/dbp-some-1080x1080-docenianie.png'><img loading=\"lazy\" decoding=\"async\" width=\"300\" height=\"300\" src=\"https:\/\/www.sosw.elblag.com.pl\/wp-content\/uploads\/2025\/10\/dbp-some-1080x1080-docenianie-300x300.png\" class=\"attachment-medium size-medium\" alt=\"\" srcset=\"https:\/\/www.sosw.elblag.com.pl\/wp-content\/uploads\/2025\/10\/dbp-some-1080x1080-docenianie-300x300.png 300w, https:\/\/www.sosw.elblag.com.pl\/wp-content\/uploads\/2025\/10\/dbp-some-1080x1080-docenianie-1024x1024.png 1024w, https:\/\/www.sosw.elblag.com.pl\/wp-content\/uploads\/2025\/10\/dbp-some-1080x1080-docenianie-200x200.png 200w, https:\/\/www.sosw.elblag.com.pl\/wp-content\/uploads\/2025\/10\/dbp-some-1080x1080-docenianie-768x768.png 768w, https:\/\/www.sosw.elblag.com.pl\/wp-content\/uploads\/2025\/10\/dbp-some-1080x1080-docenianie.png 1080w\" sizes=\"auto, (max-width: 300px) 100vw, 300px\" \/><\/a>\n\t\t\t<\/dt><\/dl><br style=\"clear: both\" \/><dl class='gallery-item'>\n\t\t\t<dt class='gallery-icon landscape'>\n\t\t\t\t<a title=\"obecno\u015b\u0107\" href='https:\/\/www.sosw.elblag.com.pl\/wp-content\/uploads\/2025\/10\/dbp-some-1080x1080-obecnosc.png'><img loading=\"lazy\" decoding=\"async\" width=\"300\" height=\"300\" src=\"https:\/\/www.sosw.elblag.com.pl\/wp-content\/uploads\/2025\/10\/dbp-some-1080x1080-obecnosc-300x300.png\" class=\"attachment-medium size-medium\" alt=\"\" srcset=\"https:\/\/www.sosw.elblag.com.pl\/wp-content\/uploads\/2025\/10\/dbp-some-1080x1080-obecnosc-300x300.png 300w, https:\/\/www.sosw.elblag.com.pl\/wp-content\/uploads\/2025\/10\/dbp-some-1080x1080-obecnosc-1024x1024.png 1024w, https:\/\/www.sosw.elblag.com.pl\/wp-content\/uploads\/2025\/10\/dbp-some-1080x1080-obecnosc-200x200.png 200w, https:\/\/www.sosw.elblag.com.pl\/wp-content\/uploads\/2025\/10\/dbp-some-1080x1080-obecnosc-768x768.png 768w, https:\/\/www.sosw.elblag.com.pl\/wp-content\/uploads\/2025\/10\/dbp-some-1080x1080-obecnosc.png 1080w\" sizes=\"auto, (max-width: 300px) 100vw, 300px\" \/><\/a>\n\t\t\t<\/dt><\/dl><dl class='gallery-item'>\n\t\t\t<dt class='gallery-icon landscape'>\n\t\t\t\t<a title=\"wspieraj dzieci\u0144stwo\" href='https:\/\/www.sosw.elblag.com.pl\/wp-content\/uploads\/2025\/10\/dbp-some-1080x1080-wspieraj-dziecinstwo.jpg'><img loading=\"lazy\" decoding=\"async\" width=\"300\" height=\"300\" src=\"https:\/\/www.sosw.elblag.com.pl\/wp-content\/uploads\/2025\/10\/dbp-some-1080x1080-wspieraj-dziecinstwo-300x300.jpg\" class=\"attachment-medium size-medium\" alt=\"\" srcset=\"https:\/\/www.sosw.elblag.com.pl\/wp-content\/uploads\/2025\/10\/dbp-some-1080x1080-wspieraj-dziecinstwo-300x300.jpg 300w, https:\/\/www.sosw.elblag.com.pl\/wp-content\/uploads\/2025\/10\/dbp-some-1080x1080-wspieraj-dziecinstwo-1024x1024.jpg 1024w, https:\/\/www.sosw.elblag.com.pl\/wp-content\/uploads\/2025\/10\/dbp-some-1080x1080-wspieraj-dziecinstwo-200x200.jpg 200w, https:\/\/www.sosw.elblag.com.pl\/wp-content\/uploads\/2025\/10\/dbp-some-1080x1080-wspieraj-dziecinstwo-768x768.jpg 768w, https:\/\/www.sosw.elblag.com.pl\/wp-content\/uploads\/2025\/10\/dbp-some-1080x1080-wspieraj-dziecinstwo.jpg 1080w\" sizes=\"auto, (max-width: 300px) 100vw, 300px\" \/><\/a>\n\t\t\t<\/dt><\/dl><br style=\"clear: both\" \/><dl class='gallery-item'>\n\t\t\t<dt class='gallery-icon landscape'>\n\t\t\t\t<a title=\"wspieraj dzieci\u0144stwo\" href='https:\/\/www.sosw.elblag.com.pl\/wp-content\/uploads\/2025\/10\/dbp-some-1080x1080-wspieraj-dziecinstwo.png'><img loading=\"lazy\" decoding=\"async\" width=\"300\" height=\"300\" src=\"https:\/\/www.sosw.elblag.com.pl\/wp-content\/uploads\/2025\/10\/dbp-some-1080x1080-wspieraj-dziecinstwo-300x300.png\" class=\"attachment-medium size-medium\" alt=\"\" srcset=\"https:\/\/www.sosw.elblag.com.pl\/wp-content\/uploads\/2025\/10\/dbp-some-1080x1080-wspieraj-dziecinstwo-300x300.png 300w, https:\/\/www.sosw.elblag.com.pl\/wp-content\/uploads\/2025\/10\/dbp-some-1080x1080-wspieraj-dziecinstwo-1024x1024.png 1024w, https:\/\/www.sosw.elblag.com.pl\/wp-content\/uploads\/2025\/10\/dbp-some-1080x1080-wspieraj-dziecinstwo-200x200.png 200w, https:\/\/www.sosw.elblag.com.pl\/wp-content\/uploads\/2025\/10\/dbp-some-1080x1080-wspieraj-dziecinstwo-768x768.png 768w, https:\/\/www.sosw.elblag.com.pl\/wp-content\/uploads\/2025\/10\/dbp-some-1080x1080-wspieraj-dziecinstwo.png 1080w\" sizes=\"auto, (max-width: 300px) 100vw, 300px\" \/><\/a>\n\t\t\t<\/dt><\/dl>\n\t\t\t<br style='clear: both' \/>\n\t\t<\/div>\n\n<p>&nbsp;<\/p>\n<hr \/>\n<h4 style=\"text-align: center;\">Grupa Wsparcia &#8211; og\u0142oszenie<\/h4>\n<a href=\"https:\/\/www.sosw.elblag.com.pl\/wp-content\/uploads\/2025\/10\/Grupa-Wsparcia-ogloszenie.pdf\" class=\"pdfemb-viewer\" style=\"\" data-width=\"max\" data-height=\"max\" data-toolbar=\"bottom\" data-toolbar-fixed=\"off\">Grupa Wsparcia - og\u0142oszenie<\/a>\n<hr \/>\n<p style=\"text-align: justify;\"><strong>ROLA RODZINY I OS\u00d3B BLISKICH W PROMOCJI ZDROWIA PSYCHICZNEGO I W ZAPOBIEGANIU ZACHOWANIOM AUTODESTRUKTYWNYM U M\u0141ODZIE\u017bY &#8211; poradnik dla rodzic\u00f3w<\/strong><\/p>\n<a href=\"https:\/\/www.sosw.elblag.com.pl\/wp-content\/uploads\/2025\/09\/Poradnik_dla_rodzicow.pdf\" class=\"pdfemb-viewer\" style=\"\" data-width=\"max\" data-height=\"max\" data-toolbar=\"bottom\" data-toolbar-fixed=\"off\">Poradnik_dla_rodzic\u00f3w<\/a>\n<hr \/>\n<p><strong>ZAPOBIEGANIE <\/strong><strong>SAMOB\u00d3JSTWOM <\/strong><strong>DZIECI I M\u0141ODZIE\u017bY &#8211; <\/strong><strong>Poradnik dla pracownik\u00f3w <\/strong><strong>szk\u00f3\u0142 i plac\u00f3wek o\u015bwiatowych oraz rodzic\u00f3w<\/strong><\/p>\n<a href=\"https:\/\/www.sosw.elblag.com.pl\/wp-content\/uploads\/2025\/09\/poradnikdlaszkoliplacowekoswiatowychirodzicow.pdf\" class=\"pdfemb-viewer\" style=\"\" data-width=\"max\" data-height=\"max\" data-toolbar=\"bottom\" data-toolbar-fixed=\"off\">poradnikdlaszkoliplacowekoswiatowychirodzicow<\/a>\n<hr \/>\n<p><strong>JAK \u0106MA \u2013 PRZEJAWY DEPRESJI W R\u00d3\u017bNYCH OKRESACH \u017bYCIA &#8211; Poradnik<\/strong><\/p>\n<a href=\"https:\/\/www.sosw.elblag.com.pl\/wp-content\/uploads\/2025\/09\/poradnik-przejawy-depresji-w-roznych-okresach-zycia.pdf\" class=\"pdfemb-viewer\" style=\"\" data-width=\"max\" data-height=\"max\" data-toolbar=\"bottom\" data-toolbar-fixed=\"off\">poradnik-przejawy-depresji-w-roznych-okresach-zycia<\/a>\n","protected":false},"excerpt":{"rendered":"<p>Podejmowane dzia\u0142ania Jak rozmawia\u0107 z osob\u0105 w depresji? SPOT MOBILIZACYJNY DOBRE DZIECI\u0143STWO &nbsp; Grupa Wsparcia &#8211; og\u0142oszenie ROLA RODZINY I OS\u00d3B BLISKICH <a class=\"more-link\" href=\"https:\/\/www.sosw.elblag.com.pl\/index.php\/organizacje-w-osrdoku\/pomoc-psychologiczno-pedagogiczna\/\">Czytaj dalej&#8230;<\/a><\/p>\n","protected":false},"author":1,"featured_media":0,"parent":11,"menu_order":1,"comment_status":"closed","ping_status":"closed","template":"","meta":{"footnotes":""},"class_list":["post-60826","page","type-page","status-publish","hentry"],"_links":{"self":[{"href":"https:\/\/www.sosw.elblag.com.pl\/index.php\/wp-json\/wp\/v2\/pages\/60826","targetHints":{"allow":["GET"]}}],"collection":[{"href":"https:\/\/www.sosw.elblag.com.pl\/index.php\/wp-json\/wp\/v2\/pages"}],"about":[{"href":"https:\/\/www.sosw.elblag.com.pl\/index.php\/wp-json\/wp\/v2\/types\/page"}],"author":[{"embeddable":true,"href":"https:\/\/www.sosw.elblag.com.pl\/index.php\/wp-json\/wp\/v2\/users\/1"}],"replies":[{"embeddable":true,"href":"https:\/\/www.sosw.elblag.com.pl\/index.php\/wp-json\/wp\/v2\/comments?post=60826"}],"version-history":[{"count":13,"href":"https:\/\/www.sosw.elblag.com.pl\/index.php\/wp-json\/wp\/v2\/pages\/60826\/revisions"}],"predecessor-version":[{"id":64543,"href":"https:\/\/www.sosw.elblag.com.pl\/index.php\/wp-json\/wp\/v2\/pages\/60826\/revisions\/64543"}],"up":[{"embeddable":true,"href":"https:\/\/www.sosw.elblag.com.pl\/index.php\/wp-json\/wp\/v2\/pages\/11"}],"wp:attachment":[{"href":"https:\/\/www.sosw.elblag.com.pl\/index.php\/wp-json\/wp\/v2\/media?parent=60826"}],"curies":[{"name":"wp","href":"https:\/\/api.w.org\/{rel}","templated":true}]}}