{"id":49549,"date":"2024-01-14T04:35:58","date_gmt":"2024-01-14T03:35:58","guid":{"rendered":"http:\/\/www.sosw.elblag.com.pl\/?page_id=49549"},"modified":"2024-01-14T04:35:58","modified_gmt":"2024-01-14T03:35:58","slug":"szkolna-kampania-walki-z-wulgaryzmami","status":"publish","type":"page","link":"https:\/\/www.sosw.elblag.com.pl\/index.php\/organizacje-w-osrdoku\/projekty-unijne\/szkolna-kampania-walki-z-wulgaryzmami\/","title":{"rendered":",,Szkolna kampania walki z wulgaryzmami\u201d"},"content":{"rendered":"<p>Program ma na celu przeciwdzia\u0142anie zachowaniom niepo\u017c\u0105danym i przejawom\u00a0 niedostosowania spo\u0142ecznego. Do realizacji tego celu maj\u0105 s\u0142u\u017cy\u0107 dzia\u0142ania takie jak:<\/p>\n<ul>\n<li>przeciwdzia\u0142anie za\u015bmiecaniu j\u0119zyka ojczystego niew\u0142a\u015bciwym s\u0142ownictwem,<\/li>\n<li>zmniejszenie \/ eliminowanie z mowy uczni\u00f3w na terenie szko\u0142y wyraz\u00f3w powszechnie uznawanych za wulgarne,<\/li>\n<li>u\u015bwiadamianie uczniom konsekwencji stosowania przekle\u0144stw w miejscach publicznych i odwo\u0142anie si\u0119 do przepis\u00f3w prawa,<\/li>\n<li>zaznajomienie uczni\u00f3w ze znaczeniem takich poj\u0119\u0107 jak: miejsce publiczne, osoba publiczna, urz\u0119dnik pa\u0144stwowy, demoralizacja,<\/li>\n<li>motywowanie uczni\u00f3w do zmiany postawy i zachowania kultury s\u0142owa,<\/li>\n<li>aktywizacja uczni\u00f3w w dzia\u0142ania na rzecz spo\u0142eczno\u015bci szkolnej,<\/li>\n<li>budowanie odpowiedzialno\u015bci za ochron\u0119 m\u0142odszych dzieci przed przejawami demoralizacji.<\/li>\n<\/ul>\n<p>Adresatem programu s\u0105 uczniowie Szko\u0142y Podstawowej oraz uczniowie Szko\u0142y Bran\u017cowej.<\/p>\n<p>Do najwa\u017cniejszych zada\u0144 w ramach realizacji programu nale\u017c\u0105:<\/p>\n<ul>\n<li>zaj\u0119cia profilaktyczne<\/li>\n<li>pogadanki z wykorzystaniem opracowanych materia\u0142\u00f3w edukacyjnych takich jak plakaty, karty pracy, prezentacje<\/li>\n<li>gazetki edukacyjne na tablicach na szkolnym korytarzu<\/li>\n<li>akcja informacyjno &#8211; propagandowa maj\u0105ca na celu u\u015bwiadamianie dzieci i m\u0142odzie\u017cy szkodliwo\u015bci takich zachowa\u0144 i postaw jak agresja s\u0142owna, wulgaryzmy w mowie potocznej, demoralizacja m\u0142odszych<\/li>\n<li>spotkanie z przedstawicielami Policji<\/li>\n<li>ewaluacja<\/li>\n<\/ul>\n<p>Elementem dominuj\u0105cym w realizacji programu s\u0105 liczne plakaty wykonane przez dzieci i m\u0142odzie\u017c oraz plakaty wykonane przez nauczycieli wyeksponowane\u00a0 mo\u017cliwie najwi\u0119kszej ilo\u015bci miejsc w szkole.<\/p>\n<p>Wszystkie realizowane zadania s\u0105 dokumentowane na stronie O\u015brodka.<\/p>\n","protected":false},"excerpt":{"rendered":"<p>Program ma na celu przeciwdzia\u0142anie zachowaniom niepo\u017c\u0105danym i przejawom\u00a0 niedostosowania spo\u0142ecznego. Do realizacji tego celu maj\u0105 s\u0142u\u017cy\u0107 dzia\u0142ania takie jak: przeciwdzia\u0142anie za\u015bmiecaniu <a class=\"more-link\" href=\"https:\/\/www.sosw.elblag.com.pl\/index.php\/organizacje-w-osrdoku\/projekty-unijne\/szkolna-kampania-walki-z-wulgaryzmami\/\">Czytaj dalej&#8230;<\/a><\/p>\n","protected":false},"author":1,"featured_media":0,"parent":8375,"menu_order":4,"comment_status":"closed","ping_status":"closed","template":"","meta":{"footnotes":""},"class_list":["post-49549","page","type-page","status-publish","hentry"],"_links":{"self":[{"href":"https:\/\/www.sosw.elblag.com.pl\/index.php\/wp-json\/wp\/v2\/pages\/49549","targetHints":{"allow":["GET"]}}],"collection":[{"href":"https:\/\/www.sosw.elblag.com.pl\/index.php\/wp-json\/wp\/v2\/pages"}],"about":[{"href":"https:\/\/www.sosw.elblag.com.pl\/index.php\/wp-json\/wp\/v2\/types\/page"}],"author":[{"embeddable":true,"href":"https:\/\/www.sosw.elblag.com.pl\/index.php\/wp-json\/wp\/v2\/users\/1"}],"replies":[{"embeddable":true,"href":"https:\/\/www.sosw.elblag.com.pl\/index.php\/wp-json\/wp\/v2\/comments?post=49549"}],"version-history":[{"count":1,"href":"https:\/\/www.sosw.elblag.com.pl\/index.php\/wp-json\/wp\/v2\/pages\/49549\/revisions"}],"predecessor-version":[{"id":49550,"href":"https:\/\/www.sosw.elblag.com.pl\/index.php\/wp-json\/wp\/v2\/pages\/49549\/revisions\/49550"}],"up":[{"embeddable":true,"href":"https:\/\/www.sosw.elblag.com.pl\/index.php\/wp-json\/wp\/v2\/pages\/8375"}],"wp:attachment":[{"href":"https:\/\/www.sosw.elblag.com.pl\/index.php\/wp-json\/wp\/v2\/media?parent=49549"}],"curies":[{"name":"wp","href":"https:\/\/api.w.org\/{rel}","templated":true}]}}