{"id":49409,"date":"2024-01-08T11:19:44","date_gmt":"2024-01-08T10:19:44","guid":{"rendered":"http:\/\/www.sosw.elblag.com.pl\/?page_id=49409"},"modified":"2024-01-08T11:19:44","modified_gmt":"2024-01-08T10:19:44","slug":"po-sznurku-do-klebka","status":"publish","type":"page","link":"https:\/\/www.sosw.elblag.com.pl\/index.php\/organizacje-w-osrdoku\/innowacje-pedagogiczne\/po-sznurku-do-klebka\/","title":{"rendered":"\u201ePo sznurku do k\u0142\u0119bka\u201d"},"content":{"rendered":"<p style=\"text-align: justify;\">W roku szkolnym 2023\/2024 realizowana jest innowacja pedagogiczna \u201ePo sznurku do k\u0142\u0119bka\u201d. Innowacj\u0105 obj\u0119ci s\u0105 uczniowie wybranych klas przysposabiaj\u0105cych do pracy oraz ch\u0119tni uczniowie klas szko\u0142y podstawowej.<\/p>\n<p style=\"text-align: justify;\">Innowacja \u201ePo sznurku do k\u0142\u0119bka\u201d stwarza uczniom okazj\u0119 do poznania technik sztuki r\u0119kodzielniczej, takich, jak makrama, punch needle, latch hook, tkanie gobelinu.\u00a0 Zaanga\u017cowanie uczni\u00f3w w dzia\u0142alno\u015b\u0107 r\u0119kodzielnicz\u0105 sprzyja rozwijaniu koncentracji uwagi, wyciszeniu oraz wzbudzaniu pozytywnych emocji oraz satysfakcji. W zakresie specyfiki metodycznej innowacja obejmuje wprowadzenie mniej znanych uczniom technik pracy, co wi\u0105\u017ce si\u0119 z poszerzeniem oferty edukacyjnej o\u015brodka. Realizacja innowacji stwarza r\u00f3wnie\u017c szans\u0119 na ekspresj\u0119 tw\u00f3rcz\u0105 i rozwijanie motoryki ma\u0142ej uczni\u00f3w. Innowacja jest kontynuacj\u0105 dzia\u0142a\u0144 w ramach innowacji realizowanej w roku szkolnym 2022\/2023 i umo\u017cliwia utrwalenie nabytych umiej\u0119tno\u015bci w ramach poznanych technik, a tak\u017ce zapoznanie z nowymi technikami.<\/p>\n<p style=\"text-align: justify;\">Celem innowacji jest wspomaganie wszechstronnego rozwoju uczni\u00f3w, rozwijanie wra\u017cliwo\u015bci estetycznej i zdolno\u015bci tw\u00f3rczych oraz budzenie zainteresowania technikami r\u0119kodzie\u0142a.<\/p>\n<p style=\"text-align: justify;\">Autorzy i realizatorzy innowacji:\u00a0 Urszula Rydel, Anna Wojtczak<\/p>\n<p style=\"text-align: justify;\">\u00a0\u00a0 Innowacja realizowana jest:<\/p>\n<p style=\"text-align: justify;\">&#8211;\u00a0 w ramach zaj\u0119\u0107 dekoratorstwa w wybranych \u00a0klasach PdP<\/p>\n<p style=\"text-align: justify;\">&#8211; \u00a0podczas aktywnych przerw \u015br\u00f3dlekcyjnych<\/p>\n<p style=\"text-align: justify;\">&#8211; \u00a0poprzez warsztaty szkoleniowe dla nauczycieli.<\/p>\n<p style=\"text-align: justify;\">Prace uczni\u00f3w wykonane w ramach realizacji innowacji prezentowane s\u0105 na wystawach szkolnych, kiermaszach \u015bwi\u0105tecznych oraz na stronie internetowej o\u015brodka.<\/p>\n","protected":false},"excerpt":{"rendered":"<p>W roku szkolnym 2023\/2024 realizowana jest innowacja pedagogiczna \u201ePo sznurku do k\u0142\u0119bka\u201d. Innowacj\u0105 obj\u0119ci s\u0105 uczniowie wybranych klas przysposabiaj\u0105cych do pracy oraz <a class=\"more-link\" href=\"https:\/\/www.sosw.elblag.com.pl\/index.php\/organizacje-w-osrdoku\/innowacje-pedagogiczne\/po-sznurku-do-klebka\/\">Czytaj dalej&#8230;<\/a><\/p>\n","protected":false},"author":1,"featured_media":0,"parent":18947,"menu_order":3,"comment_status":"closed","ping_status":"closed","template":"","meta":{"footnotes":""},"class_list":["post-49409","page","type-page","status-publish","hentry"],"_links":{"self":[{"href":"https:\/\/www.sosw.elblag.com.pl\/index.php\/wp-json\/wp\/v2\/pages\/49409","targetHints":{"allow":["GET"]}}],"collection":[{"href":"https:\/\/www.sosw.elblag.com.pl\/index.php\/wp-json\/wp\/v2\/pages"}],"about":[{"href":"https:\/\/www.sosw.elblag.com.pl\/index.php\/wp-json\/wp\/v2\/types\/page"}],"author":[{"embeddable":true,"href":"https:\/\/www.sosw.elblag.com.pl\/index.php\/wp-json\/wp\/v2\/users\/1"}],"replies":[{"embeddable":true,"href":"https:\/\/www.sosw.elblag.com.pl\/index.php\/wp-json\/wp\/v2\/comments?post=49409"}],"version-history":[{"count":1,"href":"https:\/\/www.sosw.elblag.com.pl\/index.php\/wp-json\/wp\/v2\/pages\/49409\/revisions"}],"predecessor-version":[{"id":49410,"href":"https:\/\/www.sosw.elblag.com.pl\/index.php\/wp-json\/wp\/v2\/pages\/49409\/revisions\/49410"}],"up":[{"embeddable":true,"href":"https:\/\/www.sosw.elblag.com.pl\/index.php\/wp-json\/wp\/v2\/pages\/18947"}],"wp:attachment":[{"href":"https:\/\/www.sosw.elblag.com.pl\/index.php\/wp-json\/wp\/v2\/media?parent=49409"}],"curies":[{"name":"wp","href":"https:\/\/api.w.org\/{rel}","templated":true}]}}