{"id":48534,"date":"2023-12-05T11:36:55","date_gmt":"2023-12-05T10:36:55","guid":{"rendered":"http:\/\/www.sosw.elblag.com.pl\/?page_id=48534"},"modified":"2023-12-06T07:28:39","modified_gmt":"2023-12-06T06:28:39","slug":"miedzynarodowy-projekt-edukacyjny-z-kultura-mi-do-twarzy","status":"publish","type":"page","link":"https:\/\/www.sosw.elblag.com.pl\/index.php\/organizacje-w-osrdoku\/projekty-unijne\/miedzynarodowy-projekt-edukacyjny-z-kultura-mi-do-twarzy\/","title":{"rendered":"MI\u0118DZYNARODOWY PROJEKT EDUKACYJNY \u201eZ KULTUR\u0104 MI DO TWARZY\u201d"},"content":{"rendered":"<p><img loading=\"lazy\" decoding=\"async\" class=\"alignnone size-full wp-image-40800\" src=\"https:\/\/www.sosw.elblag.com.pl\/wp-content\/uploads\/2022\/10\/logo-z-kultura-mi-do-twarzy.jpg\" alt=\"logo z kultura mi do twarzy\" width=\"175\" height=\"171\" \/><\/p>\n<p style=\"text-align: justify;\">W naszej szkole realizowany jest Mi\u0119dzynarodowy Projekt Edukacyjny \u201eZ kultur\u0105 mi do twarzy\u201d.\u00a0 Zagadnienie w ramach projektu koncentruj\u0105 si\u0119 wok\u00f3\u0142 czterech modu\u0142\u00f3w:<\/p>\n<p>MODU\u0141 I \u2013 \u201eW krainie muz&#8221;<\/p>\n<p>MODU\u0141 II \u2013 \u201eTu jest moje miejsce&#8221;<\/p>\n<p>MODU\u0141 III \u2013 \u201eKocham, lubi\u0119, szanuj\u0119&#8221;<\/p>\n<p>MODU\u0141 IV &#8211; \u00a0\u201eKultury \u015bwiata\u201d.<\/p>\n<p>&nbsp;<\/p>\n<ol>\n<li><strong> Zasady og\u00f3lne. <\/strong><\/li>\n<\/ol>\n<p>Projekt powsta\u0142 w oparciu o aktualn\u0105 Podstaw\u0119 Programow\u0105 oraz kierunki polityki o\u015bwiatowej pa\u0144stwa.<\/p>\n<ol start=\"2\">\n<li><strong> Cele projektu wynikaj\u0105ce z Podstawy Programowej <\/strong><\/li>\n<\/ol>\n<ul>\n<li>Wprowadzanie uczni\u00f3w w \u015bwiat warto\u015bci, w tym ofiarno\u015bci, wsp\u00f3\u0142pracy, solidarno\u015bci, altruizmu, patriotyzmu i szacunku dla tradycji, wskazywanie wzorc\u00f3w post\u0119powania i budowanie relacji spo\u0142ecznych, sprzyjaj\u0105cych bezpiecznemu rozwojowi ucznia.<\/li>\n<li>Wzmacnianie poczucia to\u017csamo\u015bci indywidualnej, kulturowej, narodowej, regionalnej.<\/li>\n<li>Formowanie u uczni\u00f3w poczucia godno\u015bci w\u0142asnej osoby i szacunku dla godno\u015bci innych os\u00f3b.<\/li>\n<li>Ukierunkowanie ucznia ku warto\u015bciom.<\/li>\n<\/ul>\n<p><strong>Cele szczeg\u00f3\u0142owe: <\/strong><\/p>\n<ul>\n<li>Promowanie kultury wysokiej, wra\u017cliwo\u015bci na pi\u0119kno.<\/li>\n<li>Rozwijanie poczucia estetyki poprzez kontakt ze sztuk\u0105.<\/li>\n<li>Wsp\u00f3\u0142praca z plac\u00f3wkami kulturalnymi i \u015brodowiskiem lokalnym.<\/li>\n<li>Wychowanie w duchu warto\u015bci, takich jak: dobro, pi\u0119kno, altruizm, patriotyzm.<\/li>\n<li>Kszta\u0142towanie empatii i szacunku wobec os\u00f3b starszych i niepe\u0142nosprawnych.<\/li>\n<li>Kszta\u0142towanie poczucia przynale\u017cno\u015bci do kraju, regionu, zapoznanie z ich tradycjami i histori\u0105 w spos\u00f3b dost\u0119pny dziecku.<\/li>\n<li>Zapoznanie z normami i zasadami \u017cycia spo\u0142ecznego oraz ich przestrzeganie.<\/li>\n<\/ul>\n<ol start=\"3\">\n<li><strong> Spos\u00f3b realizacji: <\/strong><\/li>\n<\/ol>\n<p>Dzia\u0142ania realizowane w ramach projektu dokumentowane s\u0105 na bie\u017c\u0105co na stronie szko\u0142y.<\/p>\n\n\t\t<style type=\"text\/css\">\n\t\t\t#gallery-1 {\n\t\t\t\tmargin: auto;\n\t\t\t}\n\t\t\t#gallery-1 .gallery-item {\n\t\t\t\tfloat: left;\n\t\t\t\tmargin-top: 10px;\n\t\t\t\ttext-align: center;\n\t\t\t\twidth: 33%;\n\t\t\t}\n\t\t\t#gallery-1 img {\n\t\t\t\tborder: 2px solid #cfcfcf;\n\t\t\t}\n\t\t\t#gallery-1 .gallery-caption {\n\t\t\t\tmargin-left: 0;\n\t\t\t}\n\t\t\t\/* see gallery_shortcode() in wp-includes\/media.php *\/\n\t\t<\/style>\n\t\t<div id='gallery-1' class='gallery galleryid-48534 gallery-columns-3 gallery-size-thumbnail'><dl class='gallery-item'>\n\t\t\t<dt class='gallery-icon landscape'>\n\t\t\t\t<a title=\"Z kultur\u0105 mi do twarzy (1)\" href='https:\/\/www.sosw.elblag.com.pl\/wp-content\/uploads\/2023\/12\/Z-kultura-mi-do-twarzy-1.jpg'><img loading=\"lazy\" decoding=\"async\" width=\"200\" height=\"200\" src=\"https:\/\/www.sosw.elblag.com.pl\/wp-content\/uploads\/2023\/12\/Z-kultura-mi-do-twarzy-1-200x200.jpg\" class=\"attachment-thumbnail size-thumbnail\" alt=\"\" \/><\/a>\n\t\t\t<\/dt><\/dl><dl class='gallery-item'>\n\t\t\t<dt class='gallery-icon landscape'>\n\t\t\t\t<a title=\"Z kultur\u0105 mi do twarzy (2)\" href='https:\/\/www.sosw.elblag.com.pl\/wp-content\/uploads\/2023\/12\/Z-kultura-mi-do-twarzy-2.jpg'><img loading=\"lazy\" decoding=\"async\" width=\"200\" height=\"200\" src=\"https:\/\/www.sosw.elblag.com.pl\/wp-content\/uploads\/2023\/12\/Z-kultura-mi-do-twarzy-2-200x200.jpg\" class=\"attachment-thumbnail size-thumbnail\" alt=\"\" \/><\/a>\n\t\t\t<\/dt><\/dl><dl class='gallery-item'>\n\t\t\t<dt class='gallery-icon landscape'>\n\t\t\t\t<a title=\"Z kultur\u0105 mi do twarzy (3)\" href='https:\/\/www.sosw.elblag.com.pl\/wp-content\/uploads\/2023\/12\/Z-kultura-mi-do-twarzy-3.jpg'><img loading=\"lazy\" decoding=\"async\" width=\"200\" height=\"200\" src=\"https:\/\/www.sosw.elblag.com.pl\/wp-content\/uploads\/2023\/12\/Z-kultura-mi-do-twarzy-3-200x200.jpg\" class=\"attachment-thumbnail size-thumbnail\" alt=\"\" \/><\/a>\n\t\t\t<\/dt><\/dl><br style=\"clear: both\" \/><dl class='gallery-item'>\n\t\t\t<dt class='gallery-icon portrait'>\n\t\t\t\t<a title=\"Z kultur\u0105 mi do twarzy (4)\" href='https:\/\/www.sosw.elblag.com.pl\/wp-content\/uploads\/2023\/12\/Z-kultura-mi-do-twarzy-4.jpg'><img loading=\"lazy\" decoding=\"async\" width=\"200\" height=\"200\" src=\"https:\/\/www.sosw.elblag.com.pl\/wp-content\/uploads\/2023\/12\/Z-kultura-mi-do-twarzy-4-200x200.jpg\" class=\"attachment-thumbnail size-thumbnail\" alt=\"\" \/><\/a>\n\t\t\t<\/dt><\/dl><dl class='gallery-item'>\n\t\t\t<dt class='gallery-icon portrait'>\n\t\t\t\t<a title=\"Z kultur\u0105 mi do twarzy (5)\" href='https:\/\/www.sosw.elblag.com.pl\/wp-content\/uploads\/2023\/12\/Z-kultura-mi-do-twarzy-5.jpg'><img loading=\"lazy\" decoding=\"async\" width=\"200\" height=\"200\" src=\"https:\/\/www.sosw.elblag.com.pl\/wp-content\/uploads\/2023\/12\/Z-kultura-mi-do-twarzy-5-200x200.jpg\" class=\"attachment-thumbnail size-thumbnail\" alt=\"\" \/><\/a>\n\t\t\t<\/dt><\/dl><dl class='gallery-item'>\n\t\t\t<dt class='gallery-icon landscape'>\n\t\t\t\t<a title=\"Z kultur\u0105 mi do twarzy (6)\" href='https:\/\/www.sosw.elblag.com.pl\/wp-content\/uploads\/2023\/12\/Z-kultura-mi-do-twarzy-6.jpg'><img loading=\"lazy\" decoding=\"async\" width=\"200\" height=\"200\" src=\"https:\/\/www.sosw.elblag.com.pl\/wp-content\/uploads\/2023\/12\/Z-kultura-mi-do-twarzy-6-200x200.jpg\" class=\"attachment-thumbnail size-thumbnail\" alt=\"\" \/><\/a>\n\t\t\t<\/dt><\/dl><br style=\"clear: both\" \/><dl class='gallery-item'>\n\t\t\t<dt class='gallery-icon landscape'>\n\t\t\t\t<a title=\"Z kultur\u0105 mi do twarzy (7)\" href='https:\/\/www.sosw.elblag.com.pl\/wp-content\/uploads\/2023\/12\/Z-kultura-mi-do-twarzy-7.jpg'><img loading=\"lazy\" decoding=\"async\" width=\"200\" height=\"200\" src=\"https:\/\/www.sosw.elblag.com.pl\/wp-content\/uploads\/2023\/12\/Z-kultura-mi-do-twarzy-7-200x200.jpg\" class=\"attachment-thumbnail size-thumbnail\" alt=\"\" \/><\/a>\n\t\t\t<\/dt><\/dl><dl class='gallery-item'>\n\t\t\t<dt class='gallery-icon portrait'>\n\t\t\t\t<a title=\"Z kultur\u0105 mi do twarzy (8)\" href='https:\/\/www.sosw.elblag.com.pl\/wp-content\/uploads\/2023\/12\/Z-kultura-mi-do-twarzy-8.jpg'><img loading=\"lazy\" decoding=\"async\" width=\"200\" height=\"200\" src=\"https:\/\/www.sosw.elblag.com.pl\/wp-content\/uploads\/2023\/12\/Z-kultura-mi-do-twarzy-8-200x200.jpg\" class=\"attachment-thumbnail size-thumbnail\" alt=\"\" \/><\/a>\n\t\t\t<\/dt><\/dl><dl class='gallery-item'>\n\t\t\t<dt class='gallery-icon landscape'>\n\t\t\t\t<a title=\"Z kultur\u0105 mi do twarzy (9)\" href='https:\/\/www.sosw.elblag.com.pl\/wp-content\/uploads\/2023\/12\/Z-kultura-mi-do-twarzy-9.jpg'><img loading=\"lazy\" decoding=\"async\" width=\"200\" height=\"200\" src=\"https:\/\/www.sosw.elblag.com.pl\/wp-content\/uploads\/2023\/12\/Z-kultura-mi-do-twarzy-9-200x200.jpg\" class=\"attachment-thumbnail size-thumbnail\" alt=\"\" \/><\/a>\n\t\t\t<\/dt><\/dl><br style=\"clear: both\" \/><dl class='gallery-item'>\n\t\t\t<dt class='gallery-icon portrait'>\n\t\t\t\t<a title=\"Z kultur\u0105 mi do twarzy (10)\" href='https:\/\/www.sosw.elblag.com.pl\/wp-content\/uploads\/2023\/12\/Z-kultura-mi-do-twarzy-10.jpg'><img loading=\"lazy\" decoding=\"async\" width=\"200\" height=\"200\" src=\"https:\/\/www.sosw.elblag.com.pl\/wp-content\/uploads\/2023\/12\/Z-kultura-mi-do-twarzy-10-200x200.jpg\" class=\"attachment-thumbnail size-thumbnail\" alt=\"\" \/><\/a>\n\t\t\t<\/dt><\/dl><dl class='gallery-item'>\n\t\t\t<dt class='gallery-icon portrait'>\n\t\t\t\t<a title=\"Z kultur\u0105 mi do twarzy (11)\" href='https:\/\/www.sosw.elblag.com.pl\/wp-content\/uploads\/2023\/12\/Z-kultura-mi-do-twarzy-11.jpg'><img loading=\"lazy\" decoding=\"async\" width=\"200\" height=\"200\" src=\"https:\/\/www.sosw.elblag.com.pl\/wp-content\/uploads\/2023\/12\/Z-kultura-mi-do-twarzy-11-200x200.jpg\" class=\"attachment-thumbnail size-thumbnail\" alt=\"\" \/><\/a>\n\t\t\t<\/dt><\/dl><dl class='gallery-item'>\n\t\t\t<dt class='gallery-icon landscape'>\n\t\t\t\t<a title=\"Z kultur\u0105 mi do twarzy (12)\" href='https:\/\/www.sosw.elblag.com.pl\/wp-content\/uploads\/2023\/12\/Z-kultura-mi-do-twarzy-12-scaled.jpg'><img loading=\"lazy\" decoding=\"async\" width=\"200\" height=\"200\" src=\"https:\/\/www.sosw.elblag.com.pl\/wp-content\/uploads\/2023\/12\/Z-kultura-mi-do-twarzy-12-200x200.jpg\" class=\"attachment-thumbnail size-thumbnail\" alt=\"\" \/><\/a>\n\t\t\t<\/dt><\/dl><br style=\"clear: both\" \/><dl class='gallery-item'>\n\t\t\t<dt class='gallery-icon portrait'>\n\t\t\t\t<a title=\"Z kultur\u0105 mi do twarzy (13)\" href='https:\/\/www.sosw.elblag.com.pl\/wp-content\/uploads\/2023\/12\/Z-kultura-mi-do-twarzy-13.jpg'><img loading=\"lazy\" decoding=\"async\" width=\"200\" height=\"200\" src=\"https:\/\/www.sosw.elblag.com.pl\/wp-content\/uploads\/2023\/12\/Z-kultura-mi-do-twarzy-13-200x200.jpg\" class=\"attachment-thumbnail size-thumbnail\" alt=\"\" \/><\/a>\n\t\t\t<\/dt><\/dl><dl class='gallery-item'>\n\t\t\t<dt class='gallery-icon portrait'>\n\t\t\t\t<a title=\"Z kultur\u0105 mi do twarzy (14)\" href='https:\/\/www.sosw.elblag.com.pl\/wp-content\/uploads\/2023\/12\/Z-kultura-mi-do-twarzy-14.jpg'><img loading=\"lazy\" decoding=\"async\" width=\"200\" height=\"200\" src=\"https:\/\/www.sosw.elblag.com.pl\/wp-content\/uploads\/2023\/12\/Z-kultura-mi-do-twarzy-14-200x200.jpg\" class=\"attachment-thumbnail size-thumbnail\" alt=\"\" \/><\/a>\n\t\t\t<\/dt><\/dl><dl class='gallery-item'>\n\t\t\t<dt class='gallery-icon landscape'>\n\t\t\t\t<a title=\"Z kultur\u0105 mi do twarzy (15)\" href='https:\/\/www.sosw.elblag.com.pl\/wp-content\/uploads\/2023\/12\/Z-kultura-mi-do-twarzy-15-scaled.jpg'><img loading=\"lazy\" decoding=\"async\" width=\"200\" height=\"200\" src=\"https:\/\/www.sosw.elblag.com.pl\/wp-content\/uploads\/2023\/12\/Z-kultura-mi-do-twarzy-15-200x200.jpg\" class=\"attachment-thumbnail size-thumbnail\" alt=\"\" \/><\/a>\n\t\t\t<\/dt><\/dl><br style=\"clear: both\" \/><dl class='gallery-item'>\n\t\t\t<dt class='gallery-icon portrait'>\n\t\t\t\t<a title=\"Z kultur\u0105 mi do twarzy (16)\" href='https:\/\/www.sosw.elblag.com.pl\/wp-content\/uploads\/2023\/12\/Z-kultura-mi-do-twarzy-16-scaled.jpg'><img loading=\"lazy\" decoding=\"async\" width=\"200\" height=\"200\" src=\"https:\/\/www.sosw.elblag.com.pl\/wp-content\/uploads\/2023\/12\/Z-kultura-mi-do-twarzy-16-200x200.jpg\" class=\"attachment-thumbnail size-thumbnail\" alt=\"\" \/><\/a>\n\t\t\t<\/dt><\/dl><dl class='gallery-item'>\n\t\t\t<dt class='gallery-icon portrait'>\n\t\t\t\t<a title=\"Z kultur\u0105 mi do twarzy (17)\" href='https:\/\/www.sosw.elblag.com.pl\/wp-content\/uploads\/2023\/12\/Z-kultura-mi-do-twarzy-17.jpg'><img loading=\"lazy\" decoding=\"async\" width=\"200\" height=\"200\" src=\"https:\/\/www.sosw.elblag.com.pl\/wp-content\/uploads\/2023\/12\/Z-kultura-mi-do-twarzy-17-200x200.jpg\" class=\"attachment-thumbnail size-thumbnail\" alt=\"\" \/><\/a>\n\t\t\t<\/dt><\/dl><dl class='gallery-item'>\n\t\t\t<dt class='gallery-icon landscape'>\n\t\t\t\t<a title=\"Z kultur\u0105 mi do twarzy (18)\" href='https:\/\/www.sosw.elblag.com.pl\/wp-content\/uploads\/2023\/12\/Z-kultura-mi-do-twarzy-18-scaled.jpg'><img loading=\"lazy\" decoding=\"async\" width=\"200\" height=\"200\" src=\"https:\/\/www.sosw.elblag.com.pl\/wp-content\/uploads\/2023\/12\/Z-kultura-mi-do-twarzy-18-200x200.jpg\" class=\"attachment-thumbnail size-thumbnail\" alt=\"\" \/><\/a>\n\t\t\t<\/dt><\/dl><br style=\"clear: both\" \/><dl class='gallery-item'>\n\t\t\t<dt class='gallery-icon portrait'>\n\t\t\t\t<a title=\"Z kultur\u0105 mi do twarzy (19)\" href='https:\/\/www.sosw.elblag.com.pl\/wp-content\/uploads\/2023\/12\/Z-kultura-mi-do-twarzy-19.jpg'><img loading=\"lazy\" decoding=\"async\" width=\"200\" height=\"200\" src=\"https:\/\/www.sosw.elblag.com.pl\/wp-content\/uploads\/2023\/12\/Z-kultura-mi-do-twarzy-19-200x200.jpg\" class=\"attachment-thumbnail size-thumbnail\" alt=\"\" \/><\/a>\n\t\t\t<\/dt><\/dl><dl class='gallery-item'>\n\t\t\t<dt class='gallery-icon portrait'>\n\t\t\t\t<a title=\"Z kultur\u0105 mi do twarzy (20)\" href='https:\/\/www.sosw.elblag.com.pl\/wp-content\/uploads\/2023\/12\/Z-kultura-mi-do-twarzy-20.jpg'><img loading=\"lazy\" decoding=\"async\" width=\"200\" height=\"200\" src=\"https:\/\/www.sosw.elblag.com.pl\/wp-content\/uploads\/2023\/12\/Z-kultura-mi-do-twarzy-20-200x200.jpg\" class=\"attachment-thumbnail size-thumbnail\" alt=\"\" \/><\/a>\n\t\t\t<\/dt><\/dl><dl class='gallery-item'>\n\t\t\t<dt class='gallery-icon portrait'>\n\t\t\t\t<a title=\"Z kultur\u0105 mi do twarzy (21)\" href='https:\/\/www.sosw.elblag.com.pl\/wp-content\/uploads\/2023\/12\/Z-kultura-mi-do-twarzy-21.jpg'><img loading=\"lazy\" decoding=\"async\" width=\"200\" height=\"200\" src=\"https:\/\/www.sosw.elblag.com.pl\/wp-content\/uploads\/2023\/12\/Z-kultura-mi-do-twarzy-21-200x200.jpg\" class=\"attachment-thumbnail size-thumbnail\" alt=\"\" \/><\/a>\n\t\t\t<\/dt><\/dl><br style=\"clear: both\" \/><dl class='gallery-item'>\n\t\t\t<dt class='gallery-icon landscape'>\n\t\t\t\t<a title=\"Z kultur\u0105 mi do twarzy (22)\" href='https:\/\/www.sosw.elblag.com.pl\/wp-content\/uploads\/2023\/12\/Z-kultura-mi-do-twarzy-22.jpg'><img loading=\"lazy\" decoding=\"async\" width=\"200\" height=\"200\" src=\"https:\/\/www.sosw.elblag.com.pl\/wp-content\/uploads\/2023\/12\/Z-kultura-mi-do-twarzy-22-200x200.jpg\" class=\"attachment-thumbnail size-thumbnail\" alt=\"\" \/><\/a>\n\t\t\t<\/dt><\/dl><dl class='gallery-item'>\n\t\t\t<dt class='gallery-icon landscape'>\n\t\t\t\t<a title=\"Z kultur\u0105 mi do twarzy (23)\" href='https:\/\/www.sosw.elblag.com.pl\/wp-content\/uploads\/2023\/12\/Z-kultura-mi-do-twarzy-23.jpg'><img loading=\"lazy\" decoding=\"async\" width=\"200\" height=\"200\" src=\"https:\/\/www.sosw.elblag.com.pl\/wp-content\/uploads\/2023\/12\/Z-kultura-mi-do-twarzy-23-200x200.jpg\" class=\"attachment-thumbnail size-thumbnail\" alt=\"\" \/><\/a>\n\t\t\t<\/dt><\/dl><dl class='gallery-item'>\n\t\t\t<dt class='gallery-icon portrait'>\n\t\t\t\t<a title=\"Z kultur\u0105 mi do twarzy (24)\" href='https:\/\/www.sosw.elblag.com.pl\/wp-content\/uploads\/2023\/12\/Z-kultura-mi-do-twarzy-24.jpg'><img loading=\"lazy\" decoding=\"async\" width=\"200\" height=\"200\" src=\"https:\/\/www.sosw.elblag.com.pl\/wp-content\/uploads\/2023\/12\/Z-kultura-mi-do-twarzy-24-200x200.jpg\" class=\"attachment-thumbnail size-thumbnail\" alt=\"\" \/><\/a>\n\t\t\t<\/dt><\/dl><br style=\"clear: both\" \/><dl class='gallery-item'>\n\t\t\t<dt class='gallery-icon landscape'>\n\t\t\t\t<a title=\"Z kultur\u0105 mi do twarzy (25)\" href='https:\/\/www.sosw.elblag.com.pl\/wp-content\/uploads\/2023\/12\/Z-kultura-mi-do-twarzy-25.jpg'><img loading=\"lazy\" decoding=\"async\" width=\"200\" height=\"200\" src=\"https:\/\/www.sosw.elblag.com.pl\/wp-content\/uploads\/2023\/12\/Z-kultura-mi-do-twarzy-25-200x200.jpg\" class=\"attachment-thumbnail size-thumbnail\" alt=\"\" \/><\/a>\n\t\t\t<\/dt><\/dl>\n\t\t\t<br style='clear: both' \/>\n\t\t<\/div>\n\n<p>&nbsp;<\/p>\n","protected":false},"excerpt":{"rendered":"<p>W naszej szkole realizowany jest Mi\u0119dzynarodowy Projekt Edukacyjny \u201eZ kultur\u0105 mi do twarzy\u201d.\u00a0 Zagadnienie w ramach projektu koncentruj\u0105 si\u0119 wok\u00f3\u0142 czterech modu\u0142\u00f3w: <a class=\"more-link\" href=\"https:\/\/www.sosw.elblag.com.pl\/index.php\/organizacje-w-osrdoku\/projekty-unijne\/miedzynarodowy-projekt-edukacyjny-z-kultura-mi-do-twarzy\/\">Czytaj dalej&#8230;<\/a><\/p>\n","protected":false},"author":1,"featured_media":40800,"parent":8375,"menu_order":0,"comment_status":"closed","ping_status":"closed","template":"","meta":{"footnotes":""},"class_list":["post-48534","page","type-page","status-publish","has-post-thumbnail","hentry"],"_links":{"self":[{"href":"https:\/\/www.sosw.elblag.com.pl\/index.php\/wp-json\/wp\/v2\/pages\/48534","targetHints":{"allow":["GET"]}}],"collection":[{"href":"https:\/\/www.sosw.elblag.com.pl\/index.php\/wp-json\/wp\/v2\/pages"}],"about":[{"href":"https:\/\/www.sosw.elblag.com.pl\/index.php\/wp-json\/wp\/v2\/types\/page"}],"author":[{"embeddable":true,"href":"https:\/\/www.sosw.elblag.com.pl\/index.php\/wp-json\/wp\/v2\/users\/1"}],"replies":[{"embeddable":true,"href":"https:\/\/www.sosw.elblag.com.pl\/index.php\/wp-json\/wp\/v2\/comments?post=48534"}],"version-history":[{"count":3,"href":"https:\/\/www.sosw.elblag.com.pl\/index.php\/wp-json\/wp\/v2\/pages\/48534\/revisions"}],"predecessor-version":[{"id":48589,"href":"https:\/\/www.sosw.elblag.com.pl\/index.php\/wp-json\/wp\/v2\/pages\/48534\/revisions\/48589"}],"up":[{"embeddable":true,"href":"https:\/\/www.sosw.elblag.com.pl\/index.php\/wp-json\/wp\/v2\/pages\/8375"}],"wp:featuredmedia":[{"embeddable":true,"href":"https:\/\/www.sosw.elblag.com.pl\/index.php\/wp-json\/wp\/v2\/media\/40800"}],"wp:attachment":[{"href":"https:\/\/www.sosw.elblag.com.pl\/index.php\/wp-json\/wp\/v2\/media?parent=48534"}],"curies":[{"name":"wp","href":"https:\/\/api.w.org\/{rel}","templated":true}]}}