{"id":47870,"date":"2023-11-15T07:51:05","date_gmt":"2023-11-15T06:51:05","guid":{"rendered":"http:\/\/www.sosw.elblag.com.pl\/?page_id=47870"},"modified":"2024-03-12T08:10:15","modified_gmt":"2024-03-12T07:10:15","slug":"szkola-odpowiedzialna-cyfrowo","status":"publish","type":"page","link":"https:\/\/www.sosw.elblag.com.pl\/index.php\/organizacje-w-osrdoku\/projekty-unijne\/szkola-odpowiedzialna-cyfrowo\/","title":{"rendered":"SZKO\u0141A ODPOWIEDZIALNA CYFROWO"},"content":{"rendered":"<p><img loading=\"lazy\" decoding=\"async\" class=\"aligncenter size-full wp-image-47929\" src=\"https:\/\/www.sosw.elblag.com.pl\/wp-content\/uploads\/2023\/11\/szkola-odpowiedzialna-cyfrowo-2.png\" alt=\"szko\u0142a odpowiedzialna cyfrowo\" width=\"1859\" height=\"781\" srcset=\"https:\/\/www.sosw.elblag.com.pl\/wp-content\/uploads\/2023\/11\/szkola-odpowiedzialna-cyfrowo-2.png 1859w, https:\/\/www.sosw.elblag.com.pl\/wp-content\/uploads\/2023\/11\/szkola-odpowiedzialna-cyfrowo-2-300x126.png 300w, https:\/\/www.sosw.elblag.com.pl\/wp-content\/uploads\/2023\/11\/szkola-odpowiedzialna-cyfrowo-2-1024x430.png 1024w, https:\/\/www.sosw.elblag.com.pl\/wp-content\/uploads\/2023\/11\/szkola-odpowiedzialna-cyfrowo-2-768x323.png 768w, https:\/\/www.sosw.elblag.com.pl\/wp-content\/uploads\/2023\/11\/szkola-odpowiedzialna-cyfrowo-2-1536x645.png 1536w, https:\/\/www.sosw.elblag.com.pl\/wp-content\/uploads\/2023\/11\/szkola-odpowiedzialna-cyfrowo-2-1190x500.png 1190w\" sizes=\"auto, (max-width: 1859px) 100vw, 1859px\" \/><\/p>\n<hr \/>\n<p style=\"text-align: center;\"><a href=\"https:\/\/www.sosw.elblag.com.pl\/index.php\/category\/projekty\/szkola-odpowiedzialna-cyfrowo\/\">Dzia\u0142ania podejmowane w projekcie<\/a><\/p>\n<hr \/>\n<p style=\"text-align: justify;\">SOC to wsp\u00f3lnota uczni\u00f3w, rodzic\u00f3w i nauczycieli, dla kt\u00f3rych warto\u015bci\u0105 jest kszta\u0142towanie r\u00f3wnowagi mi\u0119dzy korzystaniem z nowych technologii i \u015bwiadomym tworzeniem realnych wi\u0119zi poza przestrzeni\u0105 Internetu.<\/p>\n<p style=\"text-align: justify;\">7 obszar\u00f3w Szko\u0142y Odpowiedzialnej Cyfrowo:<\/p>\n<ol style=\"text-align: justify;\">\n<li>Dost\u0119p do aktualnej i rzetelnej wiedzy o nowych technologiach i problemach wynikaj\u0105cych z ich nadu\u017cywania.<\/li>\n<li>Kreatywne i bezpieczne w\u0142\u0105czenie technologii informacyjno-komunikacyjnych w proces edukacji.<\/li>\n<li>Podejmowanie dzia\u0142a\u0144 w zakresie profilaktyki e-uzale\u017cnie\u0144 oraz dzia\u0142a\u0144 edukacyjnych zmierzaj\u0105cych do redukcji szk\u00f3d wynikaj\u0105cych z korzystania z zasob\u00f3w sieci.<\/li>\n<li>Wsp\u00f3lne wypracowanie i wdra\u017canie zasad u\u017cywania zasob\u00f3w sieci na terenie szko\u0142y.<\/li>\n<li>Tworzenie kultury \u015bwiadomego bycia poza sieci\u0105.<\/li>\n<li>Nauka kompetencji przysz\u0142o\u015bci.<\/li>\n<li>Realizacja projekt\u00f3w odpowiedzialnych spo\u0142ecznie.<\/li>\n<\/ol>\n<p style=\"text-align: justify;\">Korzy\u015bci z do\u0142\u0105czenia do og\u00f3lnopolskiej sieci Szk\u00f3\u0142 Odpowiedzialnych Cyfrowo:<\/p>\n<ul style=\"text-align: justify;\">\n<li>dost\u0119p do innowacyjnego programu Szko\u0142y Odpowiedzialnej Cyfrowo i bie\u017c\u0105ce wsparcie w jego realizacji;<\/li>\n<li>bezp\u0142atny dost\u0119p do realizowanych diagnoz szkolnych oraz szeregu materia\u0142\u00f3w edukacyjnych<br \/>\nz zakresu e-uzale\u017cnie\u0144, higieny cyfrowej i wa\u017cno\u015bci relacji osobistych;<\/li>\n<li>mo\u017cliwo\u015b\u0107 udzia\u0142u w dedykowanych webinariach i konferencjach tematycznych realizowanych dla sieci Szk\u00f3\u0142 Odpowiedzialnych Cyfrowo;<\/li>\n<li>wsparcie w zakresie zarz\u0105dzania mediami cyfrowymi w spo\u0142eczno\u015bci szkolnej;<\/li>\n<li>dost\u0119p do og\u00f3lnopolskiej spo\u0142eczno\u015bci Szk\u00f3\u0142 Odpowiedzialnych Cyfrowo umo\u017cliwiaj\u0105cy wzajemn\u0105 wymian\u0119 do\u015bwiadcze\u0144;<\/li>\n<\/ul>\n<p style=\"text-align: justify;\">Projekt \u201cSzko\u0142a Odpowiedzialna Cyfrowo\u201d wpisuje si\u0119 w podstawowe kierunki realizacji polityki o\u015bwiatowej pa\u0144stwa okre\u015blone przez MEiN na rok szkolny 2023\/2024.<\/p>\n<p style=\"text-align: justify;\">Na stronie O\u015brodka na bie\u017c\u0105co b\u0119d\u0105 zamieszczane materia\u0142y profilaktyczne i edukacyjne dla ca\u0142ej spo\u0142eczno\u015bci szkolnej.<\/p>\n<p style=\"text-align: justify;\">Magdalena Macek, Bo\u017cena Kowalewska, Artur Baur<\/p>\n<hr \/>\n<p style=\"text-align: center;\"><strong>DEPRESJA &#8211; poradnik dla nastolatk\u00f3w<\/strong><\/p>\n<a href=\"https:\/\/www.sosw.elblag.com.pl\/wp-content\/uploads\/2023\/11\/Zrozumiec-depresje-Poradnik-dla-nastolatkow.pdf\" class=\"pdfemb-viewer\" style=\"\" data-width=\"max\" data-height=\"max\" data-toolbar=\"bottom\" data-toolbar-fixed=\"off\">Zrozumiec-depresje-Poradnik-dla-nastolatkow<\/a>\n<hr \/>\n<p style=\"text-align: center;\"><strong>DEPRESJA &#8211; poradnik dla rodzic\u00f3w i nauczycieli<\/strong><\/p>\n<a href=\"https:\/\/www.sosw.elblag.com.pl\/wp-content\/uploads\/2023\/11\/Depresja-to-choroba-a-nie-gorszy-dzien-stronami-1.pdf\" class=\"pdfemb-viewer\" style=\"\" data-width=\"max\" data-height=\"max\" data-toolbar=\"bottom\" data-toolbar-fixed=\"off\">Depresja-to-choroba-a-nie-gorszy-dzien-stronami-1<\/a>\n<hr \/>\n<p style=\"text-align: center;\"><strong>DOBRZE, \u017bE JESTE\u015a<\/strong><\/p>\n\n\t\t<style type=\"text\/css\">\n\t\t\t#gallery-1 {\n\t\t\t\tmargin: auto;\n\t\t\t}\n\t\t\t#gallery-1 .gallery-item {\n\t\t\t\tfloat: left;\n\t\t\t\tmargin-top: 10px;\n\t\t\t\ttext-align: center;\n\t\t\t\twidth: 50%;\n\t\t\t}\n\t\t\t#gallery-1 img {\n\t\t\t\tborder: 2px solid #cfcfcf;\n\t\t\t}\n\t\t\t#gallery-1 .gallery-caption {\n\t\t\t\tmargin-left: 0;\n\t\t\t}\n\t\t\t\/* see gallery_shortcode() in wp-includes\/media.php *\/\n\t\t<\/style>\n\t\t<div id='gallery-1' class='gallery galleryid-47870 gallery-columns-2 gallery-size-thumbnail'><dl class='gallery-item'>\n\t\t\t<dt class='gallery-icon landscape'>\n\t\t\t\t<a title=\"Dobrze, \u017ce jeste\u015b infografika1\" href='https:\/\/www.sosw.elblag.com.pl\/wp-content\/uploads\/2023\/11\/Dobrze-ze-jestes-infografika1.jpg'><img loading=\"lazy\" decoding=\"async\" width=\"200\" height=\"200\" src=\"https:\/\/www.sosw.elblag.com.pl\/wp-content\/uploads\/2023\/11\/Dobrze-ze-jestes-infografika1-200x200.jpg\" class=\"attachment-thumbnail size-thumbnail\" alt=\"\" \/><\/a>\n\t\t\t<\/dt><\/dl><dl class='gallery-item'>\n\t\t\t<dt class='gallery-icon landscape'>\n\t\t\t\t<a title=\"Dobrze, \u017ce jeste\u015b infografika2\" href='https:\/\/www.sosw.elblag.com.pl\/wp-content\/uploads\/2023\/11\/Dobrze-ze-jestes-infografika2.jpg'><img loading=\"lazy\" decoding=\"async\" width=\"200\" height=\"200\" src=\"https:\/\/www.sosw.elblag.com.pl\/wp-content\/uploads\/2023\/11\/Dobrze-ze-jestes-infografika2-200x200.jpg\" class=\"attachment-thumbnail size-thumbnail\" alt=\"\" \/><\/a>\n\t\t\t<\/dt><\/dl><br style=\"clear: both\" \/><dl class='gallery-item'>\n\t\t\t<dt class='gallery-icon landscape'>\n\t\t\t\t<a title=\"Dobrze, \u017ce jeste\u015b infografika3\" href='https:\/\/www.sosw.elblag.com.pl\/wp-content\/uploads\/2023\/11\/Dobrze-ze-jestes-infografika3.jpg'><img loading=\"lazy\" decoding=\"async\" width=\"200\" height=\"200\" src=\"https:\/\/www.sosw.elblag.com.pl\/wp-content\/uploads\/2023\/11\/Dobrze-ze-jestes-infografika3-200x200.jpg\" class=\"attachment-thumbnail size-thumbnail\" alt=\"\" \/><\/a>\n\t\t\t<\/dt><\/dl><dl class='gallery-item'>\n\t\t\t<dt class='gallery-icon landscape'>\n\t\t\t\t<a title=\"Dobrze, \u017ce jeste\u015b infografika4\" href='https:\/\/www.sosw.elblag.com.pl\/wp-content\/uploads\/2023\/11\/Dobrze-ze-jestes-infografika4.jpg'><img loading=\"lazy\" decoding=\"async\" width=\"200\" height=\"200\" src=\"https:\/\/www.sosw.elblag.com.pl\/wp-content\/uploads\/2023\/11\/Dobrze-ze-jestes-infografika4-200x200.jpg\" class=\"attachment-thumbnail size-thumbnail\" alt=\"\" \/><\/a>\n\t\t\t<\/dt><\/dl><br style=\"clear: both\" \/><dl class='gallery-item'>\n\t\t\t<dt class='gallery-icon landscape'>\n\t\t\t\t<a title=\"Dobrze, \u017ce jeste\u015b infografika5\" href='https:\/\/www.sosw.elblag.com.pl\/wp-content\/uploads\/2023\/11\/Dobrze-ze-jestes-infografika5.jpg'><img loading=\"lazy\" decoding=\"async\" width=\"200\" height=\"200\" src=\"https:\/\/www.sosw.elblag.com.pl\/wp-content\/uploads\/2023\/11\/Dobrze-ze-jestes-infografika5-200x200.jpg\" class=\"attachment-thumbnail size-thumbnail\" alt=\"\" \/><\/a>\n\t\t\t<\/dt><\/dl><dl class='gallery-item'>\n\t\t\t<dt class='gallery-icon landscape'>\n\t\t\t\t<a title=\"Dobrze, \u017ce jeste\u015b infografika6\" href='https:\/\/www.sosw.elblag.com.pl\/wp-content\/uploads\/2023\/11\/Dobrze-ze-jestes-infografika6.jpg'><img loading=\"lazy\" decoding=\"async\" width=\"200\" height=\"200\" src=\"https:\/\/www.sosw.elblag.com.pl\/wp-content\/uploads\/2023\/11\/Dobrze-ze-jestes-infografika6-200x200.jpg\" class=\"attachment-thumbnail size-thumbnail\" alt=\"\" \/><\/a>\n\t\t\t<\/dt><\/dl><br style=\"clear: both\" \/>\n\t\t<\/div>\n\n<hr \/>\n<p><b>FILMY<\/b><\/p>\n<ol>\n<li>ODCINEK 1: Tania dopamina:\u00a0<a href=\"https:\/\/campaign-statistics.com\/link_click\/OvqRRxYakS_LBH1K\/bab2b5139731a5d1946823596e48fdd1\" target=\"_blank\" rel=\"bab2b5139731a5d1946823596e48fdd1 noopener\" data-saferedirecturl=\"https:\/\/www.google.com\/url?q=https:\/\/campaign-statistics.com\/link_click\/OvqRRxYakS_LBH1K\/bab2b5139731a5d1946823596e48fdd1&amp;source=gmail&amp;ust=1710311172665000&amp;usg=AOvVaw2ouRCwTHsAYjbjXukl2m6C\">https:\/\/www.youtube.com\/watch?<wbr \/>v=C61bxm-8gR0&amp;t=2s<\/a><\/li>\n<li>ODCINEK 2: Fake news, czyli dlaczego m\u00f3zg \u0142yka wszystko jak pelikan: <a href=\"https:\/\/campaign-statistics.com\/link_click\/OvqRRxYakS_LBH1K\/f387ba69ac08adba333678451984e15d\" target=\"_blank\" rel=\"f387ba69ac08adba333678451984e15d noopener\" data-saferedirecturl=\"https:\/\/www.google.com\/url?q=https:\/\/campaign-statistics.com\/link_click\/OvqRRxYakS_LBH1K\/f387ba69ac08adba333678451984e15d&amp;source=gmail&amp;ust=1710311172665000&amp;usg=AOvVaw1ATOaBj6uXLCLuVQWwTImk\">https:\/\/www.youtube.com\/watch?<wbr \/>v=RcfLkXxOuuE&amp;t=2s<\/a><\/li>\n<li>ODCINEK 3: Anatomia hejtu:\u00a0<a href=\"https:\/\/campaign-statistics.com\/link_click\/OvqRRxYakS_LBH1K\/401d19c552b3859ef533dfd036228f74\" target=\"_blank\" rel=\"401d19c552b3859ef533dfd036228f74 noopener\" data-saferedirecturl=\"https:\/\/www.google.com\/url?q=https:\/\/campaign-statistics.com\/link_click\/OvqRRxYakS_LBH1K\/401d19c552b3859ef533dfd036228f74&amp;source=gmail&amp;ust=1710311172665000&amp;usg=AOvVaw1zhdqz7C8o8O65WFRLbupI\">https:\/\/www.youtube.com\/watch?<wbr \/>v=_ivmjVz5pnk<\/a><\/li>\n<li>ODCINEK 4: Atak typy DDos na m\u00f3zg:\u00a0<a href=\"https:\/\/campaign-statistics.com\/link_click\/OvqRRxYakS_LBH1K\/4eb069bd049607e2438495e811f94ab3\" target=\"_blank\" rel=\"4eb069bd049607e2438495e811f94ab3 noopener\" data-saferedirecturl=\"https:\/\/www.google.com\/url?q=https:\/\/campaign-statistics.com\/link_click\/OvqRRxYakS_LBH1K\/4eb069bd049607e2438495e811f94ab3&amp;source=gmail&amp;ust=1710311172665000&amp;usg=AOvVaw07j7XKLwBOOHzTdK1_F6D2\">https:\/\/www.youtube.com\/watch?<wbr \/>v=Lz2hEtot4Is<\/a><\/li>\n<li>ODCINEK 5: Promo na FOMO:\u00a0<a href=\"https:\/\/campaign-statistics.com\/link_click\/OvqRRxYakS_LBH1K\/3c3f1c19b97ddb95e3dc0a4e6435310b\" target=\"_blank\" rel=\"3c3f1c19b97ddb95e3dc0a4e6435310b noopener\" data-saferedirecturl=\"https:\/\/www.google.com\/url?q=https:\/\/campaign-statistics.com\/link_click\/OvqRRxYakS_LBH1K\/3c3f1c19b97ddb95e3dc0a4e6435310b&amp;source=gmail&amp;ust=1710311172665000&amp;usg=AOvVaw2izXpLPt-T98e9IUZs-8Vt\">https:\/\/www.youtube.com\/watch?<wbr \/>v=nHRjdVQxD30&amp;t=10s<\/a><\/li>\n<li>ODCINEK 6: Naga prawda czyli o wp\u0142ywie pornografii na m\u00f3zg:\u00a0<a href=\"https:\/\/campaign-statistics.com\/link_click\/OvqRRxYakS_LBH1K\/3d9265a62927bef711d711f8ba148d57\" target=\"_blank\" rel=\"3d9265a62927bef711d711f8ba148d57 noopener\" data-saferedirecturl=\"https:\/\/www.google.com\/url?q=https:\/\/campaign-statistics.com\/link_click\/OvqRRxYakS_LBH1K\/3d9265a62927bef711d711f8ba148d57&amp;source=gmail&amp;ust=1710311172665000&amp;usg=AOvVaw0Am-BQC4eclFXDBuVYuO81\">https:\/\/www.youtube.com\/watch?<wbr \/>v=jEwqgBoA3gY<\/a><\/li>\n<li>ODCINEK 7: Dobre relacje jako tarcza ochronna przed uzale\u017cnieniami:\u00a0<a href=\"https:\/\/campaign-statistics.com\/link_click\/OvqRRxYakS_LBH1K\/fce82515fe0b656f67a0b535b098b7cd\" target=\"_blank\" rel=\"fce82515fe0b656f67a0b535b098b7cd noopener\" data-saferedirecturl=\"https:\/\/www.google.com\/url?q=https:\/\/campaign-statistics.com\/link_click\/OvqRRxYakS_LBH1K\/fce82515fe0b656f67a0b535b098b7cd&amp;source=gmail&amp;ust=1710311172665000&amp;usg=AOvVaw2Vz_h5VpUvQfqzm1-KlWUo\">https:\/\/www.youtube.com\/watch?<wbr \/>v=jaOupmA-QeE<\/a><\/li>\n<li>ODCINEK 8: Biegiem po zdrowi psychiczne czyli o korzy\u015bciach p\u0142yn\u0105cych z wysi\u0142ku fizycznego:\u00a0<a href=\"https:\/\/campaign-statistics.com\/link_click\/OvqRRxYakS_LBH1K\/9cda349800de38aacfd058b14c974804\" target=\"_blank\" rel=\"9cda349800de38aacfd058b14c974804 noopener\" data-saferedirecturl=\"https:\/\/www.google.com\/url?q=https:\/\/campaign-statistics.com\/link_click\/OvqRRxYakS_LBH1K\/9cda349800de38aacfd058b14c974804&amp;source=gmail&amp;ust=1710311172665000&amp;usg=AOvVaw20itCuXl7z7ZW_mEsrh-Mo\">https:\/\/www.youtube.com\/watch?<wbr \/>v=xEUihvZ14aE<\/a><\/li>\n<li>ODCINEK 9: M\u00f3zg po nocnej zmianie, czyli o prozdrowotnej roli snu:\u00a0<a href=\"https:\/\/campaign-statistics.com\/link_click\/OvqRRxYakS_LBH1K\/9ae59ac3540f2820fdca2eb387a96de2\" target=\"_blank\" rel=\"9ae59ac3540f2820fdca2eb387a96de2 noopener\" data-saferedirecturl=\"https:\/\/www.google.com\/url?q=https:\/\/campaign-statistics.com\/link_click\/OvqRRxYakS_LBH1K\/9ae59ac3540f2820fdca2eb387a96de2&amp;source=gmail&amp;ust=1710311172665000&amp;usg=AOvVaw1ZHfcUqpY7XrkbE3eLb1v6\">https:\/\/www.youtube.com\/watch?<wbr \/>v=wHN16u6LUAE<\/a><\/li>\n<li>ODCINEK 10: Aby \u017cycie m\u00f3zgu ia\u0142o smaczek:\u00a0<a href=\"https:\/\/campaign-statistics.com\/link_click\/OvqRRxYakS_LBH1K\/ab80646096af6729cb26c88cf0d5507d\" target=\"_blank\" rel=\"ab80646096af6729cb26c88cf0d5507d noopener\" data-saferedirecturl=\"https:\/\/www.google.com\/url?q=https:\/\/campaign-statistics.com\/link_click\/OvqRRxYakS_LBH1K\/ab80646096af6729cb26c88cf0d5507d&amp;source=gmail&amp;ust=1710311172665000&amp;usg=AOvVaw1FF7eCIJlSEmXUNa3R_ZaN\">https:\/\/www.youtube.com\/watch?<wbr \/>v=4XJmKz0aR30<\/a><\/li>\n<\/ol>\n<p>PODCASTY<\/p>\n<ol>\n<li>PODCAST NR 1: Anna Hady: Dom jako bezpieczna przysta\u0144:\u00a0<a href=\"https:\/\/campaign-statistics.com\/link_click\/OvqRRxYakS_LBH1K\/e980a477d810c8a37f263d79fed3ce40\" target=\"_blank\" rel=\"e980a477d810c8a37f263d79fed3ce40 noopener\" data-saferedirecturl=\"https:\/\/www.google.com\/url?q=https:\/\/campaign-statistics.com\/link_click\/OvqRRxYakS_LBH1K\/e980a477d810c8a37f263d79fed3ce40&amp;source=gmail&amp;ust=1710311172665000&amp;usg=AOvVaw2zee8aGWupEUunNgUmi6f2\">https:\/\/www.youtube.com\/watch?<wbr \/>v=oYRhMPTnvyA<\/a><\/li>\n<li>PODCAST NR 2: Wojciech Glac: Jak m\u00f3zg uzaleznia si\u0119 od nowych technologii?\u00a0<a href=\"https:\/\/campaign-statistics.com\/link_click\/OvqRRxYakS_LBH1K\/5df6e52f5666012342d864f88df7f2a2\" target=\"_blank\" rel=\"5df6e52f5666012342d864f88df7f2a2 noopener\" data-saferedirecturl=\"https:\/\/www.google.com\/url?q=https:\/\/campaign-statistics.com\/link_click\/OvqRRxYakS_LBH1K\/5df6e52f5666012342d864f88df7f2a2&amp;source=gmail&amp;ust=1710311172665000&amp;usg=AOvVaw0rcdOnlXtygRlxhmPnfE-h\">https:\/\/www.youtube.com\/watch?<wbr \/>v=le8Qc67eXhU&amp;t=1s<\/a><\/li>\n<li>PODCAST NR 3: Maciej D\u0119bski: Czym jest higiena cyfrowa i w jaki spos\u00f3b w\u0142a\u015bciwie o ni\u0105 zadba\u0107?\u00a0<a href=\"https:\/\/campaign-statistics.com\/link_click\/OvqRRxYakS_LBH1K\/5b5e34ad2eec1c8e928da865e70b2888\" target=\"_blank\" rel=\"5b5e34ad2eec1c8e928da865e70b2888 noopener\" data-saferedirecturl=\"https:\/\/www.google.com\/url?q=https:\/\/campaign-statistics.com\/link_click\/OvqRRxYakS_LBH1K\/5b5e34ad2eec1c8e928da865e70b2888&amp;source=gmail&amp;ust=1710311172665000&amp;usg=AOvVaw3Wgd6n29YmlSaN60Clf6rq\">https:\/\/www.youtube.com\/watch?<wbr \/>v=SzSdcwTUwFM<\/a><\/li>\n<li>PODCAST NR 4: Jacek Py\u017calski: Jakie s\u0105 cyfrowe kompetencje m\u0142odych ludzi?\u00a0<a href=\"https:\/\/campaign-statistics.com\/link_click\/OvqRRxYakS_LBH1K\/3dde91fdcb8bee0be1ff4b16f8129cb9\" target=\"_blank\" rel=\"3dde91fdcb8bee0be1ff4b16f8129cb9 noopener\" data-saferedirecturl=\"https:\/\/www.google.com\/url?q=https:\/\/campaign-statistics.com\/link_click\/OvqRRxYakS_LBH1K\/3dde91fdcb8bee0be1ff4b16f8129cb9&amp;source=gmail&amp;ust=1710311172665000&amp;usg=AOvVaw0NsxMNxaegRvUwg8N6jNes\">https:\/\/www.youtube.com\/watch?<wbr \/>v=4qx31sXha3U<\/a><\/li>\n<li>PODCAST NR 5: Joanna Flis: Zdrowie psychiczne m\u0142odych cyfrowych:\u00a0<a href=\"https:\/\/campaign-statistics.com\/link_click\/OvqRRxYakS_LBH1K\/791d1b28dce4b3cc237ef96dbd5f1c14\" target=\"_blank\" rel=\"791d1b28dce4b3cc237ef96dbd5f1c14 noopener\" data-saferedirecturl=\"https:\/\/www.google.com\/url?q=https:\/\/campaign-statistics.com\/link_click\/OvqRRxYakS_LBH1K\/791d1b28dce4b3cc237ef96dbd5f1c14&amp;source=gmail&amp;ust=1710311172665000&amp;usg=AOvVaw18_6665jtkVTMjHHoFHy9T\">https:\/\/www.youtube.com\/watch?<wbr \/>v=92BRRZFnNiU<\/a><\/li>\n<\/ol>\n","protected":false},"excerpt":{"rendered":"<p>Dzia\u0142ania podejmowane w projekcie SOC to wsp\u00f3lnota uczni\u00f3w, rodzic\u00f3w i nauczycieli, dla kt\u00f3rych warto\u015bci\u0105 jest kszta\u0142towanie r\u00f3wnowagi mi\u0119dzy korzystaniem z nowych technologii <a class=\"more-link\" href=\"https:\/\/www.sosw.elblag.com.pl\/index.php\/organizacje-w-osrdoku\/projekty-unijne\/szkola-odpowiedzialna-cyfrowo\/\">Czytaj dalej&#8230;<\/a><\/p>\n","protected":false},"author":1,"featured_media":0,"parent":8375,"menu_order":0,"comment_status":"closed","ping_status":"closed","template":"","meta":{"footnotes":""},"class_list":["post-47870","page","type-page","status-publish","hentry"],"_links":{"self":[{"href":"https:\/\/www.sosw.elblag.com.pl\/index.php\/wp-json\/wp\/v2\/pages\/47870","targetHints":{"allow":["GET"]}}],"collection":[{"href":"https:\/\/www.sosw.elblag.com.pl\/index.php\/wp-json\/wp\/v2\/pages"}],"about":[{"href":"https:\/\/www.sosw.elblag.com.pl\/index.php\/wp-json\/wp\/v2\/types\/page"}],"author":[{"embeddable":true,"href":"https:\/\/www.sosw.elblag.com.pl\/index.php\/wp-json\/wp\/v2\/users\/1"}],"replies":[{"embeddable":true,"href":"https:\/\/www.sosw.elblag.com.pl\/index.php\/wp-json\/wp\/v2\/comments?post=47870"}],"version-history":[{"count":10,"href":"https:\/\/www.sosw.elblag.com.pl\/index.php\/wp-json\/wp\/v2\/pages\/47870\/revisions"}],"predecessor-version":[{"id":47927,"href":"https:\/\/www.sosw.elblag.com.pl\/index.php\/wp-json\/wp\/v2\/pages\/47870\/revisions\/47927"}],"up":[{"embeddable":true,"href":"https:\/\/www.sosw.elblag.com.pl\/index.php\/wp-json\/wp\/v2\/pages\/8375"}],"wp:attachment":[{"href":"https:\/\/www.sosw.elblag.com.pl\/index.php\/wp-json\/wp\/v2\/media?parent=47870"}],"curies":[{"name":"wp","href":"https:\/\/api.w.org\/{rel}","templated":true}]}}