{"id":40195,"date":"2022-09-23T11:14:25","date_gmt":"2022-09-23T09:14:25","guid":{"rendered":"http:\/\/www.sosw.elblag.com.pl\/?page_id=40195"},"modified":"2023-12-15T09:43:04","modified_gmt":"2023-12-15T08:43:04","slug":"laboratoria-przyszlosci","status":"publish","type":"page","link":"https:\/\/www.sosw.elblag.com.pl\/index.php\/organizacje-w-osrdoku\/projekty-unijne\/laboratoria-przyszlosci\/","title":{"rendered":"&#8222;Laboratoria Przysz\u0142o\u015bci&#8221;"},"content":{"rendered":"\n\t\t<style type=\"text\/css\">\n\t\t\t#gallery-1 {\n\t\t\t\tmargin: auto;\n\t\t\t}\n\t\t\t#gallery-1 .gallery-item {\n\t\t\t\tfloat: left;\n\t\t\t\tmargin-top: 10px;\n\t\t\t\ttext-align: center;\n\t\t\t\twidth: 100%;\n\t\t\t}\n\t\t\t#gallery-1 img {\n\t\t\t\tborder: 2px solid #cfcfcf;\n\t\t\t}\n\t\t\t#gallery-1 .gallery-caption {\n\t\t\t\tmargin-left: 0;\n\t\t\t}\n\t\t\t\/* see gallery_shortcode() in wp-includes\/media.php *\/\n\t\t<\/style>\n\t\t<div id='gallery-1' class='gallery galleryid-40195 gallery-columns-1 gallery-size-full'><dl class='gallery-item'>\n\t\t\t<dt class='gallery-icon landscape'>\n\t\t\t\t<a title=\"logotypy labor. przysz\u0142o\u015bci (1)\" href='https:\/\/www.sosw.elblag.com.pl\/wp-content\/uploads\/2022\/09\/logotypy-labor.-przyszlosci-1.jpg'><img loading=\"lazy\" decoding=\"async\" width=\"754\" height=\"106\" src=\"https:\/\/www.sosw.elblag.com.pl\/wp-content\/uploads\/2022\/09\/logotypy-labor.-przyszlosci-1.jpg\" class=\"attachment-full size-full\" alt=\"logotypy labor. przysz\u0142o\u015bci\" srcset=\"https:\/\/www.sosw.elblag.com.pl\/wp-content\/uploads\/2022\/09\/logotypy-labor.-przyszlosci-1.jpg 754w, https:\/\/www.sosw.elblag.com.pl\/wp-content\/uploads\/2022\/09\/logotypy-labor.-przyszlosci-1-300x42.jpg 300w\" sizes=\"auto, (max-width: 754px) 100vw, 754px\" \/><\/a>\n\t\t\t<\/dt><\/dl><br style=\"clear: both\" \/>\n\t\t<\/div>\n\n<hr \/>\n<p style=\"text-align: center;\"><a href=\"https:\/\/www.sosw.elblag.com.pl\/index.php\/category\/laboratoria-przyszlosci\/\">Dzia\u0142ania podejmowane w projekcie<\/a><\/p>\n<hr \/>\n<p>Laboratoria Przysz\u0142o\u015bci to inicjatywa edukacyjna realizowana przez Ministerstwo Edukacji i Nauki we wsp\u00f3\u0142pracy z Centrum GovTech w Kancelarii Prezesa Rady Ministr\u00f3w.<\/p>\n<p>Celem Programu jest stworzenie nowoczesnej szko\u0142y, w kt\u00f3rej zaj\u0119cia b\u0119d\u0105 prowadzone w\u00a0spos\u00f3b ciekawy, anga\u017cuj\u0105cy uczni\u00f3w oraz sprzyjaj\u0105cy odkrywaniu ich talent\u00f3w i rozwijaniu zainteresowa\u0144 z\u00a0zakresu nauk STEAM (nauka, technologia, in\u017cynieria, sztuka oraz matematyka).<\/p>\n<p>Wi\u0119cej informacji o Programie na <a href=\"https:\/\/www.gov.pl\/web\/laboratoria\">https:\/\/www.gov.pl\/web\/laboratoria<\/a><\/p>\n<p>Specjalny O\u015brodek Szkolno-Wychowawczy nr 1 w Elbl\u0105gu w ramach programu Laboratoria Przysz\u0142o\u015bci otrzyma\u0142a wsparcie w postaci \u015brodk\u00f3w finansowych o \u0142\u0105cznej warto\u015bci 60\u00a0000 z\u0142. Wsparcie zosta\u0142o wykorzystane w ca\u0142o\u015bci.<\/p>\n<p>W ramach Laboratoria Przysz\u0142o\u015bci zakupiono nast\u0119puj\u0105cy sprz\u0119t:<\/p>\n<ol>\n<li>Drukarka 3D wraz z akcesoriami<\/li>\n<li>Biodegradowalne filamenty PLASTPAW+<\/li>\n<li>Mikrokontroler Arduino z czujnikami i akcesoriami (zestaw)<\/li>\n<li>Stacja lutownicza z gor\u0105cym powietrzem<\/li>\n<li>Kamera przeno\u015bna cyfrowa wraz z akcesoriami \u2013 GOPRO HERO10<\/li>\n<li>Aparat fotograficzny z akcesoriami \u2013 NIKON D5600<\/li>\n<li>Statyw do aparatu i kamery \u2013 VOYAGER 4578<\/li>\n<li>Mikroport z akcesoriami \u2013 BOYA BYWM8 PRO K2<\/li>\n<li>O\u015bwietlenie do realizacji nagra\u0144 \u2013 Quadralite Thea 450 KIT<\/li>\n<li>Mikrofon kierunkowy z akcesoriami \u2013 COMICA CVM-V30 PRO<\/li>\n<li>Gimbal do aparatu fotograficznego i kamery \u2013 MOZA MINI PRO<\/li>\n<li>Mikrofon dynamiczny z akcesoriami \u2013 SHUDDER 4x<\/li>\n<li>Greenscreen PROSTUFF<\/li>\n<li>Konsola\/mikser d\u017awi\u0119ku z akcesoriami \u2013 BASS TONE AUDIO<\/li>\n<li>Nago\u015bnienie (zestaw)\u2013 BASS TONE AUDIO<\/li>\n<li>Akumulatorowa wiertarko-wkr\u0119tarka z akcesoriami \u2013 BOSCH GSR01<\/li>\n<li>Pi\u0142a ta\u015bmowa z akcesoriami &#8211; PEGAS SRP14CE<\/li>\n<li>Szlifierka sto\u0142owa z akcesoriami \u2013 DED7810<\/li>\n<li>Bezprzewodowy pistolet do klejenia na gor\u0105co z akcesoriami \u2013 DEDRA DED7553<\/li>\n<li>Wypalarka \u2013 pirograf do drewna z akcesoriami \u2013 YIHUA 939D-II<\/li>\n<li>D\u0142uta (zestaw)<\/li>\n<li>Zestaw materia\u0142\u00f3w eksploatacyjnych<\/li>\n<li>Laminarka rolkowa<\/li>\n<li>Wyrzynarka do drewna z akcesoriami<\/li>\n<\/ol>\n<p>Laboratoria Przysz\u0142o\u015bci to nowoczesny sprz\u0119t, kt\u00f3ry uatrakcyjni zaj\u0119cia szkolne i pozwoli uczniom rozwija\u0107 swoje zainteresowania w\u202framach obowi\u0105zkowych zaj\u0119\u0107 edukacyjnych. Urozmaici r\u00f3wnie\u017c zaj\u0119cia doradztwa zawodowego, k\u00f3\u0142 zainteresowa\u0144 i inne formy rozwijania umiej\u0119tno\u015bci, a tak\u017ce zaj\u0119cia w \u015bwietlicy oraz szkolnej bibliotece.<\/p>\n<p>Laboratoria Przysz\u0142o\u015bci to program skierowany do szk\u00f3\u0142 podstawowych kt\u00f3rego celem jest budowanie kompetencji kreatywnych i technicznych w\u015br\u00f3d uczni\u00f3w. Kreatywne my\u015blenie oraz obs\u0142uga narz\u0119dzi to jedne z podstawowych umiej\u0119tno\u015bci decyduj\u0105cych o rozwoju cywilizacyjnym, gospodarczym i spo\u0142ecznym.<\/p>\n<p>#LaboratoriaPrzysz\u0142o\u015bci #LaboratoriaPrzyszlosci #CentrumGovTech #MEiN #technologie #edukacja #nauka #EdTech #EduTech #szko\u0142a #innowacje<\/p>\n<p>@MinisterstwoEdukacjiiNauki @CentrumGovTech @LaboratoriaPrzyszlosci<\/p>\n<p><img loading=\"lazy\" decoding=\"async\" class=\"aligncenter size-full wp-image-40188\" src=\"https:\/\/www.sosw.elblag.com.pl\/wp-content\/uploads\/2022\/09\/logo-Laboratoria_Przyszlosci_poziom_kolor-1.png\" alt=\"logo-Laboratoria_Przysz\u0142o\u015bci_poziom_kolor\" width=\"2550\" height=\"1431\" srcset=\"https:\/\/www.sosw.elblag.com.pl\/wp-content\/uploads\/2022\/09\/logo-Laboratoria_Przyszlosci_poziom_kolor-1.png 2550w, https:\/\/www.sosw.elblag.com.pl\/wp-content\/uploads\/2022\/09\/logo-Laboratoria_Przyszlosci_poziom_kolor-1-300x168.png 300w, https:\/\/www.sosw.elblag.com.pl\/wp-content\/uploads\/2022\/09\/logo-Laboratoria_Przyszlosci_poziom_kolor-1-1024x575.png 1024w, https:\/\/www.sosw.elblag.com.pl\/wp-content\/uploads\/2022\/09\/logo-Laboratoria_Przyszlosci_poziom_kolor-1-768x431.png 768w, https:\/\/www.sosw.elblag.com.pl\/wp-content\/uploads\/2022\/09\/logo-Laboratoria_Przyszlosci_poziom_kolor-1-1536x862.png 1536w, https:\/\/www.sosw.elblag.com.pl\/wp-content\/uploads\/2022\/09\/logo-Laboratoria_Przyszlosci_poziom_kolor-1-2048x1149.png 2048w\" sizes=\"auto, (max-width: 2550px) 100vw, 2550px\" \/><\/p>\n<p>&nbsp;<\/p>\n","protected":false},"excerpt":{"rendered":"<p>Dzia\u0142ania podejmowane w projekcie Laboratoria Przysz\u0142o\u015bci to inicjatywa edukacyjna realizowana przez Ministerstwo Edukacji i Nauki we wsp\u00f3\u0142pracy z Centrum GovTech w Kancelarii <a class=\"more-link\" href=\"https:\/\/www.sosw.elblag.com.pl\/index.php\/organizacje-w-osrdoku\/projekty-unijne\/laboratoria-przyszlosci\/\">Czytaj dalej&#8230;<\/a><\/p>\n","protected":false},"author":1,"featured_media":0,"parent":8375,"menu_order":1,"comment_status":"closed","ping_status":"closed","template":"","meta":{"footnotes":""},"class_list":["post-40195","page","type-page","status-publish","hentry"],"_links":{"self":[{"href":"https:\/\/www.sosw.elblag.com.pl\/index.php\/wp-json\/wp\/v2\/pages\/40195","targetHints":{"allow":["GET"]}}],"collection":[{"href":"https:\/\/www.sosw.elblag.com.pl\/index.php\/wp-json\/wp\/v2\/pages"}],"about":[{"href":"https:\/\/www.sosw.elblag.com.pl\/index.php\/wp-json\/wp\/v2\/types\/page"}],"author":[{"embeddable":true,"href":"https:\/\/www.sosw.elblag.com.pl\/index.php\/wp-json\/wp\/v2\/users\/1"}],"replies":[{"embeddable":true,"href":"https:\/\/www.sosw.elblag.com.pl\/index.php\/wp-json\/wp\/v2\/comments?post=40195"}],"version-history":[{"count":5,"href":"https:\/\/www.sosw.elblag.com.pl\/index.php\/wp-json\/wp\/v2\/pages\/40195\/revisions"}],"predecessor-version":[{"id":40217,"href":"https:\/\/www.sosw.elblag.com.pl\/index.php\/wp-json\/wp\/v2\/pages\/40195\/revisions\/40217"}],"up":[{"embeddable":true,"href":"https:\/\/www.sosw.elblag.com.pl\/index.php\/wp-json\/wp\/v2\/pages\/8375"}],"wp:attachment":[{"href":"https:\/\/www.sosw.elblag.com.pl\/index.php\/wp-json\/wp\/v2\/media?parent=40195"}],"curies":[{"name":"wp","href":"https:\/\/api.w.org\/{rel}","templated":true}]}}