{"id":35554,"date":"2021-09-28T14:47:50","date_gmt":"2021-09-28T12:47:50","guid":{"rendered":"http:\/\/www.sosw.elblag.com.pl\/?page_id=35554"},"modified":"2024-01-03T07:22:18","modified_gmt":"2024-01-03T06:22:18","slug":"autyzm-w-swiecie-dobrych-praktyk","status":"publish","type":"page","link":"https:\/\/www.sosw.elblag.com.pl\/index.php\/organizacje-w-osrdoku\/projekty-unijne\/archiwum-pip\/autyzm-w-swiecie-dobrych-praktyk\/","title":{"rendered":"Autyzm w \u015bwiecie dobrych praktyk"},"content":{"rendered":"<hr \/>\n<p style=\"text-align: center;\"><a href=\"https:\/\/www.sosw.elblag.com.pl\/index.php\/category\/autyzm-w-swiecie-dobrych-praktyk\/\">Dzia\u0142ania podejmowane w projekcie<\/a><\/p>\n<hr \/>\n<p><img loading=\"lazy\" decoding=\"async\" class=\"alignleft wp-image-35780 size-medium\" src=\"https:\/\/www.sosw.elblag.com.pl\/wp-content\/uploads\/2021\/10\/EEA_grants@4x-logo-lewy-gorny-rog-300x210.png\" alt=\"EEA_grants@4x-logo\" width=\"300\" height=\"210\" srcset=\"https:\/\/www.sosw.elblag.com.pl\/wp-content\/uploads\/2021\/10\/EEA_grants@4x-logo-lewy-gorny-rog-300x210.png 300w, https:\/\/www.sosw.elblag.com.pl\/wp-content\/uploads\/2021\/10\/EEA_grants@4x-logo-lewy-gorny-rog-1024x718.png 1024w, https:\/\/www.sosw.elblag.com.pl\/wp-content\/uploads\/2021\/10\/EEA_grants@4x-logo-lewy-gorny-rog-768x538.png 768w, https:\/\/www.sosw.elblag.com.pl\/wp-content\/uploads\/2021\/10\/EEA_grants@4x-logo-lewy-gorny-rog-1536x1076.png 1536w, https:\/\/www.sosw.elblag.com.pl\/wp-content\/uploads\/2021\/10\/EEA_grants@4x-logo-lewy-gorny-rog.png 1674w\" sizes=\"auto, (max-width: 300px) 100vw, 300px\" \/><\/p>\n<p>&nbsp;<\/p>\n<p>&nbsp;<\/p>\n<p>&nbsp;<\/p>\n<p>&nbsp;<\/p>\n<p>&nbsp;<\/p>\n<p style=\"font-weight: 400;\">Pragniemy poinformowa\u0107, \u017ce w ko\u0144cu, po p\u00f3\u0142torarocznym przek\u0142adaniu terminu Specjalny O\u015brodek Szkolno \u2013 Wychowawczy nr 1 w Elbl\u0105gu rozpocz\u0105\u0142 realizacj\u0119 projektu \u201eAutyzm w \u015bwiecie dobrych praktyk\u201d. Projekt w kwocie 8140 (EUR), jest finansowany w 85% ze \u015brodk\u00f3w udost\u0119pnionych w ramach Mechanizmu Finansowego Europejskiego Obszaru Gospodarczego (EOG) oraz w 15% ze \u015brodk\u00f3w bud\u017cetu pa\u0144stwa.\u00a0G\u0142\u00f3wnym celem projektu jest udzia\u0142 pracownik\u00f3w SOSW nr 1 w Elbl\u0105gu w\u00a0wizycie studyjnej w Klettask\u00f3li Islandia co wp\u0142ynie m.in. na:<\/p>\n<p style=\"font-weight: 400;\">&#8211; pog\u0142\u0119bienie wiedzy z zakresu autyzmu, poznanie nowych technik i metod pracy obowi\u0105zuj\u0105cych w\u00a0Islandii,<\/p>\n<p style=\"font-weight: 400;\">&#8211; pog\u0142\u0119bienie wiedzy nauczycieli z zakresu alternatywnych metod komunikacji, poznanie nowych technik i metod obowi\u0105zuj\u0105cych w Islandii,<\/p>\n<p style=\"font-weight: 400;\">&#8211; nawi\u0105zanie i rozwijanie wsp\u00f3\u0142pracy z plac\u00f3wkami, w kt\u00f3rych prowadzona jest terapia niem\u00f3wi\u0105cych dzieci z autyzmem,<\/p>\n<p style=\"font-weight: 400;\">&#8211; unowocze\u015bnienie warsztatu pracy nauczycieli.<\/p>\n<p style=\"font-weight: 400;\">Projekt przyczyni si\u0119 do rozwoju naszej plac\u00f3wki, zwi\u0119kszy atrakcyjno\u015b\u0107 naszej oferty edukacyjnej w \u015brodowisku lokalnym jako plac\u00f3wki nowoczesnej, korzystaj\u0105cej z europejskich do\u015bwiadcze\u0144 i metod pracy.<\/p>\n<p style=\"font-weight: 400;\">Mamy nadziej\u0119, \u017ce ju\u017c w wkr\u00f3tce podzielimy si\u0119 relacj\u0105 z wizyty studyjnej w Klettask\u00f3li w\u00a0Reykjaviku.<\/p>\n<p style=\"font-weight: 400;\">Ewelina Deja,<\/p>\n<p style=\"font-weight: 400;\">Anna Hatle &#8211; Tafelska<\/p>\n<p><img loading=\"lazy\" decoding=\"async\" class=\"aligncenter wp-image-35783 size-full\" src=\"https:\/\/www.sosw.elblag.com.pl\/wp-content\/uploads\/2021\/10\/Logo-na-dol.png\" alt=\"Working together\" width=\"322\" height=\"120\" srcset=\"https:\/\/www.sosw.elblag.com.pl\/wp-content\/uploads\/2021\/10\/Logo-na-dol.png 322w, https:\/\/www.sosw.elblag.com.pl\/wp-content\/uploads\/2021\/10\/Logo-na-dol-300x112.png 300w\" sizes=\"auto, (max-width: 322px) 100vw, 322px\" \/><\/p>\n","protected":false},"excerpt":{"rendered":"<p>Dzia\u0142ania podejmowane w projekcie &nbsp; &nbsp; &nbsp; &nbsp; &nbsp; Pragniemy poinformowa\u0107, \u017ce w ko\u0144cu, po p\u00f3\u0142torarocznym przek\u0142adaniu terminu Specjalny O\u015brodek Szkolno \u2013 <a class=\"more-link\" href=\"https:\/\/www.sosw.elblag.com.pl\/index.php\/organizacje-w-osrdoku\/projekty-unijne\/archiwum-pip\/autyzm-w-swiecie-dobrych-praktyk\/\">Czytaj dalej&#8230;<\/a><\/p>\n","protected":false},"author":1,"featured_media":0,"parent":49350,"menu_order":6,"comment_status":"closed","ping_status":"closed","template":"","meta":{"footnotes":""},"class_list":["post-35554","page","type-page","status-publish","hentry"],"_links":{"self":[{"href":"https:\/\/www.sosw.elblag.com.pl\/index.php\/wp-json\/wp\/v2\/pages\/35554","targetHints":{"allow":["GET"]}}],"collection":[{"href":"https:\/\/www.sosw.elblag.com.pl\/index.php\/wp-json\/wp\/v2\/pages"}],"about":[{"href":"https:\/\/www.sosw.elblag.com.pl\/index.php\/wp-json\/wp\/v2\/types\/page"}],"author":[{"embeddable":true,"href":"https:\/\/www.sosw.elblag.com.pl\/index.php\/wp-json\/wp\/v2\/users\/1"}],"replies":[{"embeddable":true,"href":"https:\/\/www.sosw.elblag.com.pl\/index.php\/wp-json\/wp\/v2\/comments?post=35554"}],"version-history":[{"count":4,"href":"https:\/\/www.sosw.elblag.com.pl\/index.php\/wp-json\/wp\/v2\/pages\/35554\/revisions"}],"predecessor-version":[{"id":35885,"href":"https:\/\/www.sosw.elblag.com.pl\/index.php\/wp-json\/wp\/v2\/pages\/35554\/revisions\/35885"}],"up":[{"embeddable":true,"href":"https:\/\/www.sosw.elblag.com.pl\/index.php\/wp-json\/wp\/v2\/pages\/49350"}],"wp:attachment":[{"href":"https:\/\/www.sosw.elblag.com.pl\/index.php\/wp-json\/wp\/v2\/media?parent=35554"}],"curies":[{"name":"wp","href":"https:\/\/api.w.org\/{rel}","templated":true}]}}