{"id":306,"date":"2015-08-28T09:19:05","date_gmt":"2015-08-28T07:19:05","guid":{"rendered":"http:\/\/www.sosw.elblag.com.pl\/wordpress\/?page_id=306"},"modified":"2023-12-15T09:56:24","modified_gmt":"2023-12-15T08:56:24","slug":"ksztalcenie","status":"publish","type":"page","link":"https:\/\/www.sosw.elblag.com.pl\/index.php\/osrodek\/oferta-ksztalcenia\/ksztalcenie\/","title":{"rendered":"Kszta\u0142cenie"},"content":{"rendered":"<hr \/>\n<p style=\"text-align: justify;\">G\u0142\u00f3wny proces edukacyjno &#8211; terapeutyczny dla wszystkich uczni\u00f3w O\u015brodka odbywa si\u0119 standardowo w trybie zaj\u0119\u0107 lekcyjnych na nast\u0119puj\u0105cych poziomach kszta\u0142cenia: szko\u0142y podstawowej, bran\u017cowej szko\u0142y I stopnia oraz szko\u0142y przysposabiaj\u0105cej do pracy, kt\u00f3re bli\u017cej zosta\u0142y opisane w <a href=\"https:\/\/www.sosw.elblag.com.pl\/index.php\/struktura-osrodka\/szkoly\/\">strukturze O\u015brodka<\/a>.<\/p>\n","protected":false},"excerpt":{"rendered":"<p>G\u0142\u00f3wny proces edukacyjno &#8211; terapeutyczny dla wszystkich uczni\u00f3w O\u015brodka odbywa si\u0119 standardowo w trybie zaj\u0119\u0107 lekcyjnych na nast\u0119puj\u0105cych poziomach kszta\u0142cenia: szko\u0142y podstawowej, <a class=\"more-link\" href=\"https:\/\/www.sosw.elblag.com.pl\/index.php\/osrodek\/oferta-ksztalcenia\/ksztalcenie\/\">Czytaj dalej&#8230;<\/a><\/p>\n","protected":false},"author":1,"featured_media":0,"parent":186,"menu_order":1,"comment_status":"closed","ping_status":"closed","template":"","meta":{"footnotes":""},"class_list":["post-306","page","type-page","status-publish","hentry"],"_links":{"self":[{"href":"https:\/\/www.sosw.elblag.com.pl\/index.php\/wp-json\/wp\/v2\/pages\/306","targetHints":{"allow":["GET"]}}],"collection":[{"href":"https:\/\/www.sosw.elblag.com.pl\/index.php\/wp-json\/wp\/v2\/pages"}],"about":[{"href":"https:\/\/www.sosw.elblag.com.pl\/index.php\/wp-json\/wp\/v2\/types\/page"}],"author":[{"embeddable":true,"href":"https:\/\/www.sosw.elblag.com.pl\/index.php\/wp-json\/wp\/v2\/users\/1"}],"replies":[{"embeddable":true,"href":"https:\/\/www.sosw.elblag.com.pl\/index.php\/wp-json\/wp\/v2\/comments?post=306"}],"version-history":[{"count":6,"href":"https:\/\/www.sosw.elblag.com.pl\/index.php\/wp-json\/wp\/v2\/pages\/306\/revisions"}],"predecessor-version":[{"id":48863,"href":"https:\/\/www.sosw.elblag.com.pl\/index.php\/wp-json\/wp\/v2\/pages\/306\/revisions\/48863"}],"up":[{"embeddable":true,"href":"https:\/\/www.sosw.elblag.com.pl\/index.php\/wp-json\/wp\/v2\/pages\/186"}],"wp:attachment":[{"href":"https:\/\/www.sosw.elblag.com.pl\/index.php\/wp-json\/wp\/v2\/media?parent=306"}],"curies":[{"name":"wp","href":"https:\/\/api.w.org\/{rel}","templated":true}]}}