{"id":220,"date":"2015-08-28T00:31:00","date_gmt":"2015-08-27T22:31:00","guid":{"rendered":"http:\/\/www.sosw.elblag.com.pl\/wordpress\/?page_id=220"},"modified":"2021-09-02T11:06:11","modified_gmt":"2021-09-02T09:06:11","slug":"szkolne-kolo-pck","status":"publish","type":"page","link":"https:\/\/www.sosw.elblag.com.pl\/index.php\/organizacje-w-osrdoku\/organizacje\/szkolne-kolo-pck\/","title":{"rendered":"Szkolne ko\u0142o PCK"},"content":{"rendered":"<hr \/>\n<p style=\"text-align: center;\"><a href=\"https:\/\/www.sosw.elblag.com.pl\/index.php\/category\/szkolne-kolo-pck\/\">Dzia\u0142ania w szkolnym kole PCK<\/a><\/p>\n<hr \/>\n<p>&nbsp;<\/p>\n<p>&nbsp;<\/p>\n<blockquote>\n<p style=\"text-align: center;\"><span style=\"color: #003300;\"><a href=\"https:\/\/www.sosw.elblag.com.pl\/wp-content\/uploads\/2015\/08\/logo_pck.gif\"><img loading=\"lazy\" decoding=\"async\" class=\"alignnone size-medium wp-image-799\" src=\"https:\/\/www.sosw.elblag.com.pl\/wp-content\/uploads\/2015\/08\/logo_pck-300x300.gif\" alt=\"Polski Czerwony Krzy\u017c\" width=\"300\" height=\"300\" srcset=\"https:\/\/www.sosw.elblag.com.pl\/wp-content\/uploads\/2015\/08\/logo_pck-300x300.gif 300w, https:\/\/www.sosw.elblag.com.pl\/wp-content\/uploads\/2015\/08\/logo_pck-200x200.gif 200w\" sizes=\"auto, (max-width: 300px) 100vw, 300px\" \/><\/a><\/span><\/p>\n<p style=\"text-align: center;\">\n<\/blockquote>\n<p style=\"text-align: justify;\">Szkolne Ko\u0142o PCK przy SOSW Nr 1 w Elbl\u0105gu realizuje zadania zwi\u0105zane<\/p>\n<p style=\"text-align: justify;\">z podstawow\u0105 misj\u0105 Czerwonego Krzy\u017ca i Czerwonego P\u00f3\u0142ksi\u0119\u017cyca. Naczelne idee to zapobieganie ludzkim cierpieniom i \u0142agodzenie ich skutk\u00f3w oraz ochrona ludzkiej godno\u015bci, bez jakiejkolwiek dyskryminacji.<\/p>\n<p style=\"text-align: justify;\">Kieruj\u0105c si\u0119 tymi zasadami organizujemy lub wsp\u00f3\u0142uczestniczymy w nast\u0119puj\u0105cych przedsi\u0119wzi\u0119ciach:<\/p>\n<ul>\n<li style=\"text-align: justify;\"><strong><em>,,Wyprawka dla<\/em><\/strong> <strong><em>\u017caka\u201d<\/em><\/strong>, kt\u00f3rej celem jest zbi\u00f3rka przybor\u00f3w szkolnych, materia\u0142\u00f3w papierniczych oraz pomoc w wyposa\u017ceniu uczni\u00f3w w wyprawki szkolne.<\/li>\n<li style=\"text-align: justify;\"><strong><em>,,Pe\u0142na miska dla schroniska\u201d<\/em><\/strong> \u2013 uczestniczymy w og\u00f3lnopolskiej akcji zbi\u00f3rki pokarmu dla zwierz\u0105t.<\/li>\n<li style=\"text-align: justify;\"><strong><em>,,Ciep\u0142a kurtka, szalik, czapka-zima minie jak z p\u0142atka<\/em><\/strong>\u201d- zbieramy odzie\u017c, kt\u00f3r\u0105 przekazujemy najbardziej potrzebuj\u0105cym uczniom w szkole.<\/li>\n<li style=\"text-align: justify;\"><strong><em>,,Czerwonokrzyska Gwiazdka<\/em><\/strong>\u201d \u2013 w\u0142\u0105czamy si\u0119 do og\u00f3lnopolskiej akcji, kt\u00f3rej celem jest zbi\u00f3rka \u017cywno\u015bci, s\u0142odyczy oraz maskotek dla najubo\u017cszych mieszka\u0144c\u00f3w miasta.<\/li>\n<li style=\"text-align: justify;\">\u00a0<strong><em>,,Wielka Orkiestra \u015awi\u0105tecznej Pomocy\u201d \u2013<\/em><\/strong>organizujemy kiermasze, loterie fantowe, uczestniczymy w kwestach.<\/li>\n<li style=\"text-align: justify;\">\u00a0<strong><em>,,I wiosn\u0105 i latem podziel si\u0119 ubraniem z bratem<\/em><\/strong>\u201d \u2013 organizujemy zbi\u00f3rki odzie\u017cy dla najbardziej potrzebuj\u0105cych.<\/li>\n<li style=\"text-align: justify;\">\u00a0<strong><em>,,\u017bonkilowe pola nadziei\u201d<\/em> \u2013 <\/strong>w\u0142\u0105czamy si\u0119 do akcji, kt\u00f3rej celem jest pozyskiwanie funduszy na potrzeby lokalnych hospicj\u00f3w oraz propagowanie idei opieki hospicyjnej w\u00a0spo\u0142ecze\u0144stwie<em>.\u00a0\u00a0\u00a0\u00a0\u00a0\u00a0\u00a0\u00a0\u00a0\u00a0\u00a0\u00a0\u00a0\u00a0\u00a0\u00a0\u00a0\u00a0\u00a0\u00a0\u00a0\u00a0\u00a0\u00a0\u00a0\u00a0\u00a0\u00a0\u00a0\u00a0\u00a0\u00a0\u00a0\u00a0\u00a0\u00a0\u00a0\u00a0\u00a0\u00a0\u00a0\u00a0\u00a0\u00a0\u00a0\u00a0\u00a0\u00a0\u00a0\u00a0\u00a0\u00a0\u00a0\u00a0\u00a0\u00a0\u00a0\u00a0\u00a0\u00a0\u00a0\u00a0\u00a0\u00a0\u00a0\u00a0\u00a0\u00a0\u00a0\u00a0\u00a0\u00a0\u00a0\u00a0\u00a0\u00a0\u00a0\u00a0\u00a0\u00a0\u00a0\u00a0\u00a0\u00a0\u00a0\u00a0\u00a0\u00a0\u00a0\u00a0\u00a0\u00a0\u00a0\u00a0\u00a0\u00a0\u00a0\u00a0\u00a0\u00a0\u00a0\u00a0\u00a0\u00a0 <\/em><\/li>\n<li style=\"text-align: justify;\">\u00a0<strong><em>,,Gor\u0105czka z\u0142ota\u201d<\/em><\/strong> &#8211; w\u0142\u0105czamy si\u0119 do og\u00f3lnopolskiej zbi\u00f3rki monet o nomina\u0142ach: 1, 2, 5 groszy; akcja ma na celu zebranie jak najwi\u0119kszej ilo\u015bci z\u0142otych, kt\u00f3re przeznaczane s\u0105 na dofinansowanie letniego wypoczynku dzieci z najubo\u017cszych rodzin.<\/li>\n<li style=\"text-align: justify;\">\u00a0<strong><em>,,M\u0142oda krew ratuje \u017cycie\u201d <\/em><\/strong>\u2013 bierzemy udzia\u0142 w og\u00f3lnopolskim turnieju, kt\u00f3rego celem jest promocja honorowego krwiodawstwa oraz zach\u0119cenie uczni\u00f3w do popularyzowania idei honorowego oddawania krwi (koordynatorem dzia\u0142a\u0144 jest nauczyciel O\u015brodka- M. Sierzputowski).<\/li>\n<li style=\"text-align: justify;\">\u00a0<strong><em>,,Ratujemy i Uczymy Ratowa\u0107\u201d<\/em><\/strong> \u2013 realizujemy program edukacyjny, kt\u00f3rego celem jest poznanie zasad pierwszej pomocy.<\/li>\n<li style=\"text-align: justify;\"><strong><em>,,Bezpieczne wakacje\u201d\/,,Bezpieczne ferie\u201d<\/em><\/strong> \u2013 organizujemy spotkania, pokazy pierwszej pomocy.<\/li>\n<\/ul>\n<p style=\"text-align: justify;\">Najm\u0142odsi uczniowie nale\u017c\u0105 do \u201e<strong><em>Klubu Wiewi\u00f3rka\u201d<\/em><\/strong>, kt\u00f3rego celem jest, obok kszta\u0142towania nawyk\u00f3w dba\u0142o\u015bci o zdrowie, uwra\u017cliwienie dzieci na potrzeby otoczenia oraz u\u015bwiadomienie im wagi s\u0142u\u017cenia pomoc\u0105 innym.<\/p>\n<p style=\"text-align: justify;\">Opiekunowie SK PCK:<\/p>\n<ol>\n<li style=\"text-align: justify;\">\u0141ukaszewska<\/li>\n<li style=\"text-align: justify;\">Nosarzewska<\/li>\n<\/ol>\n\n\t\t<style type=\"text\/css\">\n\t\t\t#gallery-1 {\n\t\t\t\tmargin: auto;\n\t\t\t}\n\t\t\t#gallery-1 .gallery-item {\n\t\t\t\tfloat: left;\n\t\t\t\tmargin-top: 10px;\n\t\t\t\ttext-align: center;\n\t\t\t\twidth: 50%;\n\t\t\t}\n\t\t\t#gallery-1 img {\n\t\t\t\tborder: 2px solid #cfcfcf;\n\t\t\t}\n\t\t\t#gallery-1 .gallery-caption {\n\t\t\t\tmargin-left: 0;\n\t\t\t}\n\t\t\t\/* see gallery_shortcode() in wp-includes\/media.php *\/\n\t\t<\/style>\n\t\t<div id='gallery-1' class='gallery galleryid-220 gallery-columns-2 gallery-size-thumbnail'><dl class='gallery-item'>\n\t\t\t<dt class='gallery-icon portrait'>\n\t\t\t\t<a title=\"szkolne ko\u0142o PCK\" href='https:\/\/www.sosw.elblag.com.pl\/index.php\/organizacje-w-osrdoku\/organizacje\/szkolne-kolo-pck\/szkolne_kolo_pck_1\/'><img loading=\"lazy\" decoding=\"async\" width=\"200\" height=\"200\" src=\"https:\/\/www.sosw.elblag.com.pl\/wp-content\/uploads\/2015\/08\/szkolne_kolo_PCK_1-200x200.jpg\" class=\"attachment-thumbnail size-thumbnail\" alt=\"\" \/><\/a>\n\t\t\t<\/dt><\/dl><dl class='gallery-item'>\n\t\t\t<dt class='gallery-icon landscape'>\n\t\t\t\t<a title=\"szkolne ko\u0142o PCK\" href='https:\/\/www.sosw.elblag.com.pl\/index.php\/organizacje-w-osrdoku\/organizacje\/szkolne-kolo-pck\/szkolne_kolo_pck_2\/'><img loading=\"lazy\" decoding=\"async\" width=\"200\" height=\"200\" src=\"https:\/\/www.sosw.elblag.com.pl\/wp-content\/uploads\/2015\/08\/szkolne_kolo_PCK_2-200x200.jpg\" class=\"attachment-thumbnail size-thumbnail\" alt=\"\" \/><\/a>\n\t\t\t<\/dt><\/dl><br style=\"clear: both\" \/><dl class='gallery-item'>\n\t\t\t<dt class='gallery-icon landscape'>\n\t\t\t\t<a title=\"szkolne ko\u0142o PCK\" href='https:\/\/www.sosw.elblag.com.pl\/index.php\/organizacje-w-osrdoku\/organizacje\/szkolne-kolo-pck\/szkolne_kolo_pck_3\/'><img loading=\"lazy\" decoding=\"async\" width=\"200\" height=\"200\" src=\"https:\/\/www.sosw.elblag.com.pl\/wp-content\/uploads\/2015\/08\/szkolne_kolo_PCK_3-200x200.jpg\" class=\"attachment-thumbnail size-thumbnail\" alt=\"\" \/><\/a>\n\t\t\t<\/dt><\/dl><dl class='gallery-item'>\n\t\t\t<dt class='gallery-icon landscape'>\n\t\t\t\t<a title=\"szkolne ko\u0142o PCK\" href='https:\/\/www.sosw.elblag.com.pl\/index.php\/organizacje-w-osrdoku\/organizacje\/szkolne-kolo-pck\/szkolne_kolo_pck_4\/'><img loading=\"lazy\" decoding=\"async\" width=\"200\" height=\"200\" src=\"https:\/\/www.sosw.elblag.com.pl\/wp-content\/uploads\/2015\/08\/szkolne_kolo_PCK_4-200x200.jpg\" class=\"attachment-thumbnail size-thumbnail\" alt=\"\" \/><\/a>\n\t\t\t<\/dt><\/dl><br style=\"clear: both\" \/><dl class='gallery-item'>\n\t\t\t<dt class='gallery-icon landscape'>\n\t\t\t\t<a title=\"szkolne ko\u0142o PCK\" href='https:\/\/www.sosw.elblag.com.pl\/index.php\/organizacje-w-osrdoku\/organizacje\/szkolne-kolo-pck\/szkolne_kolo_pck_5\/'><img loading=\"lazy\" decoding=\"async\" width=\"200\" height=\"200\" src=\"https:\/\/www.sosw.elblag.com.pl\/wp-content\/uploads\/2015\/08\/szkolne_kolo_PCK_5-200x200.jpg\" class=\"attachment-thumbnail size-thumbnail\" alt=\"\" \/><\/a>\n\t\t\t<\/dt><\/dl><dl class='gallery-item'>\n\t\t\t<dt class='gallery-icon landscape'>\n\t\t\t\t<a title=\"szkolne ko\u0142o PCK\" href='https:\/\/www.sosw.elblag.com.pl\/index.php\/organizacje-w-osrdoku\/organizacje\/szkolne-kolo-pck\/szkolne_kolo_pck_6\/'><img loading=\"lazy\" decoding=\"async\" width=\"200\" height=\"200\" src=\"https:\/\/www.sosw.elblag.com.pl\/wp-content\/uploads\/2015\/08\/szkolne_kolo_PCK_6-200x200.jpg\" class=\"attachment-thumbnail size-thumbnail\" alt=\"\" \/><\/a>\n\t\t\t<\/dt><\/dl><br style=\"clear: both\" \/>\n\t\t<\/div>\n\n","protected":false},"excerpt":{"rendered":"<p>Dzia\u0142ania w szkolnym kole PCK &nbsp; &nbsp; Szkolne Ko\u0142o PCK przy SOSW Nr 1 w Elbl\u0105gu realizuje zadania zwi\u0105zane z podstawow\u0105 misj\u0105 <a class=\"more-link\" href=\"https:\/\/www.sosw.elblag.com.pl\/index.php\/organizacje-w-osrdoku\/organizacje\/szkolne-kolo-pck\/\">Czytaj dalej&#8230;<\/a><\/p>\n","protected":false},"author":1,"featured_media":0,"parent":213,"menu_order":3,"comment_status":"closed","ping_status":"closed","template":"","meta":{"footnotes":""},"class_list":["post-220","page","type-page","status-publish","hentry"],"_links":{"self":[{"href":"https:\/\/www.sosw.elblag.com.pl\/index.php\/wp-json\/wp\/v2\/pages\/220","targetHints":{"allow":["GET"]}}],"collection":[{"href":"https:\/\/www.sosw.elblag.com.pl\/index.php\/wp-json\/wp\/v2\/pages"}],"about":[{"href":"https:\/\/www.sosw.elblag.com.pl\/index.php\/wp-json\/wp\/v2\/types\/page"}],"author":[{"embeddable":true,"href":"https:\/\/www.sosw.elblag.com.pl\/index.php\/wp-json\/wp\/v2\/users\/1"}],"replies":[{"embeddable":true,"href":"https:\/\/www.sosw.elblag.com.pl\/index.php\/wp-json\/wp\/v2\/comments?post=220"}],"version-history":[{"count":4,"href":"https:\/\/www.sosw.elblag.com.pl\/index.php\/wp-json\/wp\/v2\/pages\/220\/revisions"}],"predecessor-version":[{"id":35261,"href":"https:\/\/www.sosw.elblag.com.pl\/index.php\/wp-json\/wp\/v2\/pages\/220\/revisions\/35261"}],"up":[{"embeddable":true,"href":"https:\/\/www.sosw.elblag.com.pl\/index.php\/wp-json\/wp\/v2\/pages\/213"}],"wp:attachment":[{"href":"https:\/\/www.sosw.elblag.com.pl\/index.php\/wp-json\/wp\/v2\/media?parent=220"}],"curies":[{"name":"wp","href":"https:\/\/api.w.org\/{rel}","templated":true}]}}