{"id":218,"date":"2015-08-28T00:30:39","date_gmt":"2015-08-27T22:30:39","guid":{"rendered":"http:\/\/www.sosw.elblag.com.pl\/wordpress\/?page_id=218"},"modified":"2026-03-05T11:32:09","modified_gmt":"2026-03-05T10:32:09","slug":"samorzad-uczniowski","status":"publish","type":"page","link":"https:\/\/www.sosw.elblag.com.pl\/index.php\/organizacje-w-osrdoku\/organizacje\/samorzad-uczniowski\/","title":{"rendered":"Samorz\u0105d uczniowski"},"content":{"rendered":"<p><span style=\"color: #000000;\"><b>Opiekunki: Sylwia Walczak &#8211; Dobosz, Monika Patecka<\/b><\/span><\/p>\n<p><a href=\"https:\/\/www.sosw.elblag.com.pl\/index.php\/category\/samorzad-uczniowski\/p\/category\/samorzad-uczniowski\/\">KLIK &gt;&gt;&gt;\u00a0 Aktualno\u015bci Samorz\u0105du Uczniowskiego<\/a><\/p>\n<hr \/>\n<p style=\"text-align: justify;\">Cele Samorz\u0105du Uczniowskiego w Specjalnym O\u015brodku Szkolno-Wychowawczym Nr 1 w Elbl\u0105gu \u00a0koncentruj\u0105 si\u0119 na reprezentowaniu interes\u00f3w wychowank\u00f3w oraz przygotowaniu ich do aktywnego \u017cycia w spo\u0142ecze\u0144stwie.<\/p>\n<p style=\"text-align: justify;\">Nasze g\u0142\u00f3wne cele i zadania to:<\/p>\n<ul style=\"text-align: justify;\">\n<li><strong>Reprezentacja uczni\u00f3w<\/strong>: po\u015bredniczenie w kontaktach mi\u0119dzy spo\u0142eczno\u015bci\u0105 uczniowsk\u0105 a dyrekcj\u0105, rad\u0105 pedagogiczn\u0105 i rodzicami.<\/li>\n<li><strong>Rozwijanie samorz\u0105dno\u015bci<\/strong>: nauka podejmowania realnych decyzji dotycz\u0105cych \u017cycia szko\u0142y i rozwi\u0105zywania problem\u00f3w r\u00f3wie\u015bnik\u00f3w.<\/li>\n<li><strong>Integracja i atmosfera<\/strong>: budowanie silnych wi\u0119zi mi\u0119dzy uczniami oraz dbanie o \u017cyczliw\u0105, kole\u017ce\u0144sk\u0105 atmosfer\u0119 w plac\u00f3wce.<\/li>\n<li><strong>Organizowanie \u017cycia szkolnego<\/strong>: planowanie imprez okoliczno\u015bciowych, konkurs\u00f3w oraz wydarze\u0144 rozrywkowych i kulturalnych.<\/li>\n<li><strong>Kszta\u0142towanie postaw spo\u0142ecznych<\/strong>: tworzenie warunk\u00f3w do pracy na rzecz innych.<\/li>\n<li><strong>Ochrona praw ucznia<\/strong>: czuwanie nad przestrzeganiem praw wychowank\u00f3w i przedstawianie opinii w sprawach dotycz\u0105cych ich codziennego funkcjonowania w O\u015brodku.<\/li>\n<\/ul>\n<p style=\"text-align: justify;\">Dz.U.2024.737 t.j. Akt obowi\u0105zuj\u0105cy Wersja od: 11\u00a0stycznia 2025 r.<\/p>\n<p style=\"text-align: justify;\">Art.\u00a0\u00a085. [Samorz\u0105d uczniowski]\n1.\u00a0W szkole i\u00a0plac\u00f3wce dzia\u0142a samorz\u0105d uczniowski, zwany dalej &#8222;samorz\u0105dem&#8221;.<br \/>\n2.\u00a0Samorz\u0105d tworz\u0105 wszyscy uczniowie szko\u0142y lub plac\u00f3wki.<br \/>\n3.\u00a0Zasady wybierania i\u00a0dzia\u0142ania organ\u00f3w samorz\u0105du okre\u015bla regulamin uchwalany przez og\u00f3\u0142 uczni\u00f3w w g\u0142osowaniu r\u00f3wnym, tajnym i\u00a0powszechnym. Organy samorz\u0105du s\u0105 jedynymi reprezentantami og\u00f3\u0142u uczni\u00f3w.<br \/>\n4.\u00a0Regulamin samorz\u0105du nie mo\u017ce by\u0107 sprzeczny ze\u00a0statutem szko\u0142y lub plac\u00f3wki.<br \/>\n5.\u00a0Samorz\u0105d mo\u017ce przedstawia\u0107 radzie szko\u0142y lub plac\u00f3wki, radzie pedagogicznej oraz dyrektorowi wnioski i\u00a0opinie we wszystkich sprawach szko\u0142y lub plac\u00f3wki, w szczeg\u00f3lno\u015bci dotycz\u0105cych realizacji podstawowych praw uczni\u00f3w, takich jak:<br \/>\n1)\u00a0prawo do\u00a0zapoznawania si\u0119 z\u00a0programem nauczania, z\u00a0jego tre\u015bci\u0105, celem i\u00a0stawianymi wymaganiami;<br \/>\n2)\u00a0prawo do\u00a0jawnej i\u00a0umotywowanej oceny post\u0119p\u00f3w w nauce i\u00a0zachowaniu;<br \/>\n3)\u00a0prawo do\u00a0organizacji \u017cycia szkolnego, umo\u017cliwiaj\u0105ce zachowanie w\u0142a\u015bciwych proporcji mi\u0119dzy wysi\u0142kiem szkolnym a\u00a0mo\u017cliwo\u015bci\u0105 rozwijania i\u00a0zaspokajania w\u0142asnych zainteresowa\u0144;<br \/>\n4)\u00a0prawo redagowania i\u00a0wydawania gazety szkolnej;<br \/>\n5)\u00a0prawo organizowania dzia\u0142alno\u015bci kulturalnej, o\u015bwiatowej, sportowej oraz rozrywkowej zgodnie z\u00a0w\u0142asnymi potrzebami i\u00a0mo\u017cliwo\u015bciami organizacyjnymi w porozumieniu z\u00a0dyrektorem;<br \/>\n6)\u00a0prawo wyboru nauczyciela pe\u0142ni\u0105cego rol\u0119 opiekuna samorz\u0105du.<br \/>\n6.\u00a0Samorz\u0105d w porozumieniu z\u00a0dyrektorem szko\u0142y lub plac\u00f3wki mo\u017ce podejmowa\u0107 dzia\u0142ania z\u00a0zakresu wolontariatu.<br \/>\n7.\u00a0Samorz\u0105d mo\u017ce ze\u00a0swojego sk\u0142adu wy\u0142oni\u0107 rad\u0119 wolontariatu.<br \/>\n8.\u00a0Minister w\u0142a\u015bciwy do\u00a0spraw o\u015bwiaty i\u00a0wychowania okre\u015bli, w drodze rozporz\u0105dzenia, typy szk\u00f3\u0142 i\u00a0plac\u00f3wek, w kt\u00f3rych nie tworzy si\u0119 samorz\u0105du uczniowskiego ze\u00a0wzgl\u0119du na\u00a0konieczno\u015b\u0107 stosowania w szkole lub plac\u00f3wce specjalnej organizacji nauki i\u00a0metod pracy, a\u00a0tak\u017ce ze\u00a0wzgl\u0119d\u00f3w wychowawczych, opieku\u0144czych i\u00a0resocjalizacyjnych.<br \/>\n9.\u00a0Samorz\u0105d w szkole dla doros\u0142ych, bran\u017cowej szkole II stopnia, szkole policealnej, policealnej szkole artystycznej lub plac\u00f3wce kszta\u0142cenia ustawicznego, w celu wspierania dzia\u0142alno\u015bci statutowej szko\u0142y lub plac\u00f3wki, mo\u017ce gromadzi\u0107 fundusze z\u00a0dobrowolnych sk\u0142adek i\u00a0innych \u017ar\u00f3de\u0142. Zasady wydatkowania tych funduszy okre\u015bla regulamin, o\u00a0kt\u00f3rym mowa w ust. 3.<\/p>\n<p style=\"text-align: justify;\">\n","protected":false},"excerpt":{"rendered":"<p>Opiekunki: Sylwia Walczak &#8211; Dobosz, Monika Patecka KLIK &gt;&gt;&gt;\u00a0 Aktualno\u015bci Samorz\u0105du Uczniowskiego Cele Samorz\u0105du Uczniowskiego w Specjalnym O\u015brodku Szkolno-Wychowawczym Nr 1 w <a class=\"more-link\" href=\"https:\/\/www.sosw.elblag.com.pl\/index.php\/organizacje-w-osrdoku\/organizacje\/samorzad-uczniowski\/\">Czytaj dalej&#8230;<\/a><\/p>\n","protected":false},"author":1,"featured_media":0,"parent":213,"menu_order":2,"comment_status":"closed","ping_status":"closed","template":"","meta":{"footnotes":""},"class_list":["post-218","page","type-page","status-publish","hentry"],"_links":{"self":[{"href":"https:\/\/www.sosw.elblag.com.pl\/index.php\/wp-json\/wp\/v2\/pages\/218","targetHints":{"allow":["GET"]}}],"collection":[{"href":"https:\/\/www.sosw.elblag.com.pl\/index.php\/wp-json\/wp\/v2\/pages"}],"about":[{"href":"https:\/\/www.sosw.elblag.com.pl\/index.php\/wp-json\/wp\/v2\/types\/page"}],"author":[{"embeddable":true,"href":"https:\/\/www.sosw.elblag.com.pl\/index.php\/wp-json\/wp\/v2\/users\/1"}],"replies":[{"embeddable":true,"href":"https:\/\/www.sosw.elblag.com.pl\/index.php\/wp-json\/wp\/v2\/comments?post=218"}],"version-history":[{"count":5,"href":"https:\/\/www.sosw.elblag.com.pl\/index.php\/wp-json\/wp\/v2\/pages\/218\/revisions"}],"predecessor-version":[{"id":65235,"href":"https:\/\/www.sosw.elblag.com.pl\/index.php\/wp-json\/wp\/v2\/pages\/218\/revisions\/65235"}],"up":[{"embeddable":true,"href":"https:\/\/www.sosw.elblag.com.pl\/index.php\/wp-json\/wp\/v2\/pages\/213"}],"wp:attachment":[{"href":"https:\/\/www.sosw.elblag.com.pl\/index.php\/wp-json\/wp\/v2\/media?parent=218"}],"curies":[{"name":"wp","href":"https:\/\/api.w.org\/{rel}","templated":true}]}}