{"id":213,"date":"2015-08-28T00:28:04","date_gmt":"2015-08-27T22:28:04","guid":{"rendered":"http:\/\/www.sosw.elblag.com.pl\/wordpress\/?page_id=213"},"modified":"2026-03-11T08:03:53","modified_gmt":"2026-03-11T07:03:53","slug":"organizacje","status":"publish","type":"page","link":"https:\/\/www.sosw.elblag.com.pl\/index.php\/organizacje-w-osrdoku\/organizacje\/","title":{"rendered":"Organizacje i ko\u0142a zainteresowa\u0144"},"content":{"rendered":"<blockquote class=\"wp-embedded-content\" data-secret=\"l16WmSHnK0\"><p><a href=\"https:\/\/www.sosw.elblag.com.pl\/index.php\/organizacje-w-osrdoku\/organizacje\/szkolne-kolo-przyjaciol-biblioteki\/\">SZKOLNE KO\u0141O PRZYJACI\u00d3\u0141 BIBLIOTEKI<\/a><\/p><\/blockquote>\n<p><iframe loading=\"lazy\" class=\"wp-embedded-content\" sandbox=\"allow-scripts\" security=\"restricted\" style=\"position: absolute; visibility: hidden;\" title=\"&#8222;SZKOLNE KO\u0141O PRZYJACI\u00d3\u0141 BIBLIOTEKI&#8221; &#8212; Specjalny O\u015brodek Szkolno - Wychowawczy nr 1\" src=\"https:\/\/www.sosw.elblag.com.pl\/index.php\/organizacje-w-osrdoku\/organizacje\/szkolne-kolo-przyjaciol-biblioteki\/embed\/#?secret=GLcXbYBV9Q#?secret=l16WmSHnK0\" data-secret=\"l16WmSHnK0\" width=\"600\" height=\"338\" frameborder=\"0\" marginwidth=\"0\" marginheight=\"0\" scrolling=\"no\"><\/iframe><\/p>\n<blockquote class=\"wp-embedded-content\" data-secret=\"Gsf9oHjydH\"><p><a href=\"https:\/\/www.sosw.elblag.com.pl\/index.php\/organizacje-w-osrdoku\/organizacje\/samorzad-uczniowski\/\">Samorz\u0105d uczniowski<\/a><\/p><\/blockquote>\n<p><iframe loading=\"lazy\" class=\"wp-embedded-content\" sandbox=\"allow-scripts\" security=\"restricted\" style=\"position: absolute; visibility: hidden;\" title=\"&#8222;Samorz\u0105d uczniowski&#8221; &#8212; Specjalny O\u015brodek Szkolno - Wychowawczy nr 1\" src=\"https:\/\/www.sosw.elblag.com.pl\/index.php\/organizacje-w-osrdoku\/organizacje\/samorzad-uczniowski\/embed\/#?secret=zGnm7awfrI#?secret=Gsf9oHjydH\" data-secret=\"Gsf9oHjydH\" width=\"600\" height=\"338\" frameborder=\"0\" marginwidth=\"0\" marginheight=\"0\" scrolling=\"no\"><\/iframe><\/p>\n<blockquote class=\"wp-embedded-content\" data-secret=\"OgkPpv3QoE\"><p><a href=\"https:\/\/www.sosw.elblag.com.pl\/index.php\/organizacje-w-osrdoku\/organizacje\/szkolne-kolo-pck\/\">Szkolne ko\u0142o PCK<\/a><\/p><\/blockquote>\n<p><iframe loading=\"lazy\" class=\"wp-embedded-content\" sandbox=\"allow-scripts\" security=\"restricted\" style=\"position: absolute; visibility: hidden;\" title=\"&#8222;Szkolne ko\u0142o PCK&#8221; &#8212; Specjalny O\u015brodek Szkolno - Wychowawczy nr 1\" src=\"https:\/\/www.sosw.elblag.com.pl\/index.php\/organizacje-w-osrdoku\/organizacje\/szkolne-kolo-pck\/embed\/#?secret=MKiBKReKF2#?secret=OgkPpv3QoE\" data-secret=\"OgkPpv3QoE\" width=\"600\" height=\"338\" frameborder=\"0\" marginwidth=\"0\" marginheight=\"0\" scrolling=\"no\"><\/iframe><\/p>\n<blockquote class=\"wp-embedded-content\" data-secret=\"DcEQTJLBaR\"><p><a href=\"https:\/\/www.sosw.elblag.com.pl\/index.php\/organizacje-w-osrdoku\/organizacje\/klub-przedsiebiorczosci\/\">Klub przedsi\u0119biorczo\u015bci<\/a><\/p><\/blockquote>\n<p><iframe loading=\"lazy\" class=\"wp-embedded-content\" sandbox=\"allow-scripts\" security=\"restricted\" style=\"position: absolute; visibility: hidden;\" title=\"&#8222;Klub przedsi\u0119biorczo\u015bci&#8221; &#8212; Specjalny O\u015brodek Szkolno - Wychowawczy nr 1\" src=\"https:\/\/www.sosw.elblag.com.pl\/index.php\/organizacje-w-osrdoku\/organizacje\/klub-przedsiebiorczosci\/embed\/#?secret=PzA9ZjvmqX#?secret=DcEQTJLBaR\" data-secret=\"DcEQTJLBaR\" width=\"600\" height=\"338\" frameborder=\"0\" marginwidth=\"0\" marginheight=\"0\" scrolling=\"no\"><\/iframe><\/p>\n<blockquote class=\"wp-embedded-content\" data-secret=\"xtA92gV0g8\"><p><a href=\"https:\/\/www.sosw.elblag.com.pl\/index.php\/organizacje-w-osrdoku\/organizacje\/sekcja-olimpiad-specjalnych-rekord\/\">Klub &#8222;Rekord&#8221; Olimpiady Specjalne<\/a><\/p><\/blockquote>\n<p><iframe loading=\"lazy\" class=\"wp-embedded-content\" sandbox=\"allow-scripts\" security=\"restricted\" style=\"position: absolute; visibility: hidden;\" title=\"&#8222;Klub &#8222;Rekord&#8221; Olimpiady Specjalne&#8221; &#8212; Specjalny O\u015brodek Szkolno - Wychowawczy nr 1\" src=\"https:\/\/www.sosw.elblag.com.pl\/index.php\/organizacje-w-osrdoku\/organizacje\/sekcja-olimpiad-specjalnych-rekord\/embed\/#?secret=Rfb2rTyeUr#?secret=xtA92gV0g8\" data-secret=\"xtA92gV0g8\" width=\"600\" height=\"338\" frameborder=\"0\" marginwidth=\"0\" marginheight=\"0\" scrolling=\"no\"><\/iframe><\/p>\n<blockquote class=\"wp-embedded-content\" data-secret=\"Oz38Nihsnk\"><p><a href=\"https:\/\/www.sosw.elblag.com.pl\/index.php\/organizacje-w-osrdoku\/organizacje\/uczniowski-klub-kibica-invictus\/\">Uczniowski Klub Kibica \u201eInvictus\u201d<\/a><\/p><\/blockquote>\n<p><iframe loading=\"lazy\" class=\"wp-embedded-content\" sandbox=\"allow-scripts\" security=\"restricted\" style=\"position: absolute; visibility: hidden;\" title=\"&#8222;Uczniowski Klub Kibica \u201eInvictus\u201d&#8221; &#8212; Specjalny O\u015brodek Szkolno - Wychowawczy nr 1\" src=\"https:\/\/www.sosw.elblag.com.pl\/index.php\/organizacje-w-osrdoku\/organizacje\/uczniowski-klub-kibica-invictus\/embed\/#?secret=4kYTVeNOrR#?secret=Oz38Nihsnk\" data-secret=\"Oz38Nihsnk\" width=\"600\" height=\"338\" frameborder=\"0\" marginwidth=\"0\" marginheight=\"0\" scrolling=\"no\"><\/iframe><\/p>\n<p>&nbsp;<\/p>\n<blockquote class=\"wp-embedded-content\" data-secret=\"ltr7SN8r88\"><p><a href=\"https:\/\/www.sosw.elblag.com.pl\/index.php\/organizacje-w-osrdoku\/organizacje\/terapia-zajeciowa-komputery-kawiarenka\/\">Terapia Zaj\u0119ciowa Komputery \u201eKAWIARENKA\u201d<\/a><\/p><\/blockquote>\n<p><iframe loading=\"lazy\" class=\"wp-embedded-content\" sandbox=\"allow-scripts\" security=\"restricted\" style=\"position: absolute; visibility: hidden;\" title=\"&#8222;Terapia Zaj\u0119ciowa Komputery \u201eKAWIARENKA\u201d&#8221; &#8212; Specjalny O\u015brodek Szkolno - Wychowawczy nr 1\" src=\"https:\/\/www.sosw.elblag.com.pl\/index.php\/organizacje-w-osrdoku\/organizacje\/terapia-zajeciowa-komputery-kawiarenka\/embed\/#?secret=InxN5gdE3o#?secret=ltr7SN8r88\" data-secret=\"ltr7SN8r88\" width=\"600\" height=\"338\" frameborder=\"0\" marginwidth=\"0\" marginheight=\"0\" scrolling=\"no\"><\/iframe><\/p>\n<p>&nbsp;<\/p>\n","protected":false},"excerpt":{"rendered":"<p>SZKOLNE KO\u0141O PRZYJACI\u00d3\u0141 BIBLIOTEKI Samorz\u0105d uczniowski Szkolne ko\u0142o PCK Klub przedsi\u0119biorczo\u015bci Klub &#8222;Rekord&#8221; Olimpiady Specjalne Uczniowski Klub Kibica \u201eInvictus\u201d &nbsp; Terapia Zaj\u0119ciowa <a class=\"more-link\" href=\"https:\/\/www.sosw.elblag.com.pl\/index.php\/organizacje-w-osrdoku\/organizacje\/\">Czytaj dalej&#8230;<\/a><\/p>\n","protected":false},"author":1,"featured_media":0,"parent":11,"menu_order":3,"comment_status":"closed","ping_status":"closed","template":"","meta":{"footnotes":""},"class_list":["post-213","page","type-page","status-publish","hentry"],"_links":{"self":[{"href":"https:\/\/www.sosw.elblag.com.pl\/index.php\/wp-json\/wp\/v2\/pages\/213","targetHints":{"allow":["GET"]}}],"collection":[{"href":"https:\/\/www.sosw.elblag.com.pl\/index.php\/wp-json\/wp\/v2\/pages"}],"about":[{"href":"https:\/\/www.sosw.elblag.com.pl\/index.php\/wp-json\/wp\/v2\/types\/page"}],"author":[{"embeddable":true,"href":"https:\/\/www.sosw.elblag.com.pl\/index.php\/wp-json\/wp\/v2\/users\/1"}],"replies":[{"embeddable":true,"href":"https:\/\/www.sosw.elblag.com.pl\/index.php\/wp-json\/wp\/v2\/comments?post=213"}],"version-history":[{"count":3,"href":"https:\/\/www.sosw.elblag.com.pl\/index.php\/wp-json\/wp\/v2\/pages\/213\/revisions"}],"predecessor-version":[{"id":65326,"href":"https:\/\/www.sosw.elblag.com.pl\/index.php\/wp-json\/wp\/v2\/pages\/213\/revisions\/65326"}],"up":[{"embeddable":true,"href":"https:\/\/www.sosw.elblag.com.pl\/index.php\/wp-json\/wp\/v2\/pages\/11"}],"wp:attachment":[{"href":"https:\/\/www.sosw.elblag.com.pl\/index.php\/wp-json\/wp\/v2\/media?parent=213"}],"curies":[{"name":"wp","href":"https:\/\/api.w.org\/{rel}","templated":true}]}}