{"id":20496,"date":"2020-09-22T01:05:01","date_gmt":"2020-09-21T23:05:01","guid":{"rendered":"http:\/\/www.sosw.elblag.com.pl\/?page_id=20496"},"modified":"2021-03-12T12:28:49","modified_gmt":"2021-03-12T11:28:49","slug":"deklaracja-dostepnosci","status":"publish","type":"page","link":"https:\/\/www.sosw.elblag.com.pl\/index.php\/deklaracja-dostepnosci\/","title":{"rendered":"Deklaracja Dost\u0119pno\u015bci"},"content":{"rendered":"<h2>Deklaracja dost\u0119pno\u015bci cyfrowej dla strony internetowej<\/h2>\n<p>Specjalny O\u015brodek Szkolno &#8211; Wychowawczy Nr1 w Elbbl\u0105u zobowi\u0105zuje si\u0119 zapewni\u0107 dost\u0119pno\u015b\u0107 swojej strony internetowej zgodnie z przepisami ustawy z dnia 4 kwietnia 2019 r. o dost\u0119pno\u015bci cyfrowej stron internetowych i aplikacji mobilnych podmiot\u00f3w publicznych. O\u015bwiadczenie w sprawie dost\u0119pno\u015bci ma zastosowanie do strony internetowej <a href=\"https:\/\/www.sosw.elblag.com.pl\/\">www.sosw.elblag.com.pl<\/a><\/p>\n<ul>\n<li>Data publikacji strony internetowej: <time id=\"a11y-data-publikacja\" datetime=\"2019-09-01\">06.09.2015r.<br \/>\n<\/time><\/li>\n<li>Data ostatniej istotnej aktualizacji: <time id=\"a11y-data-aktualizacja\" datetime=\"2020-02-22\">15.09.2020r.<\/time><\/li>\n<\/ul>\n<h2>Status pod wzgl\u0119dem zgodno\u015bci<\/h2>\n<p id=\"a11y-status\">Strona internetowa jest cz\u0119\u015bciowo zgodna z ustaw\u0105 o dost\u0119pno\u015bci cyfrowej stron internetowych i aplikacji mobilnych podmiot\u00f3w publicznych z powodu niezgodno\u015bci lub wy\u0142\u0105cze\u0144 wymienionych poni\u017cej:<\/p>\n<ul>\n<li>Na stronie internetowej znajduj\u0105 si\u0119 filmy, do kt\u00f3rych nie dodano napis\u00f3w dla os\u00f3b G\u0142uchych.<\/li>\n<li><span style=\"font-size: 16px; font-weight: 300;\">Zdj\u0119cia z wydarze\u0144 nie posiadaj\u0105 pe\u0142nych opis\u00f3w alternatywnych maj\u0105 one charakter promocyjny i nie s\u0105 wykorzystywane do realizacji bie\u017c\u0105cych zada\u0144.<\/span><\/li>\n<\/ul>\n<h3>Przygotowanie deklaracji w sprawie dost\u0119pno\u015bci<\/h3>\n<ul>\n<li>Deklaracj\u0119 sporz\u0105dzono dnia: <time id=\"a11y-data-sporzadzenie\" datetime=\"2019-12-30\">2020-09-22<\/time><\/li>\n<li>Deklaracj\u0119 zosta\u0142a ostatnio poddana przegl\u0105dowi i aktualizacji dnia: <time id=\"a11y-data-deklaracja-przeglad\" datetime=\"2020-02-22\">2020-09-22<\/time><\/li>\n<\/ul>\n<p>Deklaracj\u0119 sporz\u0105dzono na podstawie samooceny przeprowadzonej przez podmiot publiczny.<\/p>\n<h3>U\u0142atwienia na stronie internetowej<\/h3>\n<ul>\n<li>mo\u017cliwo\u015b\u0107 dostosowania strony korzystaj\u0105c z narz\u0119dzi dost\u0119pno\u015bci (ustawienie kontrastu, mo\u017cliwo\u015b\u0107 powi\u0119kszenia wielko\u015bci liter na stronie, ustawienia skali szaro\u015bci oraz pod\u015bwietlanych link\u00f3w<\/li>\n<li>mapa strony \u2013 w prawym dolnym rogu<\/li>\n<li>u\u017cytkownicy korzystaj\u0105cy wy\u0142\u0105cznie z klawiatury mog\u0105 porusza\u0107 si\u0119 po serwisie za pomoc\u0105 klawisza Tab + Enter<\/li>\n<\/ul>\n<h2 id=\"a11y-kontakt\">Informacje zwrotne i dane kontaktowe<\/h2>\n<p>Osoba do kontaktu w sprawie dost\u0119pno\u015bci:\u00a0<span id=\"\u201ea11y-osoba\u201d\">Hanna Wilkaniec<\/span><br \/>\ne-mail: <a href=\"mailto:soswnr1eg@wp.pl\">soswnr1eg@wp.pl<\/a><br \/>\ntelefon:\u00a0<span id=\"\u201ea11y-telefon\u201d\">55 625 83 47<br \/>\n<\/span><\/p>\n<p>T\u0105 sam\u0105 drog\u0105 mo\u017cna sk\u0142ada\u0107 wnioski o udost\u0119pnienie informacji niedost\u0119pnej oraz sk\u0142ada\u0107 skargi na brak zapewnienia dost\u0119pno\u015bci.<\/p>\n<h2>Informacje na temat procedury<\/h2>\n<div id=\"a11y-procedura\">\n<p>Ka\u017cdy ma prawo do wyst\u0105pienia z \u017c\u0105daniem zapewnienia dost\u0119pno\u015bci cyfrowej strony internetowej, aplikacji mobilnej lub jakiego\u015b ich elementu. Mo\u017cna tak\u017ce za\u017c\u0105da\u0107 udost\u0119pnienia informacji za pomoc\u0105 alternatywnego sposobu dost\u0119pu. \u017b\u0105danie powinno zawiera\u0107 dane osoby zg\u0142aszaj\u0105cej \u017c\u0105danie, wskazanie, o kt\u00f3r\u0105 stron\u0119 internetow\u0105 lub aplikacj\u0119 mobiln\u0105 chodzi oraz spos\u00f3b kontaktu. Je\u017celi osoba \u017c\u0105daj\u0105ca zg\u0142asza potrzeb\u0119 otrzymania informacji za pomoc\u0105 alternatywnego sposobu dost\u0119pu, powinna tak\u017ce okre\u015bli\u0107 dogodny dla niej spos\u00f3b przedstawienia tej informacji. Podmiot publiczny powinien zrealizowa\u0107 \u017c\u0105danie niezw\u0142ocznie, nie p\u00f3\u017aniej ni\u017c w ci\u0105gu 7 dni od dnia wyst\u0105pienia z \u017c\u0105daniem. Je\u017celi dotrzymanie tego terminu nie jest mo\u017cliwe, podmiot publiczny niezw\u0142ocznie informuje o tym wnosz\u0105cego \u017c\u0105danie, kiedy realizacja \u017c\u0105dania b\u0119dzie mo\u017cliwa, przy czym termin ten nie mo\u017ce by\u0107 d\u0142u\u017cszy ni\u017c 2 miesi\u0105ce od dnia wyst\u0105pienia z \u017c\u0105daniem. Je\u017celi zapewnienie dost\u0119pno\u015bci cyfrowej nie jest mo\u017cliwe, podmiot publiczny mo\u017ce zaproponowa\u0107 alternatywny spos\u00f3b dost\u0119pu do informacji. W przypadku, gdy podmiot publiczny odm\u00f3wi realizacji \u017c\u0105dania zapewnienia dost\u0119pno\u015bci lub alternatywnego sposobu dost\u0119pu do informacji, wnosz\u0105cy \u017c\u0105danie mo\u017cne z\u0142o\u017cy\u0107 skarg\u0119 w sprawie zapewniana dost\u0119pno\u015bci cyfrowej strony internetowej, aplikacji mobilnej lub elementu strony internetowej, lub aplikacji mobilnej. Po wyczerpaniu wskazanej wy\u017cej procedury mo\u017cna tak\u017ce z\u0142o\u017cy\u0107 wniosek do Rzecznika Praw Obywatelskich.<\/p>\n<\/div>\n<h3>Strona internetowa Rzecznika Praw Obywatelskich:<\/h3>\n<p><a href=\"https:\/\/www.rpo.gov.pl\/\" target=\"_blank\" rel=\"noopener noreferrer\"> https:\/\/www.rpo.gov.pl\/ <\/a><\/p>\n<h3>Dane teleadresowe podmiotu publicznego:<\/h3>\n<p>82-300 Elbl\u0105g, ul. Miko\u0142aja Kopernika 27<br \/>\nTel.: 55 625 83 41<br \/>\nFaks: 55 625 83 50<br \/>\nE-mail:\u00a0<span class=\"liam50\"><a href=\"mailto:sosw1@elblag.eu\">sosw1@elblag.eu<\/a><\/span><br \/>\nStrona internetowa:<a href=\"https:\/\/www.sosw.elblag.com.pl\/\"> www.sosw.elblag.com.pl<\/a><\/p>\n<h3><strong>Dost\u0119pno\u015b\u0107 architektoniczna<\/strong><\/h3>\n<p><strong>Opis dost\u0119pno\u015bci wej\u015bcia do budynku i przechodzenie przez obszar kontroli.<\/strong><\/p>\n<p>Wej\u015bcie g\u0142\u00f3wne do budynku\u00a0 szko\u0142y\u00a0 jest usytuowane od\u00a0 ul. Kopernika oraz od ul. Nowowiejskiej. Jest zadaszone i wykonane z kilku stopni schodowych. Jest ono og\u00f3lnodost\u0119pne w godzinach pracy szko\u0142y. Osobami oddelegowanymi do udzielania informacji przy wej\u015bciu g\u0142\u00f3wnym s\u0105 pracownicy obs\u0142ugi. W sekretariacie szko\u0142y jest podgl\u0105d monitoringu obejmuj\u0105cy wej\u015bcie g\u0142\u00f3wne, teren wok\u00f3\u0142 szko\u0142y oraz korytarze przy salach lekcyjnych.<\/p>\n<p>Wej\u015bcie dla os\u00f3b niepe\u0142nosprawnych poruszaj\u0105cych si\u0119 na w\u00f3zkach inwalidzkich znajduje si\u0119 od ul. Kopernika z poziomu parkingu.<\/p>\n<p><strong>Opis dost\u0119pno\u015bci pomieszcze\u0144, korytarzy, schod\u00f3w i wind.<\/strong><\/p>\n<p>W budynku szko\u0142y korytarze, schody i balustrady schod\u00f3w s\u0105 zgodne z prawem budowlanym. Drogi ewakuacyjne wewn\u0105trz budynku s\u0105 oznakowane.<\/p>\n<p>Toalety s\u0105 przystosowane dla os\u00f3b niepe\u0142nosprawnych.<br \/>\nW budynku nie ma wind, osoby niepe\u0142nosprawne poruszaj\u0105ce si\u0119 na w\u00f3zkach inwalidzkich przedostaj\u0105 si\u0119 na wy\u017csze kondygnacje za pomoc\u0105 schodo\u0142azu.<strong>\u00a0<\/strong><\/p>\n<p><strong>Opis dostosowa\u0144 pochylni, platform, informacji g\u0142osowych, p\u0119tlach indukcyjnych<\/strong><br \/>\nW budynku szko\u0142y\u00a0 nie ma zamontowanych platform, informacji g\u0142osowych, p\u0119tli indukcyjnych.<\/p>\n<p><strong>Informacje o miejscu i sposobie korzystania z miejsc parkingowych wyznaczonych dla os\u00f3b niepe\u0142nosprawnych<\/strong><br \/>\nNa terenie plac\u00f3wki miejsca parkingowe\u00a0 z wyznaczonym miejscem postojowym dla pojazd\u00f3w przeznaczonych dla os\u00f3b niepe\u0142nosprawnych znajduj\u0105 si\u0119 naprzeciwko wej\u015bcia dla os\u00f3b niepe\u0142nosprawnych poruszaj\u0105cych si\u0119 na w\u00f3zkach inwalidzkich.<\/p>\n<p><strong>Informacja o prawie wst\u0119pu z psem asystuj\u0105cym i ewentualnych uzasadnionych ograniczeniach<\/strong><br \/>\nDo szko\u0142y mo\u017ce wej\u015b\u0107 osoba z psem asystuj\u0105cym.<\/p>\n<p><strong>Informacja o mo\u017cliwo\u015bci skorzystania z t\u0142umacza\u00a0 j\u0119zyka migowego na miejscu lub online.\u00a0\u00a0<\/strong><br \/>\nNa terenie plac\u00f3wki nie ma mo\u017cliwo\u015bci skorzystania z t\u0142umacza j\u0119zyka migowego.<\/p>\n","protected":false},"excerpt":{"rendered":"<p>Deklaracja dost\u0119pno\u015bci cyfrowej dla strony internetowej Specjalny O\u015brodek Szkolno &#8211; Wychowawczy Nr1 w Elbbl\u0105u zobowi\u0105zuje si\u0119 zapewni\u0107 dost\u0119pno\u015b\u0107 swojej strony internetowej zgodnie <a class=\"more-link\" href=\"https:\/\/www.sosw.elblag.com.pl\/index.php\/deklaracja-dostepnosci\/\">Czytaj dalej&#8230;<\/a><\/p>\n","protected":false},"author":1,"featured_media":0,"parent":0,"menu_order":11,"comment_status":"closed","ping_status":"closed","template":"","meta":{"footnotes":""},"class_list":["post-20496","page","type-page","status-publish","hentry"],"_links":{"self":[{"href":"https:\/\/www.sosw.elblag.com.pl\/index.php\/wp-json\/wp\/v2\/pages\/20496","targetHints":{"allow":["GET"]}}],"collection":[{"href":"https:\/\/www.sosw.elblag.com.pl\/index.php\/wp-json\/wp\/v2\/pages"}],"about":[{"href":"https:\/\/www.sosw.elblag.com.pl\/index.php\/wp-json\/wp\/v2\/types\/page"}],"author":[{"embeddable":true,"href":"https:\/\/www.sosw.elblag.com.pl\/index.php\/wp-json\/wp\/v2\/users\/1"}],"replies":[{"embeddable":true,"href":"https:\/\/www.sosw.elblag.com.pl\/index.php\/wp-json\/wp\/v2\/comments?post=20496"}],"version-history":[{"count":10,"href":"https:\/\/www.sosw.elblag.com.pl\/index.php\/wp-json\/wp\/v2\/pages\/20496\/revisions"}],"predecessor-version":[{"id":34158,"href":"https:\/\/www.sosw.elblag.com.pl\/index.php\/wp-json\/wp\/v2\/pages\/20496\/revisions\/34158"}],"wp:attachment":[{"href":"https:\/\/www.sosw.elblag.com.pl\/index.php\/wp-json\/wp\/v2\/media?parent=20496"}],"curies":[{"name":"wp","href":"https:\/\/api.w.org\/{rel}","templated":true}]}}