{"id":20447,"date":"2020-09-21T08:51:03","date_gmt":"2020-09-21T06:51:03","guid":{"rendered":"http:\/\/www.sosw.elblag.com.pl\/?page_id=20447"},"modified":"2021-04-27T07:41:32","modified_gmt":"2021-04-27T05:41:32","slug":"koronawirus-informacje-2","status":"publish","type":"page","link":"https:\/\/www.sosw.elblag.com.pl\/index.php\/osrodek\/koronawirus-informacje-2\/","title":{"rendered":"KORONAWIRUS &#8211; informacje"},"content":{"rendered":"<hr \/>\r\n<div class=\"su-button-center\"><a href=\"https:\/\/www.gov.pl\/web\/koronawirus\" class=\"su-button su-button-style-default\" style=\"color:#FFFFFF;background-color:#f01c27;border-color:#c01720;border-radius:5px\" target=\"_blank\" rel=\"noopener noreferrer\" title=\"Koronawirus\"><span style=\"color:#FFFFFF;padding:0px 16px;font-size:13px;line-height:26px;border-color:#f56168;border-radius:5px;text-shadow:none\"> Koronawirus: aktualne informacje i zalecenia<small style=\"padding-bottom:6px;color:#FFFFFF\">dowiedz si\u0119 wi\u0119cej<\/small><\/span><\/a><\/div>\r\n<hr class=\"wp-block-separator is-style-wide\" \/>\r\n\r\n\r\n<div class=\"wp-block-buttons is-layout-flex wp-block-buttons-is-layout-flex\">\r\n<div class=\"wp-block-button\"><a class=\"wp-block-button__link has-black-color has-light-green-cyan-background-color has-text-color has-background\" href=\"https:\/\/www.sosw.elblag.com.pl\/index.php\/osrodek\/koronawirus-informacje-2\/\">Informacje<\/a><\/div>\r\n\r\n\r\n\r\n<div class=\"wp-block-button\"><a class=\"wp-block-button__link has-black-color has-light-green-cyan-background-color has-text-color has-background\" href=\"https:\/\/www.sosw.elblag.com.pl\/index.php\/osrodek\/koronawirus-informacje-2\/koronawirus-informacje\/\">Do pobrania<\/a><\/div>\r\n<\/div>\r\n\r\n\r\n<hr class=\"wp-block-separator is-style-wide\" \/>\r\n\r\n\r\n<figure class=\"wp-block-image size-large\"><a href=\"https:\/\/www.sosw.elblag.com.pl\/wp-content\/uploads\/2020\/09\/Bezpieczny_powrot_do_szkoly_-_rodzice-724x1024.jpg\" target=\"_blank\" rel=\"noopener noreferrer\"><img loading=\"lazy\" decoding=\"async\" class=\"alignnone wp-image-20460\" title=\"Plakat dla rodzic\u00f3w - Bezpieczny powr\u00f3t do szk\u00f3\u0142\" src=\"https:\/\/www.sosw.elblag.com.pl\/wp-content\/uploads\/2020\/09\/Bezpieczny_powrot_do_szkoly_-_rodzice-724x1024.jpg\" alt=\"Plakat dla rodzic\u00f3w - Bezpieczny powr\u00f3t do szk\u00f3\u0142\" width=\"724\" height=\"1024\" srcset=\"https:\/\/www.sosw.elblag.com.pl\/wp-content\/uploads\/2020\/09\/Bezpieczny_powrot_do_szkoly_-_rodzice-724x1024.jpg 724w, https:\/\/www.sosw.elblag.com.pl\/wp-content\/uploads\/2020\/09\/Bezpieczny_powrot_do_szkoly_-_rodzice-212x300.jpg 212w, https:\/\/www.sosw.elblag.com.pl\/wp-content\/uploads\/2020\/09\/Bezpieczny_powrot_do_szkoly_-_rodzice-768x1086.jpg 768w, https:\/\/www.sosw.elblag.com.pl\/wp-content\/uploads\/2020\/09\/Bezpieczny_powrot_do_szkoly_-_rodzice-1086x1536.jpg 1086w, https:\/\/www.sosw.elblag.com.pl\/wp-content\/uploads\/2020\/09\/Bezpieczny_powrot_do_szkoly_-_rodzice-1448x2048.jpg 1448w, https:\/\/www.sosw.elblag.com.pl\/wp-content\/uploads\/2020\/09\/Bezpieczny_powrot_do_szkoly_-_rodzice-scaled.jpg 1810w\" sizes=\"auto, (max-width: 724px) 100vw, 724px\" \/><\/a><\/figure>\r\n\r\n\r\n\r\n<figure class=\"wp-block-image size-large\"><a href=\"https:\/\/www.sosw.elblag.com.pl\/wp-content\/uploads\/2020\/09\/Bezpieczny_powrot_do_szkoly_-_uczniowie-724x1024.jpg\" target=\"_blank\" rel=\"noopener noreferrer\"><img loading=\"lazy\" decoding=\"async\" class=\"alignnone wp-image-20450\" title=\"Plakat dla uczni\u00f3w - Bezpieczny powr\u00f3t do szk\u00f3\u0142\" src=\"https:\/\/www.sosw.elblag.com.pl\/wp-content\/uploads\/2020\/09\/Bezpieczny_powrot_do_szkoly_-_uczniowie-724x1024.jpg\" alt=\"Plakat dla uczni\u00f3w - Bezpieczny powr\u00f3t do szk\u00f3\u0142\" width=\"724\" height=\"1024\" srcset=\"https:\/\/www.sosw.elblag.com.pl\/wp-content\/uploads\/2020\/09\/Bezpieczny_powrot_do_szkoly_-_uczniowie-724x1024.jpg 724w, https:\/\/www.sosw.elblag.com.pl\/wp-content\/uploads\/2020\/09\/Bezpieczny_powrot_do_szkoly_-_uczniowie-212x300.jpg 212w, https:\/\/www.sosw.elblag.com.pl\/wp-content\/uploads\/2020\/09\/Bezpieczny_powrot_do_szkoly_-_uczniowie-768x1086.jpg 768w, https:\/\/www.sosw.elblag.com.pl\/wp-content\/uploads\/2020\/09\/Bezpieczny_powrot_do_szkoly_-_uczniowie-1086x1536.jpg 1086w, https:\/\/www.sosw.elblag.com.pl\/wp-content\/uploads\/2020\/09\/Bezpieczny_powrot_do_szkoly_-_uczniowie-1448x2048.jpg 1448w, https:\/\/www.sosw.elblag.com.pl\/wp-content\/uploads\/2020\/09\/Bezpieczny_powrot_do_szkoly_-_uczniowie-scaled.jpg 1810w\" sizes=\"auto, (max-width: 724px) 100vw, 724px\" \/><\/a><\/figure>\r\n\r\n\r\n\r\n<figure class=\"wp-block-image size-large\"><a href=\"https:\/\/www.sosw.elblag.com.pl\/wp-content\/uploads\/2020\/09\/jak_zapobiegac_zakazeniu-735x1024.jpg\" target=\"_blank\" rel=\"noopener noreferrer\"><img loading=\"lazy\" decoding=\"async\" class=\"alignnone wp-image-20462\" title=\"Koronawirus - Jak zapobiega\u0107 zaka\u017ceniu?\" src=\"https:\/\/www.sosw.elblag.com.pl\/wp-content\/uploads\/2020\/09\/jak_zapobiegac_zakazeniu-735x1024.jpg\" alt=\"Koronawirus - Jak zapobiega\u0107 zaka\u017ceniu?\" width=\"735\" height=\"1024\" srcset=\"https:\/\/www.sosw.elblag.com.pl\/wp-content\/uploads\/2020\/09\/jak_zapobiegac_zakazeniu-735x1024.jpg 735w, https:\/\/www.sosw.elblag.com.pl\/wp-content\/uploads\/2020\/09\/jak_zapobiegac_zakazeniu-215x300.jpg 215w, https:\/\/www.sosw.elblag.com.pl\/wp-content\/uploads\/2020\/09\/jak_zapobiegac_zakazeniu-768x1071.jpg 768w, https:\/\/www.sosw.elblag.com.pl\/wp-content\/uploads\/2020\/09\/jak_zapobiegac_zakazeniu-1102x1536.jpg 1102w, https:\/\/www.sosw.elblag.com.pl\/wp-content\/uploads\/2020\/09\/jak_zapobiegac_zakazeniu-1469x2048.jpg 1469w, https:\/\/www.sosw.elblag.com.pl\/wp-content\/uploads\/2020\/09\/jak_zapobiegac_zakazeniu-scaled.jpg 1836w\" sizes=\"auto, (max-width: 735px) 100vw, 735px\" \/><\/a><\/figure>\r\n\r\n\r\n\r\n<figure class=\"wp-block-image size-large\"><a href=\"https:\/\/www.sosw.elblag.com.pl\/wp-content\/uploads\/2020\/09\/4_wazne_zasady-1-724x1024.jpg\" target=\"_blank\" rel=\"noopener noreferrer\"><img loading=\"lazy\" decoding=\"async\" class=\"alignnone wp-image-20463\" title=\"koronawirus - cztery proste zasady\" src=\"https:\/\/www.sosw.elblag.com.pl\/wp-content\/uploads\/2020\/09\/4_wazne_zasady-1-724x1024.jpg\" alt=\"koronawirus - cztery proste zasady\" width=\"724\" height=\"1024\" srcset=\"https:\/\/www.sosw.elblag.com.pl\/wp-content\/uploads\/2020\/09\/4_wazne_zasady-1-724x1024.jpg 724w, https:\/\/www.sosw.elblag.com.pl\/wp-content\/uploads\/2020\/09\/4_wazne_zasady-1-212x300.jpg 212w, https:\/\/www.sosw.elblag.com.pl\/wp-content\/uploads\/2020\/09\/4_wazne_zasady-1-768x1086.jpg 768w, https:\/\/www.sosw.elblag.com.pl\/wp-content\/uploads\/2020\/09\/4_wazne_zasady-1-1086x1536.jpg 1086w, https:\/\/www.sosw.elblag.com.pl\/wp-content\/uploads\/2020\/09\/4_wazne_zasady-1-1448x2048.jpg 1448w, https:\/\/www.sosw.elblag.com.pl\/wp-content\/uploads\/2020\/09\/4_wazne_zasady-1-scaled.jpg 1810w\" sizes=\"auto, (max-width: 724px) 100vw, 724px\" \/><\/a><\/figure>\r\n","protected":false},"excerpt":{"rendered":"","protected":false},"author":1,"featured_media":0,"parent":7,"menu_order":9,"comment_status":"closed","ping_status":"closed","template":"","meta":{"footnotes":""},"class_list":["post-20447","page","type-page","status-publish","hentry"],"_links":{"self":[{"href":"https:\/\/www.sosw.elblag.com.pl\/index.php\/wp-json\/wp\/v2\/pages\/20447","targetHints":{"allow":["GET"]}}],"collection":[{"href":"https:\/\/www.sosw.elblag.com.pl\/index.php\/wp-json\/wp\/v2\/pages"}],"about":[{"href":"https:\/\/www.sosw.elblag.com.pl\/index.php\/wp-json\/wp\/v2\/types\/page"}],"author":[{"embeddable":true,"href":"https:\/\/www.sosw.elblag.com.pl\/index.php\/wp-json\/wp\/v2\/users\/1"}],"replies":[{"embeddable":true,"href":"https:\/\/www.sosw.elblag.com.pl\/index.php\/wp-json\/wp\/v2\/comments?post=20447"}],"version-history":[{"count":14,"href":"https:\/\/www.sosw.elblag.com.pl\/index.php\/wp-json\/wp\/v2\/pages\/20447\/revisions"}],"predecessor-version":[{"id":34481,"href":"https:\/\/www.sosw.elblag.com.pl\/index.php\/wp-json\/wp\/v2\/pages\/20447\/revisions\/34481"}],"up":[{"embeddable":true,"href":"https:\/\/www.sosw.elblag.com.pl\/index.php\/wp-json\/wp\/v2\/pages\/7"}],"wp:attachment":[{"href":"https:\/\/www.sosw.elblag.com.pl\/index.php\/wp-json\/wp\/v2\/media?parent=20447"}],"curies":[{"name":"wp","href":"https:\/\/api.w.org\/{rel}","templated":true}]}}