{"id":20345,"date":"2020-08-31T14:14:57","date_gmt":"2020-08-31T12:14:57","guid":{"rendered":"http:\/\/www.sosw.elblag.com.pl\/?page_id=20345"},"modified":"2020-09-21T09:30:28","modified_gmt":"2020-09-21T07:30:28","slug":"koronawirus-informacje","status":"publish","type":"page","link":"https:\/\/www.sosw.elblag.com.pl\/index.php\/osrodek\/koronawirus-informacje-2\/koronawirus-informacje\/","title":{"rendered":"KORONAWIRUS &#8211; do pobrania"},"content":{"rendered":"\n<hr class=\"wp-block-separator is-style-wide\"\/>\n\n\n\n<div class=\"wp-block-group\"><div class=\"wp-block-group__inner-container is-layout-flow wp-block-group-is-layout-flow\">\n<div class=\"wp-block-buttons is-layout-flex wp-block-buttons-is-layout-flex\">\n<div class=\"wp-block-button\"><a class=\"wp-block-button__link\" href=\"https:\/\/www.sosw.elblag.com.pl\/index.php\/osrodek\/koronawirus-informacje-2\/\">Informacje<\/a><\/div>\n\n\n\n<div class=\"wp-block-button\"><a class=\"wp-block-button__link\" href=\"https:\/\/www.sosw.elblag.com.pl\/index.php\/osrodek\/koronawirus-informacje-2\/koronawirus-informacje\/\">Do pobrania<\/a><\/div>\n<\/div>\n\n\n\n<hr class=\"wp-block-separator is-style-wide\"\/>\n\n\n\n<div class=\"wp-block-file\"><a href=\"https:\/\/www.sosw.elblag.com.pl\/wp-content\/uploads\/2020\/08\/COVID-19.pdf\" target=\"_blank\" rel=\"noreferrer noopener\"><span class=\"has-inline-color has-vivid-red-color\">Wewn\u0119trzne procedury bezpiecze\u0144stwa w celu zapobiegania i przeciwdzia\u0142ania COVID-19 w\u015br\u00f3d uczni\u00f3w, rodzic\u00f3w i pracownik\u00f3w szko\u0142y obowi\u0105zuj\u0105ca na terenie Specjalnego O\u015brodka Szkolno Wychowawczego Nr 1 w Elbl\u0105gu obowi\u0105zuj\u0105ce od 1 wrze\u015bnia 2020r.<\/span><\/a><a href=\"https:\/\/www.sosw.elblag.com.pl\/wp-content\/uploads\/2020\/08\/COVID-19.pdf\" class=\"wp-block-file__button\" download>Pobierz<\/a><\/div>\n<\/div><\/div>\n\n\n\n<div class=\"wp-block-group\"><div class=\"wp-block-group__inner-container is-layout-flow wp-block-group-is-layout-flow\">\n<div class=\"wp-block-file\"><a href=\"https:\/\/www.sosw.elblag.com.pl\/wp-content\/uploads\/2020\/09\/Aplikacja-ProteGOSafe.pdf\"><span class=\"has-inline-color has-vivid-red-color\">Aplikacja ProteGOSafe<\/span><\/a><a href=\"https:\/\/www.sosw.elblag.com.pl\/wp-content\/uploads\/2020\/09\/Aplikacja-ProteGOSafe.pdf\" class=\"wp-block-file__button\" download>Pobierz<\/a><\/div>\n\n\n\n<p><\/p>\n<\/div><\/div>\n\n\n\n<p><\/p>\n","protected":false},"excerpt":{"rendered":"","protected":false},"author":1,"featured_media":0,"parent":20447,"menu_order":9,"comment_status":"closed","ping_status":"closed","template":"","meta":{"footnotes":""},"class_list":["post-20345","page","type-page","status-publish","hentry"],"_links":{"self":[{"href":"https:\/\/www.sosw.elblag.com.pl\/index.php\/wp-json\/wp\/v2\/pages\/20345","targetHints":{"allow":["GET"]}}],"collection":[{"href":"https:\/\/www.sosw.elblag.com.pl\/index.php\/wp-json\/wp\/v2\/pages"}],"about":[{"href":"https:\/\/www.sosw.elblag.com.pl\/index.php\/wp-json\/wp\/v2\/types\/page"}],"author":[{"embeddable":true,"href":"https:\/\/www.sosw.elblag.com.pl\/index.php\/wp-json\/wp\/v2\/users\/1"}],"replies":[{"embeddable":true,"href":"https:\/\/www.sosw.elblag.com.pl\/index.php\/wp-json\/wp\/v2\/comments?post=20345"}],"version-history":[{"count":15,"href":"https:\/\/www.sosw.elblag.com.pl\/index.php\/wp-json\/wp\/v2\/pages\/20345\/revisions"}],"predecessor-version":[{"id":20465,"href":"https:\/\/www.sosw.elblag.com.pl\/index.php\/wp-json\/wp\/v2\/pages\/20345\/revisions\/20465"}],"up":[{"embeddable":true,"href":"https:\/\/www.sosw.elblag.com.pl\/index.php\/wp-json\/wp\/v2\/pages\/20447"}],"wp:attachment":[{"href":"https:\/\/www.sosw.elblag.com.pl\/index.php\/wp-json\/wp\/v2\/media?parent=20345"}],"curies":[{"name":"wp","href":"https:\/\/api.w.org\/{rel}","templated":true}]}}