{"id":20141,"date":"2020-05-12T18:21:02","date_gmt":"2020-05-12T16:21:02","guid":{"rendered":"http:\/\/www.sosw.elblag.com.pl\/?page_id=20141"},"modified":"2024-01-03T07:31:34","modified_gmt":"2024-01-03T06:31:34","slug":"slucham-rozumiem-mowie","status":"publish","type":"page","link":"https:\/\/www.sosw.elblag.com.pl\/index.php\/organizacje-w-osrdoku\/innowacje-pedagogiczne\/archiwum-innowacje-pedagogiczne\/slucham-rozumiem-mowie\/","title":{"rendered":"\u201eS\u0142ucham, rozumiem, m\u00f3wi\u0119\u201d"},"content":{"rendered":"\n<p>W naszej plac\u00f3wce realizowana jest innowacja pedagogiczna <strong>\u201eS\u0142ucham, rozumiem,<\/strong> <strong>m\u00f3wi\u0119\u201d<\/strong>. Obejmuje realizacj\u0119 tre\u015bci edukacyjnych w kontakcie z literatur\u0105 dzieci\u0119c\u0105, wykorzystuj\u0105c przy tym r\u00f3\u017cnorodne metody i formy pracy. Zak\u0142ada wsp\u00f3\u0142prac\u0119 dzieci niepe\u0142nosprawnych z uczniami z SP nr 9 w Elbl\u0105gu.<\/p>\n\n\n\n<p>Kontakt z literatur\u0105 dzieci\u0119c\u0105 ma aspekt edukacyjny, terapeutyczny- prowokowanie dzieci do m\u00f3wienia, wzbogacanie ich \u015bwiata wyobra\u017ani, rozwijanie s\u0142ownictwa. Istotny jest te\u017c aspekt wychowawczy- uczniowie przebywaj\u0105c ze sob\u0105 nabywaj\u0105 zasady, kt\u00f3re z czasem przechodz\u0105 w pozytywne nawyki. Wybierana literatura skupia tak\u017ce aspekt psychologiczny, pedagogiczny, jak i artystyczny, w zale\u017cno\u015bci od celu, jaki chcemy osi\u0105gn\u0105\u0107. Wa\u017cne jest&nbsp; dostosowanie pozycji ksi\u0105\u017ckowej, jej tre\u015bci do percepcji ucznia. Praca, prowadzona<br>w zespo\u0142ach zr\u00f3\u017cnicowanych wiekowo oraz pod wzgl\u0119dem mo\u017cliwo\u015bci intelektualnych, pozwala ka\u017cdemu dziecku osi\u0105gn\u0105\u0107 sukces i zmotywowa\u0107 je do dalszego dzia\u0142ania, polepsza jego jako\u015b\u0107 \u017cycia, zmniejsza poczucie niepe\u0142nosprawno\u015bci. Dzieci bardzo ch\u0119tnie ucz\u0105 si\u0119 od siebie nawzajem. W toku zaj\u0119\u0107 \u201eodnajduj\u0105\u201d taki akceptowany spo\u0142ecznie spos\u00f3b komunikacji, by m\u00f3c bez problemu funkcjonowa\u0107 i wsp\u00f3\u0142pracowa\u0107 z innymi, sygnalizowa\u0107 potrzeby, wyra\u017ca\u0107 uczucia i my\u015bli.<\/p>\n\n\n\n<p>Innowacja&nbsp; obejmuje wsp\u00f3\u0142prac\u0119 SOSW Nr1 (uczniowie wybranych zespo\u0142\u00f3w edukacyjno-terapeutycznych- pod kierunkiem Beaty Maj oraz Magdaleny Kowalczyk-Zielonki)<br>z bibliotek\u0105 szkoln\u0105 przy SP Nr 9 im. J. Pi\u0142sudskiego (grupa uczni\u00f3w szko\u0142y podstawowej \u201ePrzyjaciele Ksi\u0105\u017cki\u201d, pod opiek\u0105 Pani Ma\u0142gorzaty Kondrat-Ekes), kt\u00f3rej celem jest po\u017c\u0105dana ze spo\u0142ecznego punktu widzenia integracja os\u00f3b niepe\u0142nosprawnych intelektualnie<br>ze spo\u0142eczno\u015bci\u0105 os\u00f3b pe\u0142nosprawnych. Wsp\u00f3\u0142praca oparta jest na bezpo\u015brednim kontakcie obu \u015brodowisk, w ramach zaj\u0119\u0107 lekcyjnych dzieci g\u0142\u0119biej upo\u015bledzonych.<\/p>\n\n\n\n<p>Innowacja ma charakter organizacyjno-metodyczny.<\/p>\n\n\n\n<p>Czas realizacji innowacji&nbsp; to okres&nbsp; od&nbsp; II semestru r. szk. 2015\/16 do ko\u0144ca r.szk. 2012\/21. Zaj\u0119cia odbywaj\u0105 si\u0119 2 razy w miesi\u0105cu&nbsp; (2 godziny lekcyjne).&nbsp;<\/p>\n\n\n\n<p>Zaj\u0119cia koncentruj\u0105 si\u0119 wg nast\u0119puj\u0105cych hase\u0142 programowych:<\/p>\n\n\n\n<p>1. W \u015bwiecie ksi\u0105\u017cek<\/p>\n\n\n\n<p>2. Z wierszami&nbsp; wiosna, lato, jesie\u0144, zima si\u0119 zaczyna<\/p>\n\n\n\n<p>3. Z wierszami zima, wiosna, lato, jesie\u0144 nam up\u0142ywa<\/p>\n\n\n\n<p>4.Wiosenna\/letnia\/jesienna\/zimowa wyprawa w plener \u2013 w poszukiwaniu pomys\u0142u na bajk\u0119, opowiadanie<\/p>\n\n\n\n<p>5. \u015awiadomie pos\u0142ugujemy si\u0119 g\u0142osem- nauka panowania nad g\u0142osem<\/p>\n\n\n\n<p>6. Radz\u0119 sobie z uczuciami:- nauka rozpoznawania i nazywania emocji<\/p>\n\n\n\n<p>7. Dobry i z\u0142y dotyk<\/p>\n\n\n\n<p>8.Zaj\u0119cia relaksacyjne przy opowie\u015bci wizualizacyjnej<\/p>\n\n\n\n<p>9.Bajkowa \u015bcie\u017cka dobroci<\/p>\n\n\n\n<hr class=\"wp-block-separator\"\/>\n\n\n\n<figure class=\"wp-block-gallery columns-3 is-cropped wp-block-gallery-1 is-layout-flex wp-block-gallery-is-layout-flex\"><ul class=\"blocks-gallery-grid\"><li class=\"blocks-gallery-item\"><figure><a href=\"https:\/\/www.sosw.elblag.com.pl\/wp-content\/uploads\/2020\/05\/20151210_092243.jpg\"><img loading=\"lazy\" decoding=\"async\" width=\"640\" height=\"384\" src=\"https:\/\/www.sosw.elblag.com.pl\/wp-content\/uploads\/2020\/05\/20151210_092243.jpg\" alt=\"\" data-id=\"20142\" data-full-url=\"https:\/\/www.sosw.elblag.com.pl\/wp-content\/uploads\/2020\/05\/20151210_092243.jpg\" data-link=\"https:\/\/www.sosw.elblag.com.pl\/?attachment_id=20142\" class=\"wp-image-20142\" srcset=\"https:\/\/www.sosw.elblag.com.pl\/wp-content\/uploads\/2020\/05\/20151210_092243.jpg 640w, https:\/\/www.sosw.elblag.com.pl\/wp-content\/uploads\/2020\/05\/20151210_092243-300x180.jpg 300w\" sizes=\"auto, (max-width: 640px) 100vw, 640px\" \/><\/a><\/figure><\/li><li class=\"blocks-gallery-item\"><figure><a href=\"https:\/\/www.sosw.elblag.com.pl\/wp-content\/uploads\/2020\/05\/20160225_091012.jpg\"><img loading=\"lazy\" decoding=\"async\" width=\"288\" height=\"480\" src=\"https:\/\/www.sosw.elblag.com.pl\/wp-content\/uploads\/2020\/05\/20160225_091012.jpg\" alt=\"\" data-id=\"20143\" data-full-url=\"https:\/\/www.sosw.elblag.com.pl\/wp-content\/uploads\/2020\/05\/20160225_091012.jpg\" data-link=\"https:\/\/www.sosw.elblag.com.pl\/?attachment_id=20143\" class=\"wp-image-20143\" srcset=\"https:\/\/www.sosw.elblag.com.pl\/wp-content\/uploads\/2020\/05\/20160225_091012.jpg 288w, https:\/\/www.sosw.elblag.com.pl\/wp-content\/uploads\/2020\/05\/20160225_091012-180x300.jpg 180w\" sizes=\"auto, (max-width: 288px) 100vw, 288px\" \/><\/a><\/figure><\/li><li class=\"blocks-gallery-item\"><figure><a href=\"https:\/\/www.sosw.elblag.com.pl\/wp-content\/uploads\/2020\/05\/20160225_091844.jpg\"><img loading=\"lazy\" decoding=\"async\" width=\"640\" height=\"384\" src=\"https:\/\/www.sosw.elblag.com.pl\/wp-content\/uploads\/2020\/05\/20160225_091844.jpg\" alt=\"\" data-id=\"20144\" data-full-url=\"https:\/\/www.sosw.elblag.com.pl\/wp-content\/uploads\/2020\/05\/20160225_091844.jpg\" data-link=\"https:\/\/www.sosw.elblag.com.pl\/?attachment_id=20144\" class=\"wp-image-20144\" srcset=\"https:\/\/www.sosw.elblag.com.pl\/wp-content\/uploads\/2020\/05\/20160225_091844.jpg 640w, https:\/\/www.sosw.elblag.com.pl\/wp-content\/uploads\/2020\/05\/20160225_091844-300x180.jpg 300w\" sizes=\"auto, (max-width: 640px) 100vw, 640px\" \/><\/a><\/figure><\/li><li class=\"blocks-gallery-item\"><figure><a href=\"https:\/\/www.sosw.elblag.com.pl\/wp-content\/uploads\/2020\/05\/Innowacja....jpg\"><img loading=\"lazy\" decoding=\"async\" width=\"293\" height=\"390\" src=\"https:\/\/www.sosw.elblag.com.pl\/wp-content\/uploads\/2020\/05\/Innowacja....jpg\" alt=\"\" data-id=\"20145\" data-full-url=\"https:\/\/www.sosw.elblag.com.pl\/wp-content\/uploads\/2020\/05\/Innowacja....jpg\" data-link=\"https:\/\/www.sosw.elblag.com.pl\/?attachment_id=20145\" class=\"wp-image-20145\" srcset=\"https:\/\/www.sosw.elblag.com.pl\/wp-content\/uploads\/2020\/05\/Innowacja....jpg 293w, https:\/\/www.sosw.elblag.com.pl\/wp-content\/uploads\/2020\/05\/Innowacja...-225x300.jpg 225w\" sizes=\"auto, (max-width: 293px) 100vw, 293px\" \/><\/a><\/figure><\/li><li class=\"blocks-gallery-item\"><figure><a href=\"https:\/\/www.sosw.elblag.com.pl\/wp-content\/uploads\/2020\/05\/innowacja...jpg\"><img loading=\"lazy\" decoding=\"async\" width=\"293\" height=\"390\" src=\"https:\/\/www.sosw.elblag.com.pl\/wp-content\/uploads\/2020\/05\/innowacja...jpg\" alt=\"\" data-id=\"20146\" data-full-url=\"https:\/\/www.sosw.elblag.com.pl\/wp-content\/uploads\/2020\/05\/innowacja...jpg\" data-link=\"https:\/\/www.sosw.elblag.com.pl\/?attachment_id=20146\" class=\"wp-image-20146\" srcset=\"https:\/\/www.sosw.elblag.com.pl\/wp-content\/uploads\/2020\/05\/innowacja...jpg 293w, https:\/\/www.sosw.elblag.com.pl\/wp-content\/uploads\/2020\/05\/innowacja..-225x300.jpg 225w\" sizes=\"auto, (max-width: 293px) 100vw, 293px\" \/><\/a><\/figure><\/li><li class=\"blocks-gallery-item\"><figure><a href=\"https:\/\/www.sosw.elblag.com.pl\/wp-content\/uploads\/2020\/05\/innowacja..jpg\"><img loading=\"lazy\" decoding=\"async\" width=\"293\" height=\"390\" src=\"https:\/\/www.sosw.elblag.com.pl\/wp-content\/uploads\/2020\/05\/innowacja..jpg\" alt=\"\" data-id=\"20147\" data-full-url=\"https:\/\/www.sosw.elblag.com.pl\/wp-content\/uploads\/2020\/05\/innowacja..jpg\" data-link=\"https:\/\/www.sosw.elblag.com.pl\/?attachment_id=20147\" class=\"wp-image-20147\" srcset=\"https:\/\/www.sosw.elblag.com.pl\/wp-content\/uploads\/2020\/05\/innowacja..jpg 293w, https:\/\/www.sosw.elblag.com.pl\/wp-content\/uploads\/2020\/05\/innowacja.-225x300.jpg 225w\" sizes=\"auto, (max-width: 293px) 100vw, 293px\" \/><\/a><\/figure><\/li><li class=\"blocks-gallery-item\"><figure><a href=\"https:\/\/www.sosw.elblag.com.pl\/wp-content\/uploads\/2020\/05\/innowacja.jpg\"><img loading=\"lazy\" decoding=\"async\" width=\"293\" height=\"390\" src=\"https:\/\/www.sosw.elblag.com.pl\/wp-content\/uploads\/2020\/05\/innowacja.jpg\" alt=\"\" data-id=\"20148\" data-full-url=\"https:\/\/www.sosw.elblag.com.pl\/wp-content\/uploads\/2020\/05\/innowacja.jpg\" data-link=\"https:\/\/www.sosw.elblag.com.pl\/?attachment_id=20148\" class=\"wp-image-20148\" srcset=\"https:\/\/www.sosw.elblag.com.pl\/wp-content\/uploads\/2020\/05\/innowacja.jpg 293w, https:\/\/www.sosw.elblag.com.pl\/wp-content\/uploads\/2020\/05\/innowacja-225x300.jpg 225w\" sizes=\"auto, (max-width: 293px) 100vw, 293px\" \/><\/a><\/figure><\/li><li class=\"blocks-gallery-item\"><figure><a href=\"https:\/\/www.sosw.elblag.com.pl\/wp-content\/uploads\/2020\/05\/innowacja1.jpg\"><img loading=\"lazy\" decoding=\"async\" width=\"293\" height=\"390\" src=\"https:\/\/www.sosw.elblag.com.pl\/wp-content\/uploads\/2020\/05\/innowacja1.jpg\" alt=\"\" data-id=\"20149\" data-full-url=\"https:\/\/www.sosw.elblag.com.pl\/wp-content\/uploads\/2020\/05\/innowacja1.jpg\" data-link=\"https:\/\/www.sosw.elblag.com.pl\/?attachment_id=20149\" class=\"wp-image-20149\" srcset=\"https:\/\/www.sosw.elblag.com.pl\/wp-content\/uploads\/2020\/05\/innowacja1.jpg 293w, https:\/\/www.sosw.elblag.com.pl\/wp-content\/uploads\/2020\/05\/innowacja1-225x300.jpg 225w\" sizes=\"auto, (max-width: 293px) 100vw, 293px\" \/><\/a><\/figure><\/li><li class=\"blocks-gallery-item\"><figure><a href=\"https:\/\/www.sosw.elblag.com.pl\/wp-content\/uploads\/2020\/05\/innowacja-1.jpg\"><img loading=\"lazy\" decoding=\"async\" width=\"293\" height=\"390\" src=\"https:\/\/www.sosw.elblag.com.pl\/wp-content\/uploads\/2020\/05\/innowacja-1.jpg\" alt=\"\" data-id=\"20150\" data-full-url=\"https:\/\/www.sosw.elblag.com.pl\/wp-content\/uploads\/2020\/05\/innowacja-1.jpg\" data-link=\"https:\/\/www.sosw.elblag.com.pl\/?attachment_id=20150\" class=\"wp-image-20150\" srcset=\"https:\/\/www.sosw.elblag.com.pl\/wp-content\/uploads\/2020\/05\/innowacja-1.jpg 293w, https:\/\/www.sosw.elblag.com.pl\/wp-content\/uploads\/2020\/05\/innowacja-1-225x300.jpg 225w\" sizes=\"auto, (max-width: 293px) 100vw, 293px\" \/><\/a><\/figure><\/li><li class=\"blocks-gallery-item\"><figure><a href=\"https:\/\/www.sosw.elblag.com.pl\/wp-content\/uploads\/2020\/05\/Innowacja2.jpg\"><img loading=\"lazy\" decoding=\"async\" width=\"293\" height=\"390\" src=\"https:\/\/www.sosw.elblag.com.pl\/wp-content\/uploads\/2020\/05\/Innowacja2.jpg\" alt=\"\" data-id=\"20151\" data-full-url=\"https:\/\/www.sosw.elblag.com.pl\/wp-content\/uploads\/2020\/05\/Innowacja2.jpg\" data-link=\"https:\/\/www.sosw.elblag.com.pl\/?attachment_id=20151\" class=\"wp-image-20151\" srcset=\"https:\/\/www.sosw.elblag.com.pl\/wp-content\/uploads\/2020\/05\/Innowacja2.jpg 293w, https:\/\/www.sosw.elblag.com.pl\/wp-content\/uploads\/2020\/05\/Innowacja2-225x300.jpg 225w\" sizes=\"auto, (max-width: 293px) 100vw, 293px\" \/><\/a><\/figure><\/li><li class=\"blocks-gallery-item\"><figure><a href=\"https:\/\/www.sosw.elblag.com.pl\/wp-content\/uploads\/2020\/05\/SAVE_20180204_200932.jpeg\"><img loading=\"lazy\" decoding=\"async\" width=\"480\" height=\"640\" src=\"https:\/\/www.sosw.elblag.com.pl\/wp-content\/uploads\/2020\/05\/SAVE_20180204_200932.jpeg\" alt=\"\" data-id=\"20152\" data-full-url=\"https:\/\/www.sosw.elblag.com.pl\/wp-content\/uploads\/2020\/05\/SAVE_20180204_200932.jpeg\" data-link=\"https:\/\/www.sosw.elblag.com.pl\/?attachment_id=20152\" class=\"wp-image-20152\" srcset=\"https:\/\/www.sosw.elblag.com.pl\/wp-content\/uploads\/2020\/05\/SAVE_20180204_200932.jpeg 480w, https:\/\/www.sosw.elblag.com.pl\/wp-content\/uploads\/2020\/05\/SAVE_20180204_200932-225x300.jpeg 225w\" sizes=\"auto, (max-width: 480px) 100vw, 480px\" \/><\/a><\/figure><\/li><li class=\"blocks-gallery-item\"><figure><a href=\"https:\/\/www.sosw.elblag.com.pl\/wp-content\/uploads\/2020\/05\/SAVE_20180204_200937.jpeg\"><img loading=\"lazy\" decoding=\"async\" width=\"480\" height=\"640\" src=\"https:\/\/www.sosw.elblag.com.pl\/wp-content\/uploads\/2020\/05\/SAVE_20180204_200937.jpeg\" alt=\"\" data-id=\"20153\" data-full-url=\"https:\/\/www.sosw.elblag.com.pl\/wp-content\/uploads\/2020\/05\/SAVE_20180204_200937.jpeg\" data-link=\"https:\/\/www.sosw.elblag.com.pl\/?attachment_id=20153\" class=\"wp-image-20153\" srcset=\"https:\/\/www.sosw.elblag.com.pl\/wp-content\/uploads\/2020\/05\/SAVE_20180204_200937.jpeg 480w, https:\/\/www.sosw.elblag.com.pl\/wp-content\/uploads\/2020\/05\/SAVE_20180204_200937-225x300.jpeg 225w\" sizes=\"auto, (max-width: 480px) 100vw, 480px\" \/><\/a><\/figure><\/li><li class=\"blocks-gallery-item\"><figure><a href=\"https:\/\/www.sosw.elblag.com.pl\/wp-content\/uploads\/2020\/05\/SAVE_20180204_200943.jpeg\"><img loading=\"lazy\" decoding=\"async\" width=\"480\" height=\"640\" src=\"https:\/\/www.sosw.elblag.com.pl\/wp-content\/uploads\/2020\/05\/SAVE_20180204_200943.jpeg\" alt=\"\" data-id=\"20154\" data-full-url=\"https:\/\/www.sosw.elblag.com.pl\/wp-content\/uploads\/2020\/05\/SAVE_20180204_200943.jpeg\" data-link=\"https:\/\/www.sosw.elblag.com.pl\/?attachment_id=20154\" class=\"wp-image-20154\" srcset=\"https:\/\/www.sosw.elblag.com.pl\/wp-content\/uploads\/2020\/05\/SAVE_20180204_200943.jpeg 480w, https:\/\/www.sosw.elblag.com.pl\/wp-content\/uploads\/2020\/05\/SAVE_20180204_200943-225x300.jpeg 225w\" sizes=\"auto, (max-width: 480px) 100vw, 480px\" \/><\/a><\/figure><\/li><\/ul><\/figure>\n","protected":false},"excerpt":{"rendered":"<p>W naszej plac\u00f3wce realizowana jest innowacja pedagogiczna \u201eS\u0142ucham, rozumiem, m\u00f3wi\u0119\u201d. Obejmuje realizacj\u0119 tre\u015bci edukacyjnych w kontakcie z literatur\u0105 dzieci\u0119c\u0105, wykorzystuj\u0105c przy tym <a class=\"more-link\" href=\"https:\/\/www.sosw.elblag.com.pl\/index.php\/organizacje-w-osrdoku\/innowacje-pedagogiczne\/archiwum-innowacje-pedagogiczne\/slucham-rozumiem-mowie\/\">Czytaj dalej&#8230;<\/a><\/p>\n","protected":false},"author":1,"featured_media":0,"parent":49353,"menu_order":2,"comment_status":"closed","ping_status":"closed","template":"","meta":{"footnotes":""},"class_list":["post-20141","page","type-page","status-publish","hentry"],"_links":{"self":[{"href":"https:\/\/www.sosw.elblag.com.pl\/index.php\/wp-json\/wp\/v2\/pages\/20141","targetHints":{"allow":["GET"]}}],"collection":[{"href":"https:\/\/www.sosw.elblag.com.pl\/index.php\/wp-json\/wp\/v2\/pages"}],"about":[{"href":"https:\/\/www.sosw.elblag.com.pl\/index.php\/wp-json\/wp\/v2\/types\/page"}],"author":[{"embeddable":true,"href":"https:\/\/www.sosw.elblag.com.pl\/index.php\/wp-json\/wp\/v2\/users\/1"}],"replies":[{"embeddable":true,"href":"https:\/\/www.sosw.elblag.com.pl\/index.php\/wp-json\/wp\/v2\/comments?post=20141"}],"version-history":[{"count":1,"href":"https:\/\/www.sosw.elblag.com.pl\/index.php\/wp-json\/wp\/v2\/pages\/20141\/revisions"}],"predecessor-version":[{"id":20155,"href":"https:\/\/www.sosw.elblag.com.pl\/index.php\/wp-json\/wp\/v2\/pages\/20141\/revisions\/20155"}],"up":[{"embeddable":true,"href":"https:\/\/www.sosw.elblag.com.pl\/index.php\/wp-json\/wp\/v2\/pages\/49353"}],"wp:attachment":[{"href":"https:\/\/www.sosw.elblag.com.pl\/index.php\/wp-json\/wp\/v2\/media?parent=20141"}],"curies":[{"name":"wp","href":"https:\/\/api.w.org\/{rel}","templated":true}]}}