{"id":201,"date":"2015-08-28T00:20:16","date_gmt":"2015-08-27T22:20:16","guid":{"rendered":"http:\/\/www.sosw.elblag.com.pl\/wordpress\/?page_id=201"},"modified":"2022-10-11T11:04:36","modified_gmt":"2022-10-11T09:04:36","slug":"swietlica","status":"publish","type":"page","link":"https:\/\/www.sosw.elblag.com.pl\/index.php\/struktura-osrodka\/inne-instytucje\/swietlica\/","title":{"rendered":"\u015awietlica"},"content":{"rendered":"<hr \/>\n<p style=\"text-align: center;\"><a href=\"https:\/\/www.sosw.elblag.com.pl\/index.php\/category\/swietlica\/\">Dzia\u0142ania \u015bwietlicy szkolnej<\/a><\/p>\n<hr \/>\n<p style=\"text-align: justify;\">\u015awietlica spe\u0142nia wa\u017cn\u0105 funkcj\u0119 w realizacji zada\u0144 opieku\u0144czo -wychowawczych szko\u0142y i jest jej integraln\u0105 cz\u0119\u015bci\u0105. Jako wewn\u0105trzszkolny organ wspomaga i uzupe\u0142nia prac\u0119 szko\u0142y we wszystkich obszarach i p\u0142aszczyznach podejmowanych przedsi\u0119wzi\u0119\u0107.<\/p>\n<p style=\"text-align: justify;\">W roku szkolnym 2014\/2015 dzia\u0142aniami opieku\u0144czo \u2013 wychowawczymi \u015bwietlicy obj\u0119to 91 uczni\u00f3w z orzeczeniami o upo\u015bledzeniu w stopniu lekkim, umiarkowanym i znacznym.<\/p>\n<p style=\"text-align: justify;\">Dzia\u0142ania \u015bwietlicy kompleksowo i wszechstronnie uzupe\u0142niaj\u0105 i wspomagaj\u0105 prac\u0119 O\u015brodka. Wymieni\u0107 tu nale\u017cy edukacj\u0119, rozumian\u0105 jako usprawnianie funkcji orientacyjno- poznawczych, pog\u0142\u0119bianie wiadomo\u015bci uczni\u00f3w na temat otaczaj\u0105cej rzeczywisto\u015bci spo\u0142eczno-przyrodniczej, jak r\u00f3wnie\u017c zg\u0142\u0119bianie wiedzy o \u015bwiecie i sobie samym.<\/p>\n<p style=\"text-align: justify;\">Rewalidacyjny charakter wp\u0142ywu \u015bwietlicy na funkcjonowanie dziecka polega na tym, \u017ce wspomaga ona rozw\u00f3j odpowiednich obszar\u00f3w kompensacyjnych, motywuje do uczenia si\u0119, wielostronnie aktywizuje, a nade wszystko, sprzyja wywo\u0142aniu prze\u017cy\u0107 pozytywnie oddzia\u0142uj\u0105cych wychowawczo. Jest to r\u00f3wnie\u017c miejsce relaksu i odpoczynku, tak bardzo wskazanego po wyt\u0119\u017conej pracy umys\u0142owej, zw\u0142aszcza u naszych podopiecznych.<\/p>\n<p style=\"text-align: justify;\">Udzia\u0142 w rz\u0105dowym programie \u201eRadosna Szko\u0142a\u201d pozwoli\u0142 dostosowa\u0107 pomieszczenie \u015bwietlicy do potrzeb najm\u0142odszych uczni\u00f3w plac\u00f3wki. Respektuj\u0105c ich ograniczone mo\u017cliwo\u015bci psychofizyczne, doposa\u017cono sal\u0119 \u015bwietlicy w mi\u0119kkie siedziska, poduchy, bujaki oraz adekwatne do wieku i mo\u017cliwo\u015bci, gry i zabawy edukacyjne.<\/p>\n<p style=\"text-align: justify;\">W toku zaj\u0119\u0107 \u015bwietlicowych podejmowane s\u0105 r\u00f3\u017cnorodne formy pracy, m.in.: zaj\u0119cia rekreacyjno &#8211; ruchowe, dydaktyczne, plastyczno &#8211; techniczne, muzyczne oraz inne- podyktowane sytuacj\u0105 bie\u017c\u0105c\u0105 i uwzgl\u0119dniaj\u0105ce indywidualne potrzeby dziecka.<\/p>\n<p style=\"text-align: justify;\">Cennym walorem wychowawczym jest r\u00f3wnie\u017c mo\u017cliwo\u015b\u0107 aktywnego uczestnictwa w \u017cyciu szko\u0142y poprzez udzia\u0142 podopiecznych w konkursach oraz imprezach okoliczno\u015bciowych zainicjowanych przez \u015bwietlic\u0119.<\/p>\n<p style=\"text-align: justify;\">\u015awietlica realizuje programy: ARR \u201eSzklanka mleka\u201d oraz \u201eOwoce i warzywa\u201d. Ich celem jest wyrabianie w\u015br\u00f3d dzieci i m\u0142odzie\u017cy po\u017c\u0105danych nawyk\u00f3w \u017cywieniowych poprzez promowanie spo\u017cycia mleka oraz \u015bwie\u017cych owoc\u00f3w i warzyw.<\/p>\n<p style=\"text-align: justify;\">Wykwalifikowana kadra pedagogiczna \u00a0du\u017co uwagi po\u015bwi\u0119ca kszta\u0142towaniu umiej\u0119tno\u015bci wsp\u00f3\u0142\u017cycia i wsp\u00f3\u0142dzia\u0142ania w grupie r\u00f3wie\u015bniczej. Przedmiotem permanentnych stara\u0144 jest wdra\u017canie uczni\u00f3w do przestrzegania przyj\u0119tych zasad, obowi\u0105zuj\u0105cego regulaminu, wyra\u017cania w\u0142asnych potrzeb i uczu\u0107 w formie zachowa\u0144 aprobowanych spo\u0142ecznie, a zarazem dostrzegania i poszanowania ich u innych.<\/p>\n<p style=\"text-align: justify;\">\u0106wiczenia samoobs\u0142ugowe oraz sytuacje, sprzyjaj\u0105ce og\u00f3lnemu\u00a0 usprawnianiu i usamodzielnianiu, s\u0105 przedmiotem wielkiej troski, z uwagi na konieczno\u015b\u0107 przysposabiania dzieci do bezpiecznego wej\u015bcia w doros\u0142o\u015b\u0107.<\/p>\n<p style=\"text-align: justify;\">Bogato wyposa\u017cona \u015bwietlica przyci\u0105ga wzrok ciep\u0142\u0105, przyjazn\u0105 dziecku, kolorystyk\u0105 i przemy\u015blan\u0105 aran\u017cacj\u0105 wn\u0119trza. W powi\u0105zaniu z atrakcyjn\u0105 ofert\u0105 szerokiego wachlarza zaj\u0119\u0107, sprzyja tw\u00f3rczej nauce poprzez zabaw\u0119 \u00a0oraz zaspokajaniu podstawowych potrzeb uczni\u00f3w: bezpiecze\u0144stwa, przynale\u017cno\u015bci do grupy, uznania, w ramach ciekawie wype\u0142nionego czasu wolnego.<\/p>\n\n\t\t<style type=\"text\/css\">\n\t\t\t#gallery-1 {\n\t\t\t\tmargin: auto;\n\t\t\t}\n\t\t\t#gallery-1 .gallery-item {\n\t\t\t\tfloat: left;\n\t\t\t\tmargin-top: 10px;\n\t\t\t\ttext-align: center;\n\t\t\t\twidth: 50%;\n\t\t\t}\n\t\t\t#gallery-1 img {\n\t\t\t\tborder: 2px solid #cfcfcf;\n\t\t\t}\n\t\t\t#gallery-1 .gallery-caption {\n\t\t\t\tmargin-left: 0;\n\t\t\t}\n\t\t\t\/* see gallery_shortcode() in wp-includes\/media.php *\/\n\t\t<\/style>\n\t\t<div id='gallery-1' class='gallery galleryid-201 gallery-columns-2 gallery-size-thumbnail'><dl class='gallery-item'>\n\t\t\t<dt class='gallery-icon landscape'>\n\t\t\t\t<a title=\"swietlica szkolna 1\" href='https:\/\/www.sosw.elblag.com.pl\/index.php\/struktura-osrodka\/inne-instytucje\/swietlica\/swietlica-szkolna-1\/'><img loading=\"lazy\" decoding=\"async\" width=\"200\" height=\"200\" src=\"https:\/\/www.sosw.elblag.com.pl\/wp-content\/uploads\/2015\/08\/swietlica-szkolna-1-200x200.jpg\" class=\"attachment-thumbnail size-thumbnail\" alt=\"\u015awietlica\" \/><\/a>\n\t\t\t<\/dt><\/dl><dl class='gallery-item'>\n\t\t\t<dt class='gallery-icon landscape'>\n\t\t\t\t<a title=\"swietlica szkolna 2\" href='https:\/\/www.sosw.elblag.com.pl\/index.php\/struktura-osrodka\/inne-instytucje\/swietlica\/swietlica-szkolna-2\/'><img loading=\"lazy\" decoding=\"async\" width=\"200\" height=\"200\" src=\"https:\/\/www.sosw.elblag.com.pl\/wp-content\/uploads\/2015\/08\/swietlica-szkolna-2-200x200.jpg\" class=\"attachment-thumbnail size-thumbnail\" alt=\"\u015awietlica\" \/><\/a>\n\t\t\t<\/dt><\/dl><br style=\"clear: both\" \/><dl class='gallery-item'>\n\t\t\t<dt class='gallery-icon landscape'>\n\t\t\t\t<a title=\"swietlica szkolna 3\" href='https:\/\/www.sosw.elblag.com.pl\/index.php\/struktura-osrodka\/inne-instytucje\/swietlica\/swietlica-szkolna-3\/'><img loading=\"lazy\" decoding=\"async\" width=\"200\" height=\"200\" src=\"https:\/\/www.sosw.elblag.com.pl\/wp-content\/uploads\/2015\/08\/swietlica-szkolna-3-200x200.jpg\" class=\"attachment-thumbnail size-thumbnail\" alt=\"\u015awietlica\" \/><\/a>\n\t\t\t<\/dt><\/dl><dl class='gallery-item'>\n\t\t\t<dt class='gallery-icon landscape'>\n\t\t\t\t<a title=\"swietlica szkolna 4\" href='https:\/\/www.sosw.elblag.com.pl\/index.php\/struktura-osrodka\/inne-instytucje\/swietlica\/swietlica-szkolna-4\/'><img loading=\"lazy\" decoding=\"async\" width=\"200\" height=\"200\" src=\"https:\/\/www.sosw.elblag.com.pl\/wp-content\/uploads\/2015\/08\/swietlica-szkolna-4-200x200.jpg\" class=\"attachment-thumbnail size-thumbnail\" alt=\"\u015awietlica\" \/><\/a>\n\t\t\t<\/dt><\/dl><br style=\"clear: both\" \/><dl class='gallery-item'>\n\t\t\t<dt class='gallery-icon landscape'>\n\t\t\t\t<a title=\"swietlica szkolna 5\" href='https:\/\/www.sosw.elblag.com.pl\/index.php\/struktura-osrodka\/inne-instytucje\/swietlica\/swietlica-szkolna-5\/'><img loading=\"lazy\" decoding=\"async\" width=\"200\" height=\"200\" src=\"https:\/\/www.sosw.elblag.com.pl\/wp-content\/uploads\/2015\/08\/swietlica-szkolna-5-200x200.jpg\" class=\"attachment-thumbnail size-thumbnail\" alt=\"\u015awietlica\" \/><\/a>\n\t\t\t<\/dt><\/dl><dl class='gallery-item'>\n\t\t\t<dt class='gallery-icon landscape'>\n\t\t\t\t<a title=\"swietlica szkolna 6\" href='https:\/\/www.sosw.elblag.com.pl\/index.php\/struktura-osrodka\/inne-instytucje\/swietlica\/swietlica-szkolna-6\/'><img loading=\"lazy\" decoding=\"async\" width=\"200\" height=\"200\" src=\"https:\/\/www.sosw.elblag.com.pl\/wp-content\/uploads\/2015\/08\/swietlica-szkolna-6-200x200.jpg\" class=\"attachment-thumbnail size-thumbnail\" alt=\"\u015awietlica\" \/><\/a>\n\t\t\t<\/dt><\/dl><br style=\"clear: both\" \/><dl class='gallery-item'>\n\t\t\t<dt class='gallery-icon landscape'>\n\t\t\t\t<a title=\"swietlica szkolna 7\" href='https:\/\/www.sosw.elblag.com.pl\/index.php\/struktura-osrodka\/inne-instytucje\/swietlica\/swietlica-szkolna-7\/'><img loading=\"lazy\" decoding=\"async\" width=\"200\" height=\"200\" src=\"https:\/\/www.sosw.elblag.com.pl\/wp-content\/uploads\/2015\/08\/swietlica-szkolna-7-200x200.jpg\" class=\"attachment-thumbnail size-thumbnail\" alt=\"\u015awietlica\" \/><\/a>\n\t\t\t<\/dt><\/dl>\n\t\t\t<br style='clear: both' \/>\n\t\t<\/div>\n\n","protected":false},"excerpt":{"rendered":"<p>Dzia\u0142ania \u015bwietlicy szkolnej \u015awietlica spe\u0142nia wa\u017cn\u0105 funkcj\u0119 w realizacji zada\u0144 opieku\u0144czo -wychowawczych szko\u0142y i jest jej integraln\u0105 cz\u0119\u015bci\u0105. Jako wewn\u0105trzszkolny organ wspomaga <a class=\"more-link\" href=\"https:\/\/www.sosw.elblag.com.pl\/index.php\/struktura-osrodka\/inne-instytucje\/swietlica\/\">Czytaj dalej&#8230;<\/a><\/p>\n","protected":false},"author":1,"featured_media":0,"parent":196,"menu_order":2,"comment_status":"closed","ping_status":"closed","template":"","meta":{"footnotes":""},"class_list":["post-201","page","type-page","status-publish","hentry"],"_links":{"self":[{"href":"https:\/\/www.sosw.elblag.com.pl\/index.php\/wp-json\/wp\/v2\/pages\/201","targetHints":{"allow":["GET"]}}],"collection":[{"href":"https:\/\/www.sosw.elblag.com.pl\/index.php\/wp-json\/wp\/v2\/pages"}],"about":[{"href":"https:\/\/www.sosw.elblag.com.pl\/index.php\/wp-json\/wp\/v2\/types\/page"}],"author":[{"embeddable":true,"href":"https:\/\/www.sosw.elblag.com.pl\/index.php\/wp-json\/wp\/v2\/users\/1"}],"replies":[{"embeddable":true,"href":"https:\/\/www.sosw.elblag.com.pl\/index.php\/wp-json\/wp\/v2\/comments?post=201"}],"version-history":[{"count":6,"href":"https:\/\/www.sosw.elblag.com.pl\/index.php\/wp-json\/wp\/v2\/pages\/201\/revisions"}],"predecessor-version":[{"id":40582,"href":"https:\/\/www.sosw.elblag.com.pl\/index.php\/wp-json\/wp\/v2\/pages\/201\/revisions\/40582"}],"up":[{"embeddable":true,"href":"https:\/\/www.sosw.elblag.com.pl\/index.php\/wp-json\/wp\/v2\/pages\/196"}],"wp:attachment":[{"href":"https:\/\/www.sosw.elblag.com.pl\/index.php\/wp-json\/wp\/v2\/media?parent=201"}],"curies":[{"name":"wp","href":"https:\/\/api.w.org\/{rel}","templated":true}]}}