{"id":20,"date":"2015-08-25T15:32:41","date_gmt":"2015-08-25T13:32:41","guid":{"rendered":"http:\/\/localhost\/nsosw\/?page_id=20"},"modified":"2020-10-13T07:39:39","modified_gmt":"2020-10-13T05:39:39","slug":"grupy-wychowawcze","status":"publish","type":"page","link":"https:\/\/www.sosw.elblag.com.pl\/index.php\/struktura-osrodka\/inne-instytucje\/grupy-wychowawcze\/","title":{"rendered":"INTERNAT"},"content":{"rendered":"<hr \/>\n<p>&nbsp;<\/p>\n<p><a href=\"https:\/\/www.sosw.elblag.com.pl\/wp-content\/uploads\/2015\/08\/inf_na_strone_gw.jpeg\"><img loading=\"lazy\" decoding=\"async\" class=\"aligncenter wp-image-792 size-medium\" src=\"https:\/\/www.sosw.elblag.com.pl\/wp-content\/uploads\/2015\/08\/inf_na_strone_gw-300x225.jpeg\" alt=\"Internat\" width=\"300\" height=\"225\" srcset=\"https:\/\/www.sosw.elblag.com.pl\/wp-content\/uploads\/2015\/08\/inf_na_strone_gw-300x225.jpeg 300w, https:\/\/www.sosw.elblag.com.pl\/wp-content\/uploads\/2015\/08\/inf_na_strone_gw-1024x768.jpeg 1024w, https:\/\/www.sosw.elblag.com.pl\/wp-content\/uploads\/2015\/08\/inf_na_strone_gw.jpeg 1280w\" sizes=\"auto, (max-width: 300px) 100vw, 300px\" \/><\/a><\/p>\n<p style=\"text-align: justify;\">Grupy Wychowawcze to miejsce, w kt\u00f3rym Twoje dziecko mo\u017ce bezpiecznie przebywa\u0107 od poniedzia\u0142ku do pi\u0105tku, s\u0142owem miejsce przyjazne dziecku\u2026<\/p>\n<p style=\"text-align: justify;\">Nieustannie dbamy o rozw\u00f3j i bezpiecze\u0144stwo wychowank\u00f3w, a piecz\u0119 sprawuje wykwalifikowana kadra nauczycieli \u2013 wychowawc\u00f3w, pe\u0142nych pasji i ciekawych pomys\u0142\u00f3w.<\/p>\n<p><strong>300 metr\u00f3w<\/strong> &#8211; to odleg\u0142o\u015b\u0107 Grup Wychowawczych od szko\u0142y, spacer zajmuje ok. 5 minut!<\/p>\n<p><strong>OFERUJEMY:<\/strong><\/p>\n<p>&#8211; ca\u0142odobow\u0105 opiek\u0119,<br \/>\n&#8211; rozw\u00f3j i bezpiecze\u0144stwo wychowank\u00f3w,<br \/>\n&#8211; ma\u0142o liczne grupy,<br \/>\n&#8211; opiek\u0119 wykwalifikowanej i do\u015bwiadczonej kadry pedagogicznej,<br \/>\n&#8211; ciekawe i r\u00f3\u017cnorodne zaj\u0119cia,<br \/>\n&#8211; domowe posi\u0142ki.<\/p>\n<p>Pami\u0119taj!<\/p>\n<p><strong><u>Zapisuj\u0105c swoje dziecko do Grup Wychowawczych, p\u0142acisz jedynie za wy\u017cywienie<\/u><\/strong><\/p>\n<p><strong><u>Kontakt:<\/u><\/strong><\/p>\n<p>Grupy Wychowawcze SOSW nr 1<\/p>\n<p>Chopina 30<br \/>\n82-300 Elbl\u0105g<br \/>\nnr tel. 55 234 59 96<\/p>\n","protected":false},"excerpt":{"rendered":"<p>&nbsp; Grupy Wychowawcze to miejsce, w kt\u00f3rym Twoje dziecko mo\u017ce bezpiecznie przebywa\u0107 od poniedzia\u0142ku do pi\u0105tku, s\u0142owem miejsce przyjazne dziecku\u2026 Nieustannie dbamy <a class=\"more-link\" href=\"https:\/\/www.sosw.elblag.com.pl\/index.php\/struktura-osrodka\/inne-instytucje\/grupy-wychowawcze\/\">Czytaj dalej&#8230;<\/a><\/p>\n","protected":false},"author":1,"featured_media":0,"parent":196,"menu_order":1,"comment_status":"closed","ping_status":"closed","template":"","meta":{"footnotes":""},"class_list":["post-20","page","type-page","status-publish","hentry"],"_links":{"self":[{"href":"https:\/\/www.sosw.elblag.com.pl\/index.php\/wp-json\/wp\/v2\/pages\/20","targetHints":{"allow":["GET"]}}],"collection":[{"href":"https:\/\/www.sosw.elblag.com.pl\/index.php\/wp-json\/wp\/v2\/pages"}],"about":[{"href":"https:\/\/www.sosw.elblag.com.pl\/index.php\/wp-json\/wp\/v2\/types\/page"}],"author":[{"embeddable":true,"href":"https:\/\/www.sosw.elblag.com.pl\/index.php\/wp-json\/wp\/v2\/users\/1"}],"replies":[{"embeddable":true,"href":"https:\/\/www.sosw.elblag.com.pl\/index.php\/wp-json\/wp\/v2\/comments?post=20"}],"version-history":[{"count":5,"href":"https:\/\/www.sosw.elblag.com.pl\/index.php\/wp-json\/wp\/v2\/pages\/20\/revisions"}],"predecessor-version":[{"id":20665,"href":"https:\/\/www.sosw.elblag.com.pl\/index.php\/wp-json\/wp\/v2\/pages\/20\/revisions\/20665"}],"up":[{"embeddable":true,"href":"https:\/\/www.sosw.elblag.com.pl\/index.php\/wp-json\/wp\/v2\/pages\/196"}],"wp:attachment":[{"href":"https:\/\/www.sosw.elblag.com.pl\/index.php\/wp-json\/wp\/v2\/media?parent=20"}],"curies":[{"name":"wp","href":"https:\/\/api.w.org\/{rel}","templated":true}]}}