{"id":198,"date":"2015-08-28T00:18:53","date_gmt":"2015-08-27T22:18:53","guid":{"rendered":"http:\/\/www.sosw.elblag.com.pl\/wordpress\/?page_id=198"},"modified":"2015-09-03T22:15:03","modified_gmt":"2015-09-03T20:15:03","slug":"centra-terapeutyczne","status":"publish","type":"page","link":"https:\/\/www.sosw.elblag.com.pl\/index.php\/struktura-osrodka\/centra-terapeutyczne\/","title":{"rendered":"Centra Terapeutyczne"},"content":{"rendered":"<p style=\"text-align: justify;\">W O\u015brodku funkcjonuj\u0105 dwa Centra Terapeutyczne:\u00a0<a title=\"Odno\u015bnik do Centrum Wczesnego Wspomagania Rozwoju Dziecka\" href=\"https:\/\/www.sosw.elblag.com.pl\/wordpress\/index.php\/struktura-osrodka\/centra-terapeutyczne\/centrum-wczesnego-wspomagania-rozwoju-dziecka\/\" rel=\"bookmark\">Centrum Wczesnego Wspomagania Rozwoju Dziecka<\/a>\u00a0oraz\u00a0<a title=\"Odno\u015bnik do Elbl\u0105skie Centrum Terapii i Rewalidacji\" href=\"https:\/\/www.sosw.elblag.com.pl\/wordpress\/index.php\/struktura-osrodka\/centra-terapeutyczne\/elblaskie-centrum-terapii-i-rewalidacji\/\" rel=\"bookmark\">Elbl\u0105skie Centrum Terapii i Rewalidacji<\/a>.\u00a0Maj\u0105 one za zadanie zapewni\u0107 ka\u017cdemu elbl\u0105\u017caninowi szeroki dost\u0119p do edukacji niezale\u017cnie\u00a0od warunk\u00f3w fizycznych, intelektualnych, socjalnych i innych. Jest to\u00a0r\u00f3wnie\u017c szansa do wszechstronnego rozwoju osobowo\u015bci i kluczowych umiej\u0119tno\u015bci niezb\u0119dnych do prawid\u0142owego funkcjonowania ka\u017cdego dziecka\u00a0w otaczaj\u0105cym je spo\u0142ecze\u0144stwie.<\/p>\n<p>&nbsp;<\/p>\n","protected":false},"excerpt":{"rendered":"<p>W O\u015brodku funkcjonuj\u0105 dwa Centra Terapeutyczne:\u00a0Centrum Wczesnego Wspomagania Rozwoju Dziecka\u00a0oraz\u00a0Elbl\u0105skie Centrum Terapii i Rewalidacji.\u00a0Maj\u0105 one za zadanie zapewni\u0107 ka\u017cdemu elbl\u0105\u017caninowi szeroki dost\u0119p <a class=\"more-link\" href=\"https:\/\/www.sosw.elblag.com.pl\/index.php\/struktura-osrodka\/centra-terapeutyczne\/\">Czytaj dalej&#8230;<\/a><\/p>\n","protected":false},"author":1,"featured_media":0,"parent":13,"menu_order":3,"comment_status":"closed","ping_status":"closed","template":"","meta":{"footnotes":""},"class_list":["post-198","page","type-page","status-publish","hentry"],"_links":{"self":[{"href":"https:\/\/www.sosw.elblag.com.pl\/index.php\/wp-json\/wp\/v2\/pages\/198","targetHints":{"allow":["GET"]}}],"collection":[{"href":"https:\/\/www.sosw.elblag.com.pl\/index.php\/wp-json\/wp\/v2\/pages"}],"about":[{"href":"https:\/\/www.sosw.elblag.com.pl\/index.php\/wp-json\/wp\/v2\/types\/page"}],"author":[{"embeddable":true,"href":"https:\/\/www.sosw.elblag.com.pl\/index.php\/wp-json\/wp\/v2\/users\/1"}],"replies":[{"embeddable":true,"href":"https:\/\/www.sosw.elblag.com.pl\/index.php\/wp-json\/wp\/v2\/comments?post=198"}],"version-history":[{"count":1,"href":"https:\/\/www.sosw.elblag.com.pl\/index.php\/wp-json\/wp\/v2\/pages\/198\/revisions"}],"predecessor-version":[{"id":427,"href":"https:\/\/www.sosw.elblag.com.pl\/index.php\/wp-json\/wp\/v2\/pages\/198\/revisions\/427"}],"up":[{"embeddable":true,"href":"https:\/\/www.sosw.elblag.com.pl\/index.php\/wp-json\/wp\/v2\/pages\/13"}],"wp:attachment":[{"href":"https:\/\/www.sosw.elblag.com.pl\/index.php\/wp-json\/wp\/v2\/media?parent=198"}],"curies":[{"name":"wp","href":"https:\/\/api.w.org\/{rel}","templated":true}]}}