{"id":194,"date":"2015-08-28T00:16:00","date_gmt":"2015-08-27T22:16:00","guid":{"rendered":"http:\/\/www.sosw.elblag.com.pl\/wordpress\/?page_id=194"},"modified":"2024-12-12T09:42:49","modified_gmt":"2024-12-12T08:42:49","slug":"szkoly","status":"publish","type":"page","link":"https:\/\/www.sosw.elblag.com.pl\/index.php\/struktura-osrodka\/szkoly\/","title":{"rendered":"Szko\u0142y"},"content":{"rendered":"<hr \/>\n<p style=\"text-align: justify;\">O\u015brodek Szkolno-Wychowawczy nr 1 w Elbl\u0105gu funkcjonuje od 1976 roku i jest plac\u00f3wk\u0105 kszta\u0142c\u0105c\u0105 dzieci i m\u0142odzie\u017c wymagaj\u0105c\u0105 edukacji specjalnej z powodu r\u00f3\u017cnych niepe\u0142nosprawno\u015bci intelektualnych wszystkich stopni oraz innych zaburze\u0144 i trudno\u015bci rozwojowych.<\/p>\n<p style=\"text-align: justify;\">Plac\u00f3wka prowadzi dzia\u0142alno\u015b\u0107 dydaktyczn\u0105, wychowawcz\u0105 i opieku\u0144cz\u0105 na zaj\u0119ciach szkolnych oraz praktyczn\u0105 nauk\u0119 zawodu.<\/p>\n<p style=\"text-align: justify;\">Edukacja dzieci i m\u0142odzie\u017cy z niepe\u0142nosprawno\u015bci\u0105 intelektualn\u0105 w stopniu lekkim:<\/p>\n<ul style=\"text-align: justify;\">\n<li>szko\u0142a podstawowa<\/li>\n<li>bran\u017cowa szko\u0142a I stopnia:<\/li>\n<\/ul>\n<p style=\"text-align: justify;\">\u00a0\u00a0\u00a0\u00a0\u00a0\u00a0\u00a0\u00a0\u00a0\u00a0 &#8211; kucharz, stolarz, pracownik pomocniczy gastronomii, pracownik pomocniczy stolarza<\/p>\n<p style=\"text-align: justify;\">Edukacja dzieci i m\u0142odzie\u017cy z niepe\u0142nosprawno\u015bci\u0105 intelektualn\u0105 w stopniu umiarkowanym i znacznym:<\/p>\n<ul style=\"text-align: justify;\">\n<li>szko\u0142a podstawowa<\/li>\n<li>szko\u0142a przysposabiaj\u0105ca do pracy<\/li>\n<\/ul>\n<p style=\"text-align: justify;\">Zaj\u0119cia rewalidacyjno-wychowawcze odbywaj\u0105 si\u0119 w Domu Pomocy Spo\u0142ecznej przy ul. Kasprzaka, natomiast nauczanie indywidualne w domach uczni\u00f3w. Nasi uczniowie korzystaj\u0105 ze sto\u0142\u00f3wki, \u015bwietlicy szkolnej oraz grup wychowawczych. O\u015brodek zatrudnia wysoko wykwalifikowan\u0105 kadr\u0119 pedagogiczn\u0105.<\/p>\n<p style=\"text-align: justify;\">Prowadzimy Centrum Wczesnego Wspomagania Rozwoju dla dzieci od urodzenia do czasu rozpocz\u0119cia nauki szkolnej oraz Elbl\u0105skie Centrum Terapii i Rewalidacji dla dzieci i m\u0142odzie\u017cy szkolnej wymagaj\u0105cej specjalistycznej pomocy psychologiczno \u2013 pedagogicznej.<\/p>\n<p style=\"text-align: justify;\">W pracy edukacyjnej i rewalidacyjnej korzystamy z najnowszych zdobyczy nauki i techniki, opieraj\u0105c si\u0119 na aktualnych ustaleniach pedagogiki specjalnej i psychologii rozwojowej.<\/p>\n<p style=\"text-align: justify;\">Obok tradycyjnych form pracy rewalidacyjnej takich jak logopedia, gimnastyka korekcyjna, terapia pedagogiczna, zaj\u0119cia dydaktyczno \u2013 wyr\u00f3wnawcze stosujemy r\u00f3wnie\u017c:<\/p>\n<ul style=\"text-align: justify;\">\n<li>Metod\u0119 Warnego z treningiem literalnym,<\/li>\n<li>EEG i RSA Biofeedback<\/li>\n<li>Terapi\u0119 Integracji Sensorycznej,<\/li>\n<li>Kynoterapi\u0119,<\/li>\n<li>Hipoterapi\u0119,<\/li>\n<li>Stymulacj\u0119 Polisensoryczn\u0105 w Sali Do\u015bwiadczania \u015awiata,<\/li>\n<li>Rehabilitacj\u0119 ruchow\u0105.<\/li>\n<\/ul>\n<p style=\"text-align: justify;\">W pracy edukacyjnej i terapeutycznej wykorzystujemy te\u017c wypr\u00f3bowane metody pedagogiki specjalnej takie, jak:<\/p>\n<ul style=\"text-align: justify;\">\n<li>Kinezjologia edukacyjna P. Denisona,<\/li>\n<li>Metoda Weroniki Shelbourne,<\/li>\n<li>Metoda Dobrego Startu,<\/li>\n<li>Terapia \u00a0R\u0119ki.<\/li>\n<\/ul>\n<p style=\"text-align: justify;\">Zapewniamy r\u00f3wnie\u017c dzieciom mo\u017cliwo\u015b\u0107 rozwoju zainteresowa\u0144 muzycznych, plastycznych, sportowych, ekologicznych, komputerowych i teatralnych.<\/p>\n<p style=\"text-align: justify;\">Priorytetem w naszej pracy jest daleko posuni\u0119ta indywidualizacja oddzia\u0142ywa\u0144 w edukacji i terapii dzieci i m\u0142odzie\u017cy z niepe\u0142nosprawno\u015bciami.<\/p>\n","protected":false},"excerpt":{"rendered":"<p>O\u015brodek Szkolno-Wychowawczy nr 1 w Elbl\u0105gu funkcjonuje od 1976 roku i jest plac\u00f3wk\u0105 kszta\u0142c\u0105c\u0105 dzieci i m\u0142odzie\u017c wymagaj\u0105c\u0105 edukacji specjalnej z powodu <a class=\"more-link\" href=\"https:\/\/www.sosw.elblag.com.pl\/index.php\/struktura-osrodka\/szkoly\/\">Czytaj dalej&#8230;<\/a><\/p>\n","protected":false},"author":1,"featured_media":0,"parent":13,"menu_order":1,"comment_status":"closed","ping_status":"closed","template":"","meta":{"footnotes":""},"class_list":["post-194","page","type-page","status-publish","hentry"],"_links":{"self":[{"href":"https:\/\/www.sosw.elblag.com.pl\/index.php\/wp-json\/wp\/v2\/pages\/194","targetHints":{"allow":["GET"]}}],"collection":[{"href":"https:\/\/www.sosw.elblag.com.pl\/index.php\/wp-json\/wp\/v2\/pages"}],"about":[{"href":"https:\/\/www.sosw.elblag.com.pl\/index.php\/wp-json\/wp\/v2\/types\/page"}],"author":[{"embeddable":true,"href":"https:\/\/www.sosw.elblag.com.pl\/index.php\/wp-json\/wp\/v2\/users\/1"}],"replies":[{"embeddable":true,"href":"https:\/\/www.sosw.elblag.com.pl\/index.php\/wp-json\/wp\/v2\/comments?post=194"}],"version-history":[{"count":11,"href":"https:\/\/www.sosw.elblag.com.pl\/index.php\/wp-json\/wp\/v2\/pages\/194\/revisions"}],"predecessor-version":[{"id":56060,"href":"https:\/\/www.sosw.elblag.com.pl\/index.php\/wp-json\/wp\/v2\/pages\/194\/revisions\/56060"}],"up":[{"embeddable":true,"href":"https:\/\/www.sosw.elblag.com.pl\/index.php\/wp-json\/wp\/v2\/pages\/13"}],"wp:attachment":[{"href":"https:\/\/www.sosw.elblag.com.pl\/index.php\/wp-json\/wp\/v2\/media?parent=194"}],"curies":[{"name":"wp","href":"https:\/\/api.w.org\/{rel}","templated":true}]}}