{"id":18949,"date":"2020-01-15T14:22:10","date_gmt":"2020-01-15T13:22:10","guid":{"rendered":"http:\/\/www.sosw.elblag.com.pl\/?page_id=18949"},"modified":"2020-03-03T11:24:00","modified_gmt":"2020-03-03T10:24:00","slug":"rugby-dyscyplina-przelamujaca-bariery","status":"publish","type":"page","link":"https:\/\/www.sosw.elblag.com.pl\/index.php\/organizacje-w-osrdoku\/innowacje-pedagogiczne\/rugby-dyscyplina-przelamujaca-bariery\/","title":{"rendered":"Rugby &#8211; dyscyplina prze\u0142amuj\u0105ca bariery"},"content":{"rendered":"\n<hr class=\"wp-block-separator\"\/>\n\n\n\n<div class=\"wp-block-button aligncenter\"><a class=\"wp-block-button__link has-text-color has-very-dark-gray-color has-background has-pale-cyan-blue-background-color\" href=\"https:\/\/www.sosw.elblag.com.pl\/index.php\/category\/innowacje-pedagogiczne\/rugby-lamie-bariery\/\">Dzia\u0142ania podejmowane w projekcie<\/a><\/div>\n\n\n\n<hr class=\"wp-block-separator\"\/>\n\n\n\n<div class=\"wp-block-button aligncenter\"><a class=\"wp-block-button__link has-background has-vivid-cyan-blue-background-color\" href=\"https:\/\/www.facebook.com\/pg\/RugbyLamieBariery\/jobs\/\" target=\"_blank\" rel=\"noreferrer noopener\">  Dzieje si\u0119 w Rugby<\/a><\/div>\n\n\n\n<hr class=\"wp-block-separator\"\/>\n\n\n\n<p>Od 1 wrze\u015bnia w naszej szkole rozpocz\u0119\u0142a si\u0119 realizacja innowacji dla naszych dzieci \u201eRugby \u2013 dyscyplina prze\u0142amuj\u0105ca bariery\u201d. Rugby jest dyscyplin\u0105 niszow\u0105 i jedn\u0105 z najbardziej rozwijaj\u0105cych, a jej metodycznym wprowadzeniem jest Rugby Tag. Dyscyplina ta kszta\u0142tuje i doskonali sprawno\u015b\u0107 motoryczn\u0105 i psychomotoryczn\u0105, uczy podstaw spo\u0142ecznych i podnosi na wysoki poziom cechy wolicjonalne. Naszym celem jest przygotowanie grupy uczni\u00f3w do udzia\u0142u w zawodach sportowych i stworzenie ciekawych zaj\u0119\u0107 pozalekcyjnych. <\/p>\n\n\n\n<hr class=\"wp-block-separator\"\/>\n\n\n\n<figure class=\"wp-block-gallery columns-2 is-cropped wp-block-gallery-1 is-layout-flex wp-block-gallery-is-layout-flex\"><ul class=\"blocks-gallery-grid\"><li class=\"blocks-gallery-item\"><figure><a href=\"https:\/\/www.sosw.elblag.com.pl\/wp-content\/uploads\/2020\/02\/IMG_20200210_083053_resized_20200210_010449447.jpg\"><img loading=\"lazy\" decoding=\"async\" width=\"1024\" height=\"1024\" src=\"https:\/\/www.sosw.elblag.com.pl\/wp-content\/uploads\/2020\/02\/IMG_20200210_083053_resized_20200210_010449447-1024x1024.jpg\" alt=\"\" data-id=\"19060\" data-full-url=\"https:\/\/www.sosw.elblag.com.pl\/wp-content\/uploads\/2020\/02\/IMG_20200210_083053_resized_20200210_010449447.jpg\" data-link=\"https:\/\/www.sosw.elblag.com.pl\/index.php\/organizacje-w-osrdoku\/innowacje-pedagogiczne\/rugby-dyscyplina-przelamujaca-bariery\/img_20200210_083053_resized_20200210_010449447\/\" class=\"wp-image-19060\" srcset=\"https:\/\/www.sosw.elblag.com.pl\/wp-content\/uploads\/2020\/02\/IMG_20200210_083053_resized_20200210_010449447-1024x1024.jpg 1024w, https:\/\/www.sosw.elblag.com.pl\/wp-content\/uploads\/2020\/02\/IMG_20200210_083053_resized_20200210_010449447-300x300.jpg 300w, https:\/\/www.sosw.elblag.com.pl\/wp-content\/uploads\/2020\/02\/IMG_20200210_083053_resized_20200210_010449447-200x200.jpg 200w, https:\/\/www.sosw.elblag.com.pl\/wp-content\/uploads\/2020\/02\/IMG_20200210_083053_resized_20200210_010449447-768x768.jpg 768w, https:\/\/www.sosw.elblag.com.pl\/wp-content\/uploads\/2020\/02\/IMG_20200210_083053_resized_20200210_010449447.jpg 1488w\" sizes=\"auto, (max-width: 1024px) 100vw, 1024px\" \/><\/a><\/figure><\/li><li class=\"blocks-gallery-item\"><figure><a href=\"https:\/\/www.sosw.elblag.com.pl\/wp-content\/uploads\/2020\/02\/IMG_20200210_083103_resized_20200210_010449845.jpg\"><img loading=\"lazy\" decoding=\"async\" width=\"1024\" height=\"1024\" src=\"https:\/\/www.sosw.elblag.com.pl\/wp-content\/uploads\/2020\/02\/IMG_20200210_083103_resized_20200210_010449845-1024x1024.jpg\" alt=\"\" data-id=\"19061\" data-full-url=\"https:\/\/www.sosw.elblag.com.pl\/wp-content\/uploads\/2020\/02\/IMG_20200210_083103_resized_20200210_010449845.jpg\" data-link=\"https:\/\/www.sosw.elblag.com.pl\/index.php\/organizacje-w-osrdoku\/innowacje-pedagogiczne\/rugby-dyscyplina-przelamujaca-bariery\/img_20200210_083103_resized_20200210_010449845\/\" class=\"wp-image-19061\" srcset=\"https:\/\/www.sosw.elblag.com.pl\/wp-content\/uploads\/2020\/02\/IMG_20200210_083103_resized_20200210_010449845-1024x1024.jpg 1024w, https:\/\/www.sosw.elblag.com.pl\/wp-content\/uploads\/2020\/02\/IMG_20200210_083103_resized_20200210_010449845-300x300.jpg 300w, https:\/\/www.sosw.elblag.com.pl\/wp-content\/uploads\/2020\/02\/IMG_20200210_083103_resized_20200210_010449845-200x200.jpg 200w, https:\/\/www.sosw.elblag.com.pl\/wp-content\/uploads\/2020\/02\/IMG_20200210_083103_resized_20200210_010449845-768x768.jpg 768w, https:\/\/www.sosw.elblag.com.pl\/wp-content\/uploads\/2020\/02\/IMG_20200210_083103_resized_20200210_010449845.jpg 1488w\" sizes=\"auto, (max-width: 1024px) 100vw, 1024px\" \/><\/a><\/figure><\/li><li class=\"blocks-gallery-item\"><figure><a href=\"https:\/\/www.sosw.elblag.com.pl\/wp-content\/uploads\/2020\/02\/received_183410836063937.jpeg\"><img loading=\"lazy\" decoding=\"async\" width=\"1024\" height=\"838\" src=\"https:\/\/www.sosw.elblag.com.pl\/wp-content\/uploads\/2020\/02\/received_183410836063937-1024x838.jpeg\" alt=\"\" data-id=\"19062\" data-full-url=\"https:\/\/www.sosw.elblag.com.pl\/wp-content\/uploads\/2020\/02\/received_183410836063937.jpeg\" data-link=\"https:\/\/www.sosw.elblag.com.pl\/index.php\/organizacje-w-osrdoku\/innowacje-pedagogiczne\/rugby-dyscyplina-przelamujaca-bariery\/received_183410836063937\/\" class=\"wp-image-19062\" srcset=\"https:\/\/www.sosw.elblag.com.pl\/wp-content\/uploads\/2020\/02\/received_183410836063937-1024x838.jpeg 1024w, https:\/\/www.sosw.elblag.com.pl\/wp-content\/uploads\/2020\/02\/received_183410836063937-300x246.jpeg 300w, https:\/\/www.sosw.elblag.com.pl\/wp-content\/uploads\/2020\/02\/received_183410836063937-768x629.jpeg 768w, https:\/\/www.sosw.elblag.com.pl\/wp-content\/uploads\/2020\/02\/received_183410836063937-1536x1257.jpeg 1536w, https:\/\/www.sosw.elblag.com.pl\/wp-content\/uploads\/2020\/02\/received_183410836063937-2048x1676.jpeg 2048w\" sizes=\"auto, (max-width: 1024px) 100vw, 1024px\" \/><\/a><\/figure><\/li><li class=\"blocks-gallery-item\"><figure><a href=\"https:\/\/www.sosw.elblag.com.pl\/wp-content\/uploads\/2020\/02\/received_535806390371824-scaled.jpeg\"><img loading=\"lazy\" decoding=\"async\" width=\"1024\" height=\"1024\" src=\"https:\/\/www.sosw.elblag.com.pl\/wp-content\/uploads\/2020\/02\/received_535806390371824-1024x1024.jpeg\" alt=\"\" data-id=\"19063\" data-full-url=\"https:\/\/www.sosw.elblag.com.pl\/wp-content\/uploads\/2020\/02\/received_535806390371824-scaled.jpeg\" data-link=\"https:\/\/www.sosw.elblag.com.pl\/index.php\/organizacje-w-osrdoku\/innowacje-pedagogiczne\/rugby-dyscyplina-przelamujaca-bariery\/received_535806390371824\/\" class=\"wp-image-19063\" srcset=\"https:\/\/www.sosw.elblag.com.pl\/wp-content\/uploads\/2020\/02\/received_535806390371824-1024x1024.jpeg 1024w, https:\/\/www.sosw.elblag.com.pl\/wp-content\/uploads\/2020\/02\/received_535806390371824-300x300.jpeg 300w, https:\/\/www.sosw.elblag.com.pl\/wp-content\/uploads\/2020\/02\/received_535806390371824-200x200.jpeg 200w, https:\/\/www.sosw.elblag.com.pl\/wp-content\/uploads\/2020\/02\/received_535806390371824-768x768.jpeg 768w, https:\/\/www.sosw.elblag.com.pl\/wp-content\/uploads\/2020\/02\/received_535806390371824-1536x1536.jpeg 1536w, https:\/\/www.sosw.elblag.com.pl\/wp-content\/uploads\/2020\/02\/received_535806390371824-2048x2048.jpeg 2048w\" sizes=\"auto, (max-width: 1024px) 100vw, 1024px\" \/><\/a><\/figure><\/li><\/ul><\/figure>\n\n\n\n<iframe loading=\"lazy\" width=\"560\" height=\"315\" src=\"https:\/\/www.youtube.com\/embed\/uhBQd20HX38\" frameborder=\"0\" allow=\"accelerometer; autoplay; encrypted-media; gyroscope; picture-in-picture\" allowfullscreen=\"\"><\/iframe><\/br>\n\n\n\n<iframe loading=\"lazy\" width=\"560\" height=\"315\" src=\"https:\/\/www.youtube.com\/embed\/3f6lhRJn1gE\" frameborder=\"0\" allow=\"accelerometer; autoplay; encrypted-media; gyroscope; picture-in-picture\" allowfullscreen=\"\"><\/iframe><\/br>\n\n\n\n<iframe loading=\"lazy\" width=\"560\" height=\"315\" src=\"https:\/\/www.youtube.com\/embed\/9h8e-uWulW8\" frameborder=\"0\" allow=\"accelerometer; autoplay; encrypted-media; gyroscope; picture-in-picture\" allowfullscreen=\"\"><\/iframe><\/br>\n\n\n\n<iframe loading=\"lazy\" width=\"560\" height=\"315\" src=\"https:\/\/www.youtube.com\/embed\/aJJmsmQOFtk\" frameborder=\"0\" allow=\"accelerometer; autoplay; encrypted-media; gyroscope; picture-in-picture\" allowfullscreen=\"\"><\/iframe><\/br>\n\n\n\n<iframe loading=\"lazy\" width=\"560\" height=\"315\" src=\"https:\/\/www.youtube.com\/embed\/KHYGIqIy3Ck\" frameborder=\"0\" allow=\"accelerometer; autoplay; encrypted-media; gyroscope; picture-in-picture\" allowfullscreen=\"\"><\/iframe><\/br>\n\n\n\n<iframe loading=\"lazy\" width=\"560\" height=\"315\" src=\"https:\/\/www.youtube.com\/embed\/fC87fM_QEGI\" frameborder=\"0\" allow=\"accelerometer; autoplay; encrypted-media; gyroscope; picture-in-picture\" allowfullscreen=\"\"><\/iframe><\/br>\n\n\n\n<iframe loading=\"lazy\" width=\"560\" height=\"315\" src=\"https:\/\/www.youtube.com\/embed\/4f_0xHQD4U0\" frameborder=\"0\" allow=\"accelerometer; autoplay; encrypted-media; gyroscope; picture-in-picture\" allowfullscreen=\"\"><\/iframe>\n\n\n\n<hr class=\"wp-block-separator\"\/>\n\n\n\n<div class=\"wp-block-file\"><a href=\"https:\/\/www.sosw.elblag.com.pl\/wp-content\/uploads\/2020\/01\/PZR-Przepisy-i-zasady-gry-rugby-tag.pdf\">PZR Przepisy i zasady gry rugby<\/a><a href=\"https:\/\/www.sosw.elblag.com.pl\/wp-content\/uploads\/2020\/01\/PZR-Przepisy-i-zasady-gry-rugby-tag.pdf\" class=\"wp-block-file__button\" download>Pobierz<\/a><\/div>\n\n\n\n<div class=\"wp-block-file\"><a href=\"https:\/\/www.sosw.elblag.com.pl\/wp-content\/uploads\/2020\/01\/Rugby-innowacja.pdf\">Rugby innowacja<\/a><a href=\"https:\/\/www.sosw.elblag.com.pl\/wp-content\/uploads\/2020\/01\/Rugby-innowacja.pdf\" class=\"wp-block-file__button\" download>Pobierz<\/a><\/div>\n\n\n\n<div class=\"wp-block-file\"><a href=\"https:\/\/www.sosw.elblag.com.pl\/wp-content\/uploads\/2020\/01\/Zasady-i-przepisy-gry-Szkolnej-Ligi-Rugby-Tag.pdf\">Zasady i przepisy gry Szkolnej Ligi Rugby<\/a><a href=\"https:\/\/www.sosw.elblag.com.pl\/wp-content\/uploads\/2020\/01\/Zasady-i-przepisy-gry-Szkolnej-Ligi-Rugby-Tag.pdf\" class=\"wp-block-file__button\" download>Pobierz<\/a><\/div>\n","protected":false},"excerpt":{"rendered":"<p>Od 1 wrze\u015bnia w naszej szkole rozpocz\u0119\u0142a si\u0119 realizacja innowacji dla naszych dzieci \u201eRugby \u2013 dyscyplina prze\u0142amuj\u0105ca bariery\u201d. Rugby jest dyscyplin\u0105 niszow\u0105 <a class=\"more-link\" href=\"https:\/\/www.sosw.elblag.com.pl\/index.php\/organizacje-w-osrdoku\/innowacje-pedagogiczne\/rugby-dyscyplina-przelamujaca-bariery\/\">Czytaj dalej&#8230;<\/a><\/p>\n","protected":false},"author":1,"featured_media":0,"parent":18947,"menu_order":1,"comment_status":"closed","ping_status":"closed","template":"","meta":{"footnotes":""},"class_list":["post-18949","page","type-page","status-publish","hentry"],"_links":{"self":[{"href":"https:\/\/www.sosw.elblag.com.pl\/index.php\/wp-json\/wp\/v2\/pages\/18949","targetHints":{"allow":["GET"]}}],"collection":[{"href":"https:\/\/www.sosw.elblag.com.pl\/index.php\/wp-json\/wp\/v2\/pages"}],"about":[{"href":"https:\/\/www.sosw.elblag.com.pl\/index.php\/wp-json\/wp\/v2\/types\/page"}],"author":[{"embeddable":true,"href":"https:\/\/www.sosw.elblag.com.pl\/index.php\/wp-json\/wp\/v2\/users\/1"}],"replies":[{"embeddable":true,"href":"https:\/\/www.sosw.elblag.com.pl\/index.php\/wp-json\/wp\/v2\/comments?post=18949"}],"version-history":[{"count":12,"href":"https:\/\/www.sosw.elblag.com.pl\/index.php\/wp-json\/wp\/v2\/pages\/18949\/revisions"}],"predecessor-version":[{"id":19422,"href":"https:\/\/www.sosw.elblag.com.pl\/index.php\/wp-json\/wp\/v2\/pages\/18949\/revisions\/19422"}],"up":[{"embeddable":true,"href":"https:\/\/www.sosw.elblag.com.pl\/index.php\/wp-json\/wp\/v2\/pages\/18947"}],"wp:attachment":[{"href":"https:\/\/www.sosw.elblag.com.pl\/index.php\/wp-json\/wp\/v2\/media?parent=18949"}],"curies":[{"name":"wp","href":"https:\/\/api.w.org\/{rel}","templated":true}]}}