{"id":188,"date":"2015-08-28T00:04:45","date_gmt":"2015-08-27T22:04:45","guid":{"rendered":"http:\/\/www.sosw.elblag.com.pl\/wordpress\/?page_id=188"},"modified":"2018-10-17T13:08:24","modified_gmt":"2018-10-17T11:08:24","slug":"zamowienia-publiczne","status":"publish","type":"page","link":"https:\/\/www.sosw.elblag.com.pl\/index.php\/zamowienia-publiczne\/","title":{"rendered":"Zam\u00f3wienia publiczne"},"content":{"rendered":"<p><strong>ZAM\u00d3WIENIE AKTUALNE<\/strong><\/p>\n<ul>\n<li><a href=\"https:\/\/www.sosw.elblag.com.pl\/index.php\/zamowienia-publiczne\/dostawa-05-18\/\"><span style=\"color: #993300;\">Dostawa wyposa\u017cenia do dw\u00f3ch pracowni w Specjalnym O\u015brodku Szkolno-Wychowawczym Nr 1 w ramach projektu \u201eModernizacja szkolnictwa zawodowego w Elbl\u0105gu \u2013 etap II\u201d<\/span><\/a><\/li>\n<li><a href=\"https:\/\/www.sosw.elblag.com.pl\/index.php\/zamowienia-publiczne\/dostawa-sosw-nr1-261-06-2018\/\"><span style=\"color: #993300;\">Dostawa sprz\u0119tu komputerowego z oprogramowaniem i urz\u0105dze\u0144 peryferyjnych oraz dostawa mebli biurowych do dw\u00f3ch pracowni w Specjalnym O\u015brodku Szkolno-Wychowawczym Nr 1 w ramach projektu \u201eModernizacja szkolnictwa zawodowego w Elbl\u0105gu \u2013 etap II\u201d<\/span><\/a><\/li>\n<\/ul>\n<p>&nbsp;<\/p>\n","protected":false},"excerpt":{"rendered":"<p>ZAM\u00d3WIENIE AKTUALNE Dostawa wyposa\u017cenia do dw\u00f3ch pracowni w Specjalnym O\u015brodku Szkolno-Wychowawczym Nr 1 w ramach projektu \u201eModernizacja szkolnictwa zawodowego w Elbl\u0105gu \u2013 <a class=\"more-link\" href=\"https:\/\/www.sosw.elblag.com.pl\/index.php\/zamowienia-publiczne\/\">Czytaj dalej&#8230;<\/a><\/p>\n","protected":false},"author":1,"featured_media":0,"parent":0,"menu_order":5,"comment_status":"closed","ping_status":"closed","template":"","meta":{"footnotes":""},"class_list":["post-188","page","type-page","status-publish","hentry"],"_links":{"self":[{"href":"https:\/\/www.sosw.elblag.com.pl\/index.php\/wp-json\/wp\/v2\/pages\/188","targetHints":{"allow":["GET"]}}],"collection":[{"href":"https:\/\/www.sosw.elblag.com.pl\/index.php\/wp-json\/wp\/v2\/pages"}],"about":[{"href":"https:\/\/www.sosw.elblag.com.pl\/index.php\/wp-json\/wp\/v2\/types\/page"}],"author":[{"embeddable":true,"href":"https:\/\/www.sosw.elblag.com.pl\/index.php\/wp-json\/wp\/v2\/users\/1"}],"replies":[{"embeddable":true,"href":"https:\/\/www.sosw.elblag.com.pl\/index.php\/wp-json\/wp\/v2\/comments?post=188"}],"version-history":[{"count":8,"href":"https:\/\/www.sosw.elblag.com.pl\/index.php\/wp-json\/wp\/v2\/pages\/188\/revisions"}],"predecessor-version":[{"id":12562,"href":"https:\/\/www.sosw.elblag.com.pl\/index.php\/wp-json\/wp\/v2\/pages\/188\/revisions\/12562"}],"wp:attachment":[{"href":"https:\/\/www.sosw.elblag.com.pl\/index.php\/wp-json\/wp\/v2\/media?parent=188"}],"curies":[{"name":"wp","href":"https:\/\/api.w.org\/{rel}","templated":true}]}}