{"id":186,"date":"2015-08-28T00:03:36","date_gmt":"2015-08-27T22:03:36","guid":{"rendered":"http:\/\/www.sosw.elblag.com.pl\/wordpress\/?page_id=186"},"modified":"2023-12-15T09:59:54","modified_gmt":"2023-12-15T08:59:54","slug":"oferta-ksztalcenia","status":"publish","type":"page","link":"https:\/\/www.sosw.elblag.com.pl\/index.php\/osrodek\/oferta-ksztalcenia\/","title":{"rendered":"Oferta kszta\u0142cenia"},"content":{"rendered":"<hr \/>\n<p style=\"text-align: center;\">\n<p style=\"text-align: justify;\">O\u015brodek Szkolno- Wychowawczy nr 1 w Elbl\u0105gu, przy ul. Kopernika 27 zaprasza uczni\u00f3w, absolwent\u00f3w szko\u0142y podstawowej do podj\u0119cia nauki w Gimnazjum z dodatkowym j\u0119zykiem obcym- j\u0119zykiem niemieckim.<\/p>\n<p style=\"text-align: justify;\">Praca w naszej szkole oparta jest indywidualnych programach nauczania opracowanych specjalnie z my\u015bl\u0105 o potrzebach uczni\u00f3w.<\/p>\n<p>&nbsp;<\/p>\n<p><strong>Jeste\u015b starszy od swoich r\u00f3wie\u015bnik\u00f3w?<\/strong><\/p>\n<p style=\"text-align: justify;\">Mo\u017cesz ubiega\u0107 si\u0119 o przyj\u0119cie do klasy przysposabiaj\u0105cej do zawodu (uzawodowionej).<\/p>\n<p style=\"text-align: justify;\">Opr\u00f3cz obowi\u0105zkowych zaj\u0119\u0107 edukacyjnych, proponujemy bogat\u0105 ofert\u0119 zaj\u0119\u0107 pozalekcyjnych, kt\u00f3re pomog\u0105 Ci rozwija\u0107 pasje, zdolno\u015bci i zainteresowania:<br \/>\n&#8211; plastyczne,<br \/>\n&#8211; muzyczno- taneczne,<br \/>\n&#8211; sportowe,<br \/>\n&#8211; ekologiczne (ekozespo\u0142y),<br \/>\n&#8211; komputerowe (\u201e kawiarenka internetowa\u201d).<\/p>\n<p>Szko\u0142a zapewnia udzia\u0142 w olimpiadach sportowych oraz konkursach przedmiotowych.<\/p>\n<p>&nbsp;<\/p>\n<p><strong>Jeste\u015b mi\u0142o\u015bnikiem turystyki?<\/strong><\/p>\n<p style=\"text-align: justify;\">Oferujemy atrakcyjne wycieczki krajoznawcze, piesze rajdy, zaj\u0119cia terenowe oraz wyjazdy do Zielonej Szko\u0142y.<\/p>\n<p>&nbsp;<\/p>\n<p><strong>Chcesz uprawia\u0107 sport?<\/strong><\/p>\n<p>Zaj\u0119cia sportowe w SOSW Nr 1 w Elbl\u0105gu organizowane s\u0105 we wsp\u00f3\u0142pracy z dwiema organizacjami mi\u0119dzynarodowymi, zajmuj\u0105cymi si\u0119 sportem os\u00f3b niepe\u0142nosprawnych:<\/p>\n<ul>\n<li><strong>Olimpiady Specjalne <\/strong>\u2013 ruch o zasi\u0119gu \u015bwiatowym zainicjowany w USA<\/li>\n<\/ul>\n<p>W ramach Olimpiad Specjalnych nasi uczniowie uprawiaj\u0105 lekkoatletyk\u0119, jazd\u0119 konn\u0105,<br \/>\nbowling, pi\u0142k\u0119 no\u017cn\u0105, gimnastyk\u0119, bocce, gimnastyk\u0119, biegi prze\u0142ajowe, badminton.<\/p>\n<ul>\n<li><strong>Zrzeszenie Stowarzysze\u0144 Sportowych \u201eSprawni Razem\u201d<\/strong> \u2013organizacja og\u00f3lnopolska<\/li>\n<\/ul>\n<p style=\"text-align: justify;\">Dzia\u0142aj\u0105cy w Zrzeszeniu, Uczniowski Klub Sportowy \u201eOlimpijczyk\u201d, zaprasza do uprawiania takich dyscyplin sportu, jak: p\u0142ywanie, tenis sto\u0142owy, pi\u0142ka koszykowa, pi\u0142ka no\u017cna, biegi prze\u0142ajowe, lekkoatletyka.<\/p>\n<p>&nbsp;<\/p>\n<p><strong>Mieszkasz poza Elbl\u0105giem?<\/strong><\/p>\n<p style=\"text-align: justify;\">Zapewnimy Ci miejsce w Grupie Wychowawczej (internacie) przy ul. Chopina, gdzie panuje mi\u0142a, \u017cyczliwa i rodzinna atmosfera.<\/p>\n<p>&nbsp;<\/p>\n<p><strong>My\u015blisz o przysz\u0142o\u015bci?<\/strong><\/p>\n<p>W naszym O\u015brodku zdob\u0119dziesz zaw\u00f3d!<\/p>\n<p style=\"text-align: justify;\">Po uko\u0144czeniu Gimnazjum proponujemy Ci nauk\u0119 w Zasadniczej Szkole Zawodowej<br \/>\nw klasach o profilu:<\/p>\n<p>&#8211; stolarz,<br \/>\n&#8211; tapicer<br \/>\n&#8211; kucharz,<br \/>\n&#8211; krawiec,<br \/>\n&#8211; kaletnik.<\/p>\n<p>&nbsp;<\/p>\n<p><strong>Z nami odniesiesz sukces!<\/strong><\/p>\n<p>Drzwi szko\u0142y s\u0105 dla Ciebie zawsze otwarte! Czekamy!<\/p>\n<p>Chcesz si\u0119 dowiedzie\u0107 wi\u0119cej?<\/p>\n<p style=\"text-align: justify;\">Uczni\u00f3w i rodzic\u00f3w zainteresowanych poznaniem plac\u00f3wki zapraszamy do odwiedzenia szko\u0142y po uprzednim um\u00f3wieniu telefonicznym. Kontakt z pedagogiem szko\u0142y, psychologiem, zast\u0119pc\u0105 dyrektora o\u015brodka \u00a0<strong><em>telefon: 55\u00a0625 83 41.<\/em><\/strong><\/p>\n<p><strong>Oferta skierowana jest dla uczni\u00f3w z orzeczeniem o potrzebie kszta\u0142cenia specjalnego.<\/strong><\/p>\n<hr \/>\n<h6 style=\"text-align: center;\"><strong>GIMNAZJUM przy O\u015aRODKU<\/strong><\/h6>\n<h6 style=\"text-align: center;\"><strong>SZKOLNO- WYCHOWAWCZYM NR 1<\/strong><\/h6>\n<h6 style=\"text-align: center;\"><strong>w Elbl\u0105gu<\/strong><\/h6>\n<p>&nbsp;<\/p>\n<p style=\"text-align: justify;\">Integraln\u0105 cz\u0119\u015bci\u0105 OSW nr 1 jest <strong>Gimnazjum Specjalne. <\/strong>Absolwenci szko\u0142y podstawowej specjalnej mog\u0105 kontynuowa\u0107 nauk\u0119 w Gimnazjum z j\u0119zykiem obcym- niemieckim, w klasach I- III. Z my\u015bl\u0105 o uczniach klas II, op\u00f3\u017anionych w nauce szkolnej, tworzy si\u0119 klas\u0119 przysposabiaj\u0105c\u0105 do zawodu (uzawodowion\u0105).<\/p>\n<p style=\"text-align: justify;\">Gimnazjum Specjalne zapewnia wszystkim uczniom prawo do rozwoju, uczniowie realizuj\u0105 pe\u0142n\u0105 podstaw\u0119 programow\u0105, metody i formy pracy s\u0105 dostosowane do ich mo\u017cliwo\u015bci i potrzeb. Nasi uczniowie przyst\u0119puj\u0105 w klasie trzeciej do egzaminu gimnazjalnego. Edukacja uczni\u00f3w polega na integralnej realizacji funkcji wychowawczej, dydaktycznej i opieku\u0144czej szko\u0142y z uwzgl\u0119dnieniem specyficznych metod i form pracy oraz zasad nauczania. Zaj\u0119cia odbywaj\u0105 si\u0119 z respektowaniem zasad daleko posuni\u0119tej indywidualizacji toku nauczania.<\/p>\n<p style=\"text-align: justify;\">Praca rewalidacyjno- wychowawcza opiera si\u0119 na indywidualnych programach edukacyjnych, ustalonych dla ka\u017cdego ucznia na podstawie szczeg\u00f3\u0142owej oceny poziomu jego funkcjonowania w sferze proces\u00f3w orientacyjno-poznawczych, emocjonalno- wolicjonalnych oraz spo\u0142ecznych.<\/p>\n<p style=\"text-align: justify;\">Integraln\u0105 cz\u0119\u015bci\u0105 procesu edukacji w szkole jest rewalidacja indywidualna, wspomagaj\u0105ca rozw\u00f3j dziecka w spos\u00f3b korekcyjny, kompensacyjny i usprawniaj\u0105cy.<br \/>\nW naszej szkole odbywaj\u0105 si\u0119 zaj\u0119cia rewalidacji indywidualnej:<\/p>\n<ul>\n<li>terapia ruchowa z gimnastyk\u0105 korekcyjn\u0105,<\/li>\n<li>zaj\u0119cia logopedyczne,<\/li>\n<li>zaj\u0119cia komputerowe,<\/li>\n<li>zaj\u0119cia kompensacyjno- korekcyjne,<\/li>\n<li>zaj\u0119cia wyr\u00f3wnawcze z przedmiot\u00f3w: j\u0119zyk polski, matematyka, j\u0119zyk niemiecki,<\/li>\n<li>zaj\u0119cia terapii pedagogicznej,<\/li>\n<li>zaj\u0119cia ekologiczne (ekozespo\u0142y).<\/li>\n<\/ul>\n<p style=\"text-align: justify;\">Celem zaj\u0119\u0107 rewalidacyjnych jest: \u00a0wspomaganie nauki czytania, pisania i liczenia, rozwijanie i doskonalenie mechanizm\u00f3w mowy oraz innych system\u00f3w komunikowania, rozwijanie i doskonalenie zmys\u0142\u00f3w w ramach stymulacji polisensorycznej, korekcja wad postawy, rozwijanie zainteresowa\u0144 technik\u0105 komputerow\u0105, rozbudzanie zami\u0142owa\u0144 plastyczno- technicznych i muzyczno-tanecznych oraz korygowanie niepo\u017c\u0105danych spo\u0142ecznie form zachowa\u0144.<\/p>\n<p style=\"text-align: justify;\">Wszystkie cele i zadania szko\u0142y realizowane s\u0105 zgodnie z opracowanym Programem Wychowawczym i Programem Profilaktyki.<\/p>\n<p style=\"text-align: justify;\">W szkole dzia\u0142a Samorz\u0105d Uczniowski, kt\u00f3rego cz\u0142onkowie czynnie uczestnicz\u0105 w organizacji \u017cycia szko\u0142y. Uczniowie pod opiek\u0105 nauczycieli organizuj\u0105 imprezy okoliczno\u015bciowe, spotkania kulturalno-porz\u0105dkowe oraz konkursy.<\/p>\n<p style=\"text-align: justify;\">Gimnazjali\u015bci zamiejscowi mog\u0105 skorzysta\u0107 z Grup Wychowawczych (internatu) przy ul. Chopina, w kt\u00f3rym m\u0142odzie\u017c skupiona jest w zespo\u0142ach wychowawczych. Grupa Wychowawcza wspomaga proces dydaktyczno-wychowawczy i opieku\u0144czy szko\u0142y, zapewnia wy\u017cywienie oraz mi\u0142\u0105, rodzinn\u0105 atmosfer\u0119 opart\u0105 na poczuciu bezpiecze\u0144stwa.<\/p>\n<p style=\"text-align: justify;\">W szkole funkcjonuje sto\u0142\u00f3wka, z kt\u00f3rej ch\u0119tnie korzystaj\u0105 zainteresowani uczniowie. Nasi podopieczni bior\u0105 udzia\u0142 w wycieczkach krajoznawczych, rajdach po najbli\u017cszej okolicy oraz uczestnicz\u0105 w turnusach Zielonej Szko\u0142y.<\/p>\n<p style=\"text-align: justify;\">Uczniowie gimnazjum rozwijaj\u0105 swoje zainteresowania i pasje. Wkraczaj\u0105c w doros\u0142o\u015b\u0107 s\u0105 przygotowani do aktywnego i kulturalnego \u017cycia w \u015brodowisku spo\u0142ecznym oraz do podj\u0119cia nauki zawodu.<\/p>\n<hr \/>\n<p><b> Edukacja dzieci i m\u0142odzie\u017cy z upo\u015bledzeniem umys\u0142owym w stopniu lekkim:<\/b><\/p>\n<p><b>&#8211; szko\u0142a podstawowa<\/b><br \/>\n<b>&#8211; gimnazjum,<\/b><br \/>\n<b>&#8211; szko\u0142a zawodowa,<\/b><br \/>\nkucharz<br \/>\nkaletnik<br \/>\nkrawiec<br \/>\nstolarz<br \/>\ntapicer<\/p>\n<p><b>Nauka w szkole zawodowej trwa 3 lata.<\/b><\/p>\n<p style=\"text-align: justify;\"><b> Edukacja dzieci i m\u0142odzie\u017cy z upo\u015bledzeniem umys\u0142owym w stopniu umiarkowanym<br \/>\ni znacznym:<\/b><\/p>\n<ul>\n<li><b>szko\u0142a podstawowa,<\/b><\/li>\n<li><b>gimnazjum,<\/b><\/li>\n<li><b>szko\u0142a przysposabiaj\u0105ca do pracy<\/b> (3letnia),<\/li>\n<\/ul>\n<p><b>Edukacja dzieci z autyzmem w szkole podstawowej.<\/b><\/p>\n<p><b><u>Zapewniamy:<\/u><\/b><\/p>\n<ul>\n<li style=\"text-align: justify;\">opiek\u0119 wykwalifikowanej i do\u015bwiadczonej kadry pedagog\u00f3w specjalnych,<\/li>\n<li style=\"text-align: justify;\">dla uczni\u00f3w\u00a0 spoza Elbl\u0105ga miejsce w Grupie Wychowawczej ( internacie),<\/li>\n<li style=\"text-align: justify;\">praktyczn\u0105 nauk\u0119 zawodu organizowan\u0105 przez szko\u0142\u0119,<\/li>\n<li style=\"text-align: justify;\">mo\u017cliwo\u015b\u0107 korzystania ze sto\u0142\u00f3wki i \u015bwietlicy szkolnej,<\/li>\n<li style=\"text-align: justify;\">pomoc psychologa i pedagoga w zakresie diagnostyki i profilaktyki,<\/li>\n<li style=\"text-align: justify;\">zaj\u0119cia korekcyjno &#8211; kompensacyjne i zaj\u0119cia wyr\u00f3wnawcze,<\/li>\n<li style=\"text-align: justify;\">gimnastyk\u0119 korekcyjn\u0105 i zaj\u0119cia logopedyczne,<\/li>\n<li style=\"text-align: justify;\">mo\u017cliwo\u015b\u0107 rozwoju zainteresowa\u0144 muzycznych, plastycznych, sportowych, ekologicznych, komputerowych i teatralnych,<\/li>\n<li style=\"text-align: justify;\">wspieranie rozwoju uczni\u00f3w poprzez nowoczesne metody i techniki edukacyjne,<\/li>\n<li style=\"text-align: justify;\">udzia\u0142 uczni\u00f3w w zielonych szko\u0142ach, wycieczkach i rajdach.<\/li>\n<\/ul>\n<p>&nbsp;<\/p>\n","protected":false},"excerpt":{"rendered":"<p>O\u015brodek Szkolno- Wychowawczy nr 1 w Elbl\u0105gu, przy ul. Kopernika 27 zaprasza uczni\u00f3w, absolwent\u00f3w szko\u0142y podstawowej do podj\u0119cia nauki w Gimnazjum z <a class=\"more-link\" href=\"https:\/\/www.sosw.elblag.com.pl\/index.php\/osrodek\/oferta-ksztalcenia\/\">Czytaj dalej&#8230;<\/a><\/p>\n","protected":false},"author":1,"featured_media":0,"parent":7,"menu_order":1,"comment_status":"closed","ping_status":"closed","template":"","meta":{"footnotes":""},"class_list":["post-186","page","type-page","status-publish","hentry"],"_links":{"self":[{"href":"https:\/\/www.sosw.elblag.com.pl\/index.php\/wp-json\/wp\/v2\/pages\/186","targetHints":{"allow":["GET"]}}],"collection":[{"href":"https:\/\/www.sosw.elblag.com.pl\/index.php\/wp-json\/wp\/v2\/pages"}],"about":[{"href":"https:\/\/www.sosw.elblag.com.pl\/index.php\/wp-json\/wp\/v2\/types\/page"}],"author":[{"embeddable":true,"href":"https:\/\/www.sosw.elblag.com.pl\/index.php\/wp-json\/wp\/v2\/users\/1"}],"replies":[{"embeddable":true,"href":"https:\/\/www.sosw.elblag.com.pl\/index.php\/wp-json\/wp\/v2\/comments?post=186"}],"version-history":[{"count":18,"href":"https:\/\/www.sosw.elblag.com.pl\/index.php\/wp-json\/wp\/v2\/pages\/186\/revisions"}],"predecessor-version":[{"id":458,"href":"https:\/\/www.sosw.elblag.com.pl\/index.php\/wp-json\/wp\/v2\/pages\/186\/revisions\/458"}],"up":[{"embeddable":true,"href":"https:\/\/www.sosw.elblag.com.pl\/index.php\/wp-json\/wp\/v2\/pages\/7"}],"wp:attachment":[{"href":"https:\/\/www.sosw.elblag.com.pl\/index.php\/wp-json\/wp\/v2\/media?parent=186"}],"curies":[{"name":"wp","href":"https:\/\/api.w.org\/{rel}","templated":true}]}}