{"id":13025,"date":"2018-11-22T20:23:32","date_gmt":"2018-11-22T19:23:32","guid":{"rendered":"http:\/\/www.sosw.elblag.com.pl\/?page_id=13025"},"modified":"2018-11-22T20:23:32","modified_gmt":"2018-11-22T19:23:32","slug":"zajecia-rozwijajace-uzdolnienia-uczniow-z-przedmiotow-przyrodniczych","status":"publish","type":"page","link":"https:\/\/www.sosw.elblag.com.pl\/index.php\/organizacje-w-osrdoku\/projekty-unijne\/archiwum-pip\/eksperyment-edukacja-przyszlosci-doposazenie-bazy-dydaktycznej-elblaskich-szkol-podstawowych-do-rozwijania-kompetencji-matematyczno-przyrodniczych\/zajecia-rozwijajace-uzdolnienia-uczniow-z-przedmiotow-przyrodniczych\/","title":{"rendered":"zaj\u0119cia rozwijaj\u0105ce uzdolnienia uczni\u00f3w z przedmiot\u00f3w przyrodniczych"},"content":{"rendered":"","protected":false},"excerpt":{"rendered":"","protected":false},"author":1,"featured_media":0,"parent":9867,"menu_order":4,"comment_status":"closed","ping_status":"closed","template":"","meta":{"footnotes":""},"class_list":["post-13025","page","type-page","status-publish","hentry"],"_links":{"self":[{"href":"https:\/\/www.sosw.elblag.com.pl\/index.php\/wp-json\/wp\/v2\/pages\/13025","targetHints":{"allow":["GET"]}}],"collection":[{"href":"https:\/\/www.sosw.elblag.com.pl\/index.php\/wp-json\/wp\/v2\/pages"}],"about":[{"href":"https:\/\/www.sosw.elblag.com.pl\/index.php\/wp-json\/wp\/v2\/types\/page"}],"author":[{"embeddable":true,"href":"https:\/\/www.sosw.elblag.com.pl\/index.php\/wp-json\/wp\/v2\/users\/1"}],"replies":[{"embeddable":true,"href":"https:\/\/www.sosw.elblag.com.pl\/index.php\/wp-json\/wp\/v2\/comments?post=13025"}],"version-history":[{"count":1,"href":"https:\/\/www.sosw.elblag.com.pl\/index.php\/wp-json\/wp\/v2\/pages\/13025\/revisions"}],"predecessor-version":[{"id":13026,"href":"https:\/\/www.sosw.elblag.com.pl\/index.php\/wp-json\/wp\/v2\/pages\/13025\/revisions\/13026"}],"up":[{"embeddable":true,"href":"https:\/\/www.sosw.elblag.com.pl\/index.php\/wp-json\/wp\/v2\/pages\/9867"}],"wp:attachment":[{"href":"https:\/\/www.sosw.elblag.com.pl\/index.php\/wp-json\/wp\/v2\/media?parent=13025"}],"curies":[{"name":"wp","href":"https:\/\/api.w.org\/{rel}","templated":true}]}}