{"id":13019,"date":"2018-11-22T20:20:37","date_gmt":"2018-11-22T19:20:37","guid":{"rendered":"http:\/\/www.sosw.elblag.com.pl\/?page_id=13019"},"modified":"2018-11-22T20:20:37","modified_gmt":"2018-11-22T19:20:37","slug":"dodatkowe-zajecia-dydaktyczno-wyrownawcze-z-przedmiotow-przyrodniczych","status":"publish","type":"page","link":"https:\/\/www.sosw.elblag.com.pl\/index.php\/organizacje-w-osrdoku\/projekty-unijne\/archiwum-pip\/eksperyment-edukacja-przyszlosci-doposazenie-bazy-dydaktycznej-elblaskich-szkol-podstawowych-do-rozwijania-kompetencji-matematyczno-przyrodniczych\/dodatkowe-zajecia-dydaktyczno-wyrownawcze-z-przedmiotow-przyrodniczych\/","title":{"rendered":"dodatkowe zaj\u0119cia dydaktyczno &#8211; wyr\u00f3wnawcze z przedmiot\u00f3w przyrodniczych"},"content":{"rendered":"","protected":false},"excerpt":{"rendered":"","protected":false},"author":1,"featured_media":0,"parent":9867,"menu_order":1,"comment_status":"closed","ping_status":"closed","template":"","meta":{"footnotes":""},"class_list":["post-13019","page","type-page","status-publish","hentry"],"_links":{"self":[{"href":"https:\/\/www.sosw.elblag.com.pl\/index.php\/wp-json\/wp\/v2\/pages\/13019","targetHints":{"allow":["GET"]}}],"collection":[{"href":"https:\/\/www.sosw.elblag.com.pl\/index.php\/wp-json\/wp\/v2\/pages"}],"about":[{"href":"https:\/\/www.sosw.elblag.com.pl\/index.php\/wp-json\/wp\/v2\/types\/page"}],"author":[{"embeddable":true,"href":"https:\/\/www.sosw.elblag.com.pl\/index.php\/wp-json\/wp\/v2\/users\/1"}],"replies":[{"embeddable":true,"href":"https:\/\/www.sosw.elblag.com.pl\/index.php\/wp-json\/wp\/v2\/comments?post=13019"}],"version-history":[{"count":1,"href":"https:\/\/www.sosw.elblag.com.pl\/index.php\/wp-json\/wp\/v2\/pages\/13019\/revisions"}],"predecessor-version":[{"id":13020,"href":"https:\/\/www.sosw.elblag.com.pl\/index.php\/wp-json\/wp\/v2\/pages\/13019\/revisions\/13020"}],"up":[{"embeddable":true,"href":"https:\/\/www.sosw.elblag.com.pl\/index.php\/wp-json\/wp\/v2\/pages\/9867"}],"wp:attachment":[{"href":"https:\/\/www.sosw.elblag.com.pl\/index.php\/wp-json\/wp\/v2\/media?parent=13019"}],"curies":[{"name":"wp","href":"https:\/\/api.w.org\/{rel}","templated":true}]}}