{"id":13009,"date":"2018-11-22T20:13:58","date_gmt":"2018-11-22T19:13:58","guid":{"rendered":"http:\/\/www.sosw.elblag.com.pl\/?page_id=13009"},"modified":"2026-03-09T11:53:21","modified_gmt":"2026-03-09T10:53:21","slug":"procedury","status":"publish","type":"page","link":"https:\/\/www.sosw.elblag.com.pl\/index.php\/do-pobrania-2\/procedury\/","title":{"rendered":"PROCEDURY"},"content":{"rendered":"<ul>\n<li><a href=\"https:\/\/www.sosw.elblag.com.pl\/wp-content\/uploads\/2018\/11\/NASZA-PROCEDURA-post\u0119powania-z-uczniem.doc\"><span style=\"color: #000080;\">NASZA PROCEDURA &#8211; post\u0119powania z uczniem<\/span><\/a><\/li>\n<li><a href=\"https:\/\/www.sosw.elblag.com.pl\/wp-content\/uploads\/2018\/11\/Procedura-post\u0119powania-z-uczniem-w-przypadku-chor\u00f3b-przewlek\u0142ych.doc\"><span style=\"color: #000080;\">Procedura post\u0119powania z uczniem w przypadku chor\u00f3b przewlek\u0142ych<\/span><\/a><\/li>\n<li><span style=\"color: #000080;\"><a style=\"color: #000080;\" href=\"https:\/\/www.sosw.elblag.com.pl\/wp-content\/uploads\/2018\/11\/PROCEDURY-NAUCZANIE-INDYWIDUALNE.doc\">PROCEDURY &#8211; NAUCZANIE INDYWIDUALNE<\/a><\/span><\/li>\n<li><a href=\"https:\/\/www.sosw.elblag.com.pl\/wp-content\/uploads\/2018\/11\/zgoda-na-udzielenie-pomocy-medycznej.doc\"><span style=\"color: #000080;\">Zgoda na udzielenie pomocy medycznej<\/span><\/a><\/li>\n<li><a href=\"https:\/\/www.sosw.elblag.com.pl\/wp-content\/uploads\/2024\/04\/SOM-SOSW-NR1-W-ELBLAGU.pdf\">Standardy Ochrony Ma\u0142oletnich<\/a><\/li>\n<li><a href=\"https:\/\/www.sosw.elblag.com.pl\/wp-content\/uploads\/2026\/03\/Zasady-korzystania-z-tel.-komorkowych-i-sprzetu-elektronicznego-na-terenie-szkoly.pdf\">Zasady korzystania z tel. kom\u00f3rkowych i sprz\u0119tu elektronicznego na terenie szko\u0142y<\/a><\/li>\n<\/ul>\n","protected":false},"excerpt":{"rendered":"<p>NASZA PROCEDURA &#8211; post\u0119powania z uczniem Procedura post\u0119powania z uczniem w przypadku chor\u00f3b przewlek\u0142ych PROCEDURY &#8211; NAUCZANIE INDYWIDUALNE Zgoda na udzielenie pomocy <a class=\"more-link\" href=\"https:\/\/www.sosw.elblag.com.pl\/index.php\/do-pobrania-2\/procedury\/\">Czytaj dalej&#8230;<\/a><\/p>\n","protected":false},"author":1,"featured_media":0,"parent":10203,"menu_order":4,"comment_status":"closed","ping_status":"closed","template":"","meta":{"footnotes":""},"class_list":["post-13009","page","type-page","status-publish","hentry"],"_links":{"self":[{"href":"https:\/\/www.sosw.elblag.com.pl\/index.php\/wp-json\/wp\/v2\/pages\/13009","targetHints":{"allow":["GET"]}}],"collection":[{"href":"https:\/\/www.sosw.elblag.com.pl\/index.php\/wp-json\/wp\/v2\/pages"}],"about":[{"href":"https:\/\/www.sosw.elblag.com.pl\/index.php\/wp-json\/wp\/v2\/types\/page"}],"author":[{"embeddable":true,"href":"https:\/\/www.sosw.elblag.com.pl\/index.php\/wp-json\/wp\/v2\/users\/1"}],"replies":[{"embeddable":true,"href":"https:\/\/www.sosw.elblag.com.pl\/index.php\/wp-json\/wp\/v2\/comments?post=13009"}],"version-history":[{"count":7,"href":"https:\/\/www.sosw.elblag.com.pl\/index.php\/wp-json\/wp\/v2\/pages\/13009\/revisions"}],"predecessor-version":[{"id":65267,"href":"https:\/\/www.sosw.elblag.com.pl\/index.php\/wp-json\/wp\/v2\/pages\/13009\/revisions\/65267"}],"up":[{"embeddable":true,"href":"https:\/\/www.sosw.elblag.com.pl\/index.php\/wp-json\/wp\/v2\/pages\/10203"}],"wp:attachment":[{"href":"https:\/\/www.sosw.elblag.com.pl\/index.php\/wp-json\/wp\/v2\/media?parent=13009"}],"curies":[{"name":"wp","href":"https:\/\/api.w.org\/{rel}","templated":true}]}}