{"id":12548,"date":"2018-10-17T11:41:20","date_gmt":"2018-10-17T09:41:20","guid":{"rendered":"http:\/\/www.sosw.elblag.com.pl\/?page_id=12548"},"modified":"2019-03-27T08:32:11","modified_gmt":"2019-03-27T07:32:11","slug":"dostawa-sosw-nr1-261-06-2018","status":"publish","type":"page","link":"https:\/\/www.sosw.elblag.com.pl\/index.php\/zamowienia-publiczne\/dostawa-sosw-nr1-261-06-2018\/","title":{"rendered":"Dostawa SOSW-Nr1.261.06.2018"},"content":{"rendered":"<p>Utworzono 17 pa\u017adziernika 2018 r.<\/p>\n<p style=\"text-align: center;\"><strong>Dostawa sprz\u0119tu komputerowego z oprogramowaniem i urz\u0105dze\u0144 peryferyjnych oraz dostawa mebli biurowych do dw\u00f3ch pracowni w Specjalnym O\u015brodku Szkolno-Wychowawczym Nr 1 w ramach projektu \u201eModernizacja szkolnictwa zawodowego w Elbl\u0105gu \u2013 etap II\u201d<\/strong><\/p>\n<p><strong>SOSW-Nr1.261.06.2018\u00a0 \u2013 Przetarg nieograniczony o warto\u015bci powy\u017cej 221000\u20ac<\/strong><\/p>\n<p><strong><u>Pliki do pobrania:<\/u><\/strong><\/p>\n<ul>\n<li style=\"list-style-type: none;\">\n<ul>\n<li style=\"list-style-type: none;\">\n<ul>\n<li>Og\u0142oszenie o zam\u00f3wieniu \u2013 zamieszczono 17 pa\u017adziernika 2018 r. (<a href=\"https:\/\/www.sosw.elblag.com.pl\/wp-content\/uploads\/2018\/10\/ogl-o-zam\u00f3wieniu-UE-6.doc\">doc<\/a>), (<a href=\"https:\/\/www.sosw.elblag.com.pl\/wp-content\/uploads\/2018\/10\/ogl-o-zam\u00f3wieniu-UE-6.pdf\">pdf<\/a>)<\/li>\n<li>Specyfikacja Istotnych Warunk\u00f3w Zam\u00f3wienia \u2013 zamieszczono 17 pa\u017adziernika 2018 r.(<a href=\"https:\/\/www.sosw.elblag.com.pl\/wp-content\/uploads\/2018\/10\/SIWZ-6.doc\">doc<\/a>)<\/li>\n<li>Wz\u00f3r umowy Cz\u0119\u015b\u0107 1 zam\u00f3wienia \u2013\u00a0zamieszczono 17 pa\u017adziernika 2018 r. (<a href=\"https:\/\/www.sosw.elblag.com.pl\/wp-content\/uploads\/2018\/10\/Umowa-6-cz1-1.docx\">doc<\/a>)<\/li>\n<li>Wz\u00f3r umowy Cz\u0119\u015bc 2 zam\u00f3wienia \u2013\u00a0zamieszczono 17 pa\u017adziernika 2018 r. (<a href=\"https:\/\/www.sosw.elblag.com.pl\/wp-content\/uploads\/2018\/10\/Umowa-6-cz2-1.docx\">doc<\/a>)<\/li>\n<li>Jednolity Europejski Dokument Zam\u00f3wienia (JEDZ) \u2013 zamieszczono 17 pa\u017adziernika 2018 r. (<a href=\"https:\/\/www.sosw.elblag.com.pl\/wp-content\/uploads\/2018\/10\/espd-request-1.zip\">zip<\/a>)<\/li>\n<li>Za\u0142\u0105cznik Nr 8 (<a href=\"https:\/\/www.sosw.elblag.com.pl\/wp-content\/uploads\/2018\/10\/Za\u0142\u0105cznik-Nr-8.pdf\">pdf<\/a>)<\/li>\n<li><a href=\"https:\/\/www.sosw.elblag.com.pl\/wp-content\/uploads\/2018\/11\/Tre\u015b\u0107-zapytania-do-zamawiaj\u0105cego-i-wyja\u015bnienie-.pdf\"><span style=\"color: #333333;\">TRE\u015a\u0106 ZAPYTANIA SKIEROWANEGO DO ZAMAWIAJ\u0104CEGO I WYJA\u015aNIENIA TRE\u015aCI SIWZ udzielone w dniu 09 listopada 2018 r.<\/span> (pdf) <span style=\"color: #333333;\">&#8211; Zamieszczono 9 Listopada 2018r.<\/span><\/a><\/li>\n<li><a href=\"https:\/\/www.sosw.elblag.com.pl\/wp-content\/uploads\/2018\/11\/Informacja-o-kt\u00f3rej-mowa-w-art.-86-ust.-5-ustawy-Pzp-6.pdf\"><span style=\"color: #333333;\">Informacja, o kt\u00f3rej mowa w art. 86 ust. 5 ustawy Pzp<\/span> (pdf)<\/a>\u00a0\u2013 zamieszczono 22.11.2018r.<\/li>\n<li>Informacja o wyborze najkorzystniejszej oferty (dotyczy cz\u0119\u015bci 1, 2 zam\u00f3wienia)\u00a0 <a href=\"https:\/\/www.sosw.elblag.com.pl\/wp-content\/uploads\/2019\/03\/Informacja-o-wyborze-najkorzystniejszej-oferty-SOSW-Nr-1.261.06.2018.pdf\">(pdf)<\/a> \u2013 zamieszczono 18.03.2019r.<\/li>\n<li>Og\u0142oszenie o udzieleniu zam\u00f3wienia <a href=\"https:\/\/www.sosw.elblag.com.pl\/wp-content\/uploads\/2019\/03\/Og\u0142oszenie-o-udzieleniu-zam\u00f3wienia.pdf\">(pdf)<\/a> &#8211; zamieszczono 27.03.2019r.<\/li>\n<\/ul>\n<\/li>\n<\/ul>\n<\/li>\n<\/ul>\n","protected":false},"excerpt":{"rendered":"<p>Utworzono 17 pa\u017adziernika 2018 r. Dostawa sprz\u0119tu komputerowego z oprogramowaniem i urz\u0105dze\u0144 peryferyjnych oraz dostawa mebli biurowych do dw\u00f3ch pracowni w Specjalnym <a class=\"more-link\" href=\"https:\/\/www.sosw.elblag.com.pl\/index.php\/zamowienia-publiczne\/dostawa-sosw-nr1-261-06-2018\/\">Czytaj dalej&#8230;<\/a><\/p>\n","protected":false},"author":1,"featured_media":0,"parent":188,"menu_order":2,"comment_status":"closed","ping_status":"closed","template":"","meta":{"footnotes":""},"class_list":["post-12548","page","type-page","status-publish","hentry"],"_links":{"self":[{"href":"https:\/\/www.sosw.elblag.com.pl\/index.php\/wp-json\/wp\/v2\/pages\/12548","targetHints":{"allow":["GET"]}}],"collection":[{"href":"https:\/\/www.sosw.elblag.com.pl\/index.php\/wp-json\/wp\/v2\/pages"}],"about":[{"href":"https:\/\/www.sosw.elblag.com.pl\/index.php\/wp-json\/wp\/v2\/types\/page"}],"author":[{"embeddable":true,"href":"https:\/\/www.sosw.elblag.com.pl\/index.php\/wp-json\/wp\/v2\/users\/1"}],"replies":[{"embeddable":true,"href":"https:\/\/www.sosw.elblag.com.pl\/index.php\/wp-json\/wp\/v2\/comments?post=12548"}],"version-history":[{"count":10,"href":"https:\/\/www.sosw.elblag.com.pl\/index.php\/wp-json\/wp\/v2\/pages\/12548\/revisions"}],"predecessor-version":[{"id":15389,"href":"https:\/\/www.sosw.elblag.com.pl\/index.php\/wp-json\/wp\/v2\/pages\/12548\/revisions\/15389"}],"up":[{"embeddable":true,"href":"https:\/\/www.sosw.elblag.com.pl\/index.php\/wp-json\/wp\/v2\/pages\/188"}],"wp:attachment":[{"href":"https:\/\/www.sosw.elblag.com.pl\/index.php\/wp-json\/wp\/v2\/media?parent=12548"}],"curies":[{"name":"wp","href":"https:\/\/api.w.org\/{rel}","templated":true}]}}