{"id":12246,"date":"2018-08-24T11:25:04","date_gmt":"2018-08-24T09:25:04","guid":{"rendered":"http:\/\/www.sosw.elblag.com.pl\/?page_id=12246"},"modified":"2020-08-26T11:40:29","modified_gmt":"2020-08-26T09:40:29","slug":"rodo","status":"publish","type":"page","link":"https:\/\/www.sosw.elblag.com.pl\/index.php\/osrodek\/rodo\/","title":{"rendered":"RODO"},"content":{"rendered":"<p style=\"text-align: justify;\">Zgodnie z art. 13 Rozporz\u0105dzenia PE i Rady (UE) z dnia 27.04.2016 r. informuj\u0119, i\u017c Administratorem Pani\/Pana danych osobowych jest Specjalny O\u015brodek Szkolno \u2013 Wychowawczy Nr 1 w Elbl\u0105gu z siedzib\u0105 przy ul. Kopernika 27, reprezentowana przez: dyrektora SOSW Nr 1 w Elbl\u0105gu.<\/p>\n<ol>\n<li style=\"text-align: justify;\">Administrator wyznaczy\u0142 Inspektora Ochrony Danych &#8211; p. Anita Sienicka, e-mail: iod@ecuw.elblag.eu, tel. 55 625 68 08.<\/li>\n<li style=\"text-align: justify;\">Dane osobowe przetwarzane b\u0119d\u0105 w celu wype\u0142nienie obowi\u0105zk\u00f3w okre\u015blonych w przepisach prawa, w tym ustawy z dnia 14 grudnia 2016 r. Prawo o\u015bwiatowe oraz Rozporz\u0105dzenie Ministra Edukacji Narodowej z dnia 25 sierpnia 2017 r. w sprawie sposobu prowadzenia przez publiczne przedszkola, szko\u0142y i plac\u00f3wki dokumentacji przebiegu nauczania, dzia\u0142alno\u015bci wychowawczej i opieku\u0144czej oraz rodzaj\u00f3w dokumentacji (Dz.U. 2017 poz. 1646).<\/li>\n<li style=\"text-align: justify;\">Administrator danych osobowych mo\u017ce przekaza\u0107 dane osobowe upowa\u017cnionym podmiotom na podstawie i w granicach prawa.<\/li>\n<li style=\"text-align: justify;\">Pani\/Pana dane osobowe b\u0119d\u0105 przechowywane do czasu, jaki jest niezb\u0119dny do tego, aby osi\u0105gn\u0105\u0107 za\u0142o\u017cony cel przetwarzania danych. Dane mog\u0105 by\u0107 przetwarzane d\u0142u\u017cej \u2013 tj. po osi\u0105gni\u0119ciu celu, dla kt\u00f3rego zosta\u0142y zebrane, jednak\u017ce wy\u0142\u0105cznie do cel\u00f3w archiwalnych.<\/li>\n<li style=\"text-align: justify;\">Posiada Pani\/Pan prawo dost\u0119pu do tre\u015bci swoich danych, sprostowania, ich usuni\u0119cia, ograniczenia ich przetwarzania a tak\u017ce prawo do wniesienia sprzeciwu wobec przetwarzania oraz do przenoszenia danych.<\/li>\n<li style=\"text-align: justify;\">Posiada Pani\/Pan prawo do z\u0142o\u017cenia skargi do Prezesa Urz\u0119du Ochrony Danych Osobowych.<\/li>\n<li style=\"text-align: justify;\">Pana\/Pani dane osobowe nie podlegaj\u0105 zautomatyzowanemu podejmowaniu decyzji.<\/li>\n<\/ol>\n\n\n<p><\/p>\n\n\n\n<p>Inspektor Ochrony Danych \u2013 Anita Sienicka<\/p>\n\n\n\n<p>Elbl\u0105skie Centrum Us\u0142ug Wsp\u00f3lnych<\/p>\n\n\n\n<p>ul. Saper\u00f3w 14C<\/p>\n\n\n\n<p>82-300 Elbl\u0105g<\/p>\n\n\n\n<p>Tel.: 55&nbsp;625 68 08<\/p>\n\n\n\n<p>e-mail: iod@ecuw.elblag.eu<\/p>\n","protected":false},"excerpt":{"rendered":"<p>Zgodnie z art. 13 Rozporz\u0105dzenia PE i Rady (UE) z dnia 27.04.2016 r. informuj\u0119, i\u017c Administratorem Pani\/Pana danych osobowych jest Specjalny O\u015brodek <a class=\"more-link\" href=\"https:\/\/www.sosw.elblag.com.pl\/index.php\/osrodek\/rodo\/\">Czytaj dalej&#8230;<\/a><\/p>\n","protected":false},"author":1,"featured_media":0,"parent":7,"menu_order":10,"comment_status":"closed","ping_status":"closed","template":"","meta":{"footnotes":""},"class_list":["post-12246","page","type-page","status-publish","hentry"],"_links":{"self":[{"href":"https:\/\/www.sosw.elblag.com.pl\/index.php\/wp-json\/wp\/v2\/pages\/12246","targetHints":{"allow":["GET"]}}],"collection":[{"href":"https:\/\/www.sosw.elblag.com.pl\/index.php\/wp-json\/wp\/v2\/pages"}],"about":[{"href":"https:\/\/www.sosw.elblag.com.pl\/index.php\/wp-json\/wp\/v2\/types\/page"}],"author":[{"embeddable":true,"href":"https:\/\/www.sosw.elblag.com.pl\/index.php\/wp-json\/wp\/v2\/users\/1"}],"replies":[{"embeddable":true,"href":"https:\/\/www.sosw.elblag.com.pl\/index.php\/wp-json\/wp\/v2\/comments?post=12246"}],"version-history":[{"count":3,"href":"https:\/\/www.sosw.elblag.com.pl\/index.php\/wp-json\/wp\/v2\/pages\/12246\/revisions"}],"predecessor-version":[{"id":20339,"href":"https:\/\/www.sosw.elblag.com.pl\/index.php\/wp-json\/wp\/v2\/pages\/12246\/revisions\/20339"}],"up":[{"embeddable":true,"href":"https:\/\/www.sosw.elblag.com.pl\/index.php\/wp-json\/wp\/v2\/pages\/7"}],"wp:attachment":[{"href":"https:\/\/www.sosw.elblag.com.pl\/index.php\/wp-json\/wp\/v2\/media?parent=12246"}],"curies":[{"name":"wp","href":"https:\/\/api.w.org\/{rel}","templated":true}]}}