{"id":10190,"date":"2018-04-06T10:05:30","date_gmt":"2018-04-06T08:05:30","guid":{"rendered":"http:\/\/www.sosw.elblag.com.pl\/?page_id=10190"},"modified":"2025-11-06T12:02:02","modified_gmt":"2025-11-06T11:02:02","slug":"do-pobrania","status":"publish","type":"page","link":"https:\/\/www.sosw.elblag.com.pl\/index.php\/do-pobrania-2\/do-pobrania\/","title":{"rendered":"Nauczyciele"},"content":{"rendered":"<ul>\n<li><span style=\"color: #008000;\"><a style=\"font-weight: 300; color: #008000;\" href=\"https:\/\/www.sosw.elblag.com.pl\/wp-content\/uploads\/2020\/09\/PRACOWNICZE-PLANY-KAPITALOWE.pptx\">PRACOWNICZE PLANY KAPITA\u0141OWE<\/a><\/span><\/li>\n<li><span style=\"color: #008000;\"><a style=\"font-weight: 300; color: #008000;\" href=\"https:\/\/www.sosw.elblag.com.pl\/wp-content\/uploads\/2018\/04\/KARTA-SAMOOCENY-NAUCZYCIELA.doc\">Karta samooceny nauczyciela<\/a><\/span><\/li>\n<li><span style=\"color: #008000;\"><a style=\"font-weight: 300; color: #008000;\" href=\"https:\/\/www.sosw.elblag.com.pl\/wp-content\/uploads\/2018\/04\/Rewalidacja-planowana.xls\">Rewalidacja planowana<\/a><\/span><\/li>\n<li><span style=\"color: #008000;\"><a style=\"font-weight: 300; color: #008000;\" href=\"https:\/\/www.sosw.elblag.com.pl\/wp-content\/uploads\/2018\/04\/Sprawozdanie-z-nauczania-indywidualnego.docx\">Sprawozdanie z nauczania indywidualnego<\/a><\/span><\/li>\n<li><span style=\"color: #008000;\"><a style=\"font-weight: 300; color: #008000;\" href=\"https:\/\/www.sosw.elblag.com.pl\/wp-content\/uploads\/2018\/04\/Sprawozdanie-z-rewalidacji.docx\">Sprawozdanie z rewalidacji<\/a><\/span><\/li>\n<li><span style=\"color: #008000;\"><a style=\"font-weight: 300; color: #008000;\" href=\"https:\/\/www.sosw.elblag.com.pl\/wp-content\/uploads\/2018\/04\/Za\u0142\u0105cznik-do-Rady-Pedagogicznej-sprawozdanie-z-klasyfikacji.docx\">Za\u0142\u0105cznik do Rady <\/a><a style=\"font-weight: 300; color: #008000;\" href=\"https:\/\/www.sosw.elblag.com.pl\/wp-content\/uploads\/2018\/04\/Za\u0142\u0105cznik-do-Rady-Pedagogicznej-sprawozdanie-z-klasyfikacji.docx\">Pedagogicznej &#8211; sprawozdanie z klasyfikacji<\/a><\/span><\/li>\n<li><a href=\"https:\/\/www.sosw.elblag.com.pl\/wp-content\/uploads\/2018\/04\/Karta-samooceny-DPS.doc\"><span style=\"color: #008000;\">Karta samooceny &#8211; DPS<\/span><\/a><\/li>\n<li><span style=\"color: #008000;\"><a style=\"color: #008000;\" href=\"https:\/\/www.sosw.elblag.com.pl\/wp-content\/uploads\/2018\/04\/O\u015bwiadczenie-kontynuacja-zaj\u0119\u0107-CWWRD.docx\">O\u015bwiadczenie &#8211; kontynuacja zaj\u0119\u0107 CWWRD<\/a> <\/span><\/li>\n<li><span style=\"color: #008000;\"><a style=\"color: #008000;\" href=\"https:\/\/www.sosw.elblag.com.pl\/wp-content\/uploads\/2018\/04\/SPRAWOZDANIE-Z-ZAJ\u0118\u0106-PROWADZONYCH-W-CENTRUM-WCZESNEGO-WSPOMAGANIA-ROZWOJU-DZIECKA.docx\">Sprawozdanie z zaj\u0119\u0107 prowadzonych w Centrum Wczesnego Wspomagania Rozwoju Dziecka<\/a><\/span><\/li>\n<li><a href=\"https:\/\/www.sosw.elblag.com.pl\/wp-content\/uploads\/2018\/04\/DOTYCZY-UPRAWNIE\u0143-DO-ULGOWYCH-PRZEJAZD\u00d3W-\u015aRODKAMI-PUBLICZNEGO-TRANSPORTU-ZBIOROWEGO.docx\"><span style=\"color: #008000;\">Dotyczy uprawnie\u0144 do ulgowych przejazd\u00f3w \u015brodkami publicznego transportu zbiorowego<\/span><\/a><\/li>\n<li><span style=\"color: #008000;\"><a style=\"color: #008000;\" href=\"https:\/\/www.sosw.elblag.com.pl\/wp-content\/uploads\/2018\/04\/KARTA-WYCIECZKI.docx\">Karta wycieczki<\/a> <\/span><\/li>\n<li><span style=\"color: #008000;\"><a style=\"color: #008000;\" href=\"https:\/\/www.sosw.elblag.com.pl\/wp-content\/uploads\/2018\/04\/powiadomienie-internatu-plac\u00f3wki-wych-o-wycieczcedocx.docx\">Powiadomienie internatu-plac\u00f3wki wych o wycieczce<\/a><\/span><\/li>\n<li><span style=\"color: #008000;\"><a style=\"color: #008000;\" href=\"https:\/\/www.sosw.elblag.com.pl\/wp-content\/uploads\/2018\/04\/klasy-L-protok\u00f3\u0142-klsayfikacji-I-II-p\u00f3\u0142rocze.doc\">Klasy L protok\u00f3\u0142 klsayfikacji I &#8211; II p\u00f3\u0142rocze<\/a> <\/span><\/li>\n<li><span style=\"color: #008000;\"><a style=\"color: #008000;\" href=\"https:\/\/www.sosw.elblag.com.pl\/wp-content\/uploads\/2018\/04\/podanie-o-egzamin-klasyfikacyjny-1.doc\">Podanie o egzamin klasyfikacyjny<\/a> <\/span><\/li>\n<li><span style=\"color: #008000;\"><a style=\"color: #008000;\" href=\"https:\/\/www.sosw.elblag.com.pl\/wp-content\/uploads\/2018\/04\/podanie-o-egzamin-poprawkowy-1.doc\">Podanie o egzamin poprawkowy<\/a> <\/span><\/li>\n<li><span style=\"color: #008000;\"><a style=\"color: #008000;\" href=\"https:\/\/www.sosw.elblag.com.pl\/wp-content\/uploads\/2018\/04\/rezygnacja-z-WD\u017b-1.docx\">Rezygnacja z WD\u017b<\/a> <\/span><\/li>\n<li><span style=\"color: #008000;\"><a style=\"color: #008000;\" href=\"https:\/\/www.sosw.elblag.com.pl\/wp-content\/uploads\/2018\/04\/sprawozdanie-z-rewalidacji-15-uczestnik\u00f3w.doc\">Sprawozdanie z rewalidacji 15 uczestnik\u00f3w<\/a> <\/span><\/li>\n<li><span style=\"color: #008000;\"><a style=\"color: #008000;\" href=\"https:\/\/www.sosw.elblag.com.pl\/wp-content\/uploads\/2018\/04\/Wyra\u017cam-zgod\u0119-na-udzia\u0142...doc\">Wyra\u017cam zgod\u0119 na udzia\u0142..<\/a><\/span><\/li>\n<li><span style=\"color: #008000;\"><a style=\"color: #008000;\" href=\"https:\/\/www.sosw.elblag.com.pl\/wp-content\/uploads\/2018\/04\/zgoda-na-etyk\u0119-religi\u0119-1.doc\">Zgoda na etyk\u0119-religi\u0119<\/a><\/span><\/li>\n<li><span style=\"color: #008000;\"><a style=\"color: #008000;\" href=\"https:\/\/www.sosw.elblag.com.pl\/wp-content\/uploads\/2025\/09\/edukacja-zdrowotna-rezygnacja.docx.pdf\">Edukacja zdrowotna &#8211; rezygnacja<\/a><\/span><\/li>\n<li><span style=\"color: #008000;\"><a style=\"color: #008000;\" href=\"https:\/\/www.sosw.elblag.com.pl\/wp-content\/uploads\/2018\/04\/Zam\u00f3wienie-podr\u0119cznik\u00f3w-wz\u00f3r.doc\">Zam\u00f3wienie podr\u0119cznik\u00f3w -wz\u00f3r<\/a><\/span><\/li>\n<li><span style=\"color: #008000;\"><a style=\"color: #008000;\" href=\"https:\/\/www.sosw.elblag.com.pl\/wp-content\/uploads\/2018\/11\/OCENA-RYZYKA-ZACHOWANIA-ucznia.doc\">OCENA RYZYKA ZACHOWANIA ucznia<\/a> <\/span><\/li>\n<li><span style=\"color: #008000;\"><a style=\"color: #008000;\" href=\"https:\/\/www.sosw.elblag.com.pl\/wp-content\/uploads\/2018\/11\/PROFIL-ucznia.doc\">PROFIL ucznia<\/a> <\/span><\/li>\n<li><span style=\"color: #008000;\"><a style=\"color: #008000;\" href=\"https:\/\/www.sosw.elblag.com.pl\/wp-content\/uploads\/2018\/11\/rejstracja-zachowania-ucznia.doc\">Rejestracja zachowania ucznia<\/a><\/span><\/li>\n<li><a href=\"https:\/\/www.sosw.elblag.com.pl\/wp-content\/uploads\/2018\/12\/o\u015bwiadczenie-o-odpowiedzialno\u015bci.doc\"><span style=\"color: #008000;\">O\u015bwiadczenie o odpowiedzialno\u015bci<\/span><\/a><\/li>\n<li><span style=\"color: #008000;\"><a style=\"color: #008000;\" href=\"https:\/\/www.sosw.elblag.com.pl\/wp-content\/uploads\/2019\/03\/KARTA-WYCIECZKI.-rozp.-MEN-z-2018rdocx.docx\">KARTA WYCIECZKI. rozp. MEN z 2018rdocx<\/a><\/span><\/li>\n<li><span style=\"color: #008000;\"><a style=\"color: #008000;\" href=\"https:\/\/www.sosw.elblag.com.pl\/wp-content\/uploads\/2019\/09\/Procedura-wyd\u0142u\u017cenia-etapu-edukacyjnego.doc\">Procedura wyd\u0142u\u017cenia etapu edukacyjnego<\/a><\/span><\/li>\n<li><span style=\"color: #008000;\"><a style=\"color: #008000;\" href=\"https:\/\/www.sosw.elblag.com.pl\/wp-content\/uploads\/2021\/05\/E-Swiadectwa.pptx\">E-\u015awiadectwa<\/a><\/span><\/li>\n<li><span style=\"color: #008000;\"><a style=\"color: #008000;\" href=\"https:\/\/www.sosw.elblag.com.pl\/wp-content\/uploads\/2021\/05\/Jak-poprawnie-dodawac-wycieczki.pptx\">Jak poprawnie dodawa\u0107 wycieczki<\/a><\/span><\/li>\n<li><span style=\"color: #008000;\"><a style=\"color: #008000;\" href=\"https:\/\/www.sosw.elblag.com.pl\/wp-content\/uploads\/2025\/11\/druk-skreslenie.docx\">Druk skre\u015blenia<\/a><\/span><\/li>\n<li><span style=\"color: #008000;\"><a style=\"color: #008000;\" href=\"https:\/\/www.sosw.elblag.com.pl\/wp-content\/uploads\/2021\/05\/Wewnatrzszkolna-instrukcja-wypelniania-arkuszy-ocen-i-swiadectw-SOSW.doc\">Wewn\u0105trzszkolna instrukcja wype\u0142niania arkuszy ocen i \u015bwiadectw SOSW<\/a><\/span><\/li>\n<\/ul>\n<hr \/>\n<p><span style=\"color: #000080;\"><strong><a style=\"color: #000080;\" title=\"Odno\u015bnik do Elbl\u0105skie Centrum Terapii i Rewalidacji\" href=\"https:\/\/www.sosw.elblag.com.pl\/index.php\/struktura-osrodka\/centra-terapeutyczne\/elblaskie-centrum-terapii-i-rewalidacji\/\" rel=\"bookmark\">Elbl\u0105skie Centrum Terapii i Rewalidacji<\/a><\/strong><\/span><\/p>\n<ul>\n<li><span style=\"color: #008000;\"><a style=\"color: #008000;\" href=\"https:\/\/www.sosw.elblag.com.pl\/wp-content\/uploads\/2018\/04\/ECTiR-deklaracja-o-kontynuacji-zaj\u0119\u0107.doc\">ECTiR deklaracja o kontynuacji zaj\u0119\u0107<\/a><\/span><\/li>\n<li><span style=\"color: #008000;\"><a style=\"color: #008000;\" href=\"https:\/\/www.sosw.elblag.com.pl\/wp-content\/uploads\/2018\/04\/ECTiR-dziennik-strony-realizacja-programu-zaj\u0119\u0107.doc\">ECTiR dziennik &#8211; strony &#8211; realizacja programu zaj\u0119\u0107<\/a> <\/span><\/li>\n<li><span style=\"color: #008000;\"><a style=\"color: #008000;\" href=\"https:\/\/www.sosw.elblag.com.pl\/wp-content\/uploads\/2018\/04\/ECTiR-dziennik-strona-tytu\u0142owa.doc\">ECTiR dziennik -strona tytu\u0142owa<\/a> <\/span><\/li>\n<li><span style=\"color: #008000;\"><a style=\"color: #008000;\" href=\"https:\/\/www.sosw.elblag.com.pl\/wp-content\/uploads\/2018\/04\/ECTiR-Podsumowanie-roczne-wz\u00f3r.doc\">ECTiR Podsumowanie roczne &#8211; wz\u00f3r<\/a> <\/span><\/li>\n<li><span style=\"color: #008000;\"><a style=\"color: #008000;\" href=\"https:\/\/www.sosw.elblag.com.pl\/wp-content\/uploads\/2018\/04\/ECTiR-sprawozdanie-zbiorcze-druk.doc\">ECTiR sprawozdanie zbiorcze druk<\/a> <\/span><\/li>\n<\/ul>\n<hr \/>\n<p><strong><span style=\"color: #000080;\">\u00a0IPET<\/span><\/strong><\/p>\n<ul>\n<li><span style=\"color: #008000;\"><a href=\"https:\/\/www.sosw.elblag.com.pl\/wp-content\/uploads\/2019\/01\/IPET-2019-cz\u0119\u015b\u0107-zasadnicza-1.docx\"><span style=\"color: #008000;\">IPET 2019 cz\u0119\u015b\u0107 zasadnicza<\/span><\/a><\/span><\/li>\n<li><span style=\"color: #008000;\"><a style=\"color: #008000;\" href=\"https:\/\/www.sosw.elblag.com.pl\/wp-content\/uploads\/2019\/01\/WOPFU-Za\u0142\u0105cznik-nr-1-do-IPET.docx\">WOPFU Za\u0142\u0105cznik nr 1 do IPET<\/a> <\/span><\/li>\n<li><span style=\"color: #008000;\"><a style=\"color: #008000;\" href=\"https:\/\/www.sosw.elblag.com.pl\/wp-content\/uploads\/2019\/01\/ewaluacja-IPET-za\u0142-2.docx\">ewaluacja IPET za\u0142 2<\/a><\/span><\/li>\n<li><a href=\"https:\/\/www.sosw.elblag.com.pl\/wp-content\/uploads\/2019\/01\/Modyfikacje-Indywidualnego-Programu-Edukacyjno.docx\"><span style=\"color: #008000;\">Modyfikacje Indywidualnego Programu Edukacyjno<\/span><\/a><\/li>\n<li><span style=\"color: #008000;\"><a style=\"color: #008000;\" href=\"https:\/\/www.sosw.elblag.com.pl\/wp-content\/uploads\/2018\/04\/TABELE-Z-CELAMI-OG\u00d3LNYMI-Z-PODSTAW-PROGRAMOWYCH-I-Z-ROZPORZ\u0104DZENIA.docx\">TABELE Z CELAMI OG\u00d3LNYMI Z PODSTAW PROGRAMOWYCH<br \/>\nI Z ROZPORZ\u0104DZENIA<\/a><\/span><\/li>\n<li><span style=\"color: #339966;\"><a style=\"color: #339966;\" href=\"https:\/\/www.sosw.elblag.com.pl\/wp-content\/uploads\/2018\/09\/Zawiadomienie-o-posiedzenieu-IPET.docx\"><span style=\"color: #008000;\">Zawiadomienie o posiedzenieu IPET<\/span><\/a><\/span><\/li>\n<\/ul>\n","protected":false},"excerpt":{"rendered":"<p>PRACOWNICZE PLANY KAPITA\u0141OWE Karta samooceny nauczyciela Rewalidacja planowana Sprawozdanie z nauczania indywidualnego Sprawozdanie z rewalidacji Za\u0142\u0105cznik do Rady Pedagogicznej &#8211; sprawozdanie z <a class=\"more-link\" href=\"https:\/\/www.sosw.elblag.com.pl\/index.php\/do-pobrania-2\/do-pobrania\/\">Czytaj dalej&#8230;<\/a><\/p>\n","protected":false},"author":1,"featured_media":0,"parent":10203,"menu_order":2,"comment_status":"closed","ping_status":"closed","template":"","meta":{"footnotes":""},"class_list":["post-10190","page","type-page","status-publish","hentry"],"_links":{"self":[{"href":"https:\/\/www.sosw.elblag.com.pl\/index.php\/wp-json\/wp\/v2\/pages\/10190","targetHints":{"allow":["GET"]}}],"collection":[{"href":"https:\/\/www.sosw.elblag.com.pl\/index.php\/wp-json\/wp\/v2\/pages"}],"about":[{"href":"https:\/\/www.sosw.elblag.com.pl\/index.php\/wp-json\/wp\/v2\/types\/page"}],"author":[{"embeddable":true,"href":"https:\/\/www.sosw.elblag.com.pl\/index.php\/wp-json\/wp\/v2\/users\/1"}],"replies":[{"embeddable":true,"href":"https:\/\/www.sosw.elblag.com.pl\/index.php\/wp-json\/wp\/v2\/comments?post=10190"}],"version-history":[{"count":47,"href":"https:\/\/www.sosw.elblag.com.pl\/index.php\/wp-json\/wp\/v2\/pages\/10190\/revisions"}],"predecessor-version":[{"id":62541,"href":"https:\/\/www.sosw.elblag.com.pl\/index.php\/wp-json\/wp\/v2\/pages\/10190\/revisions\/62541"}],"up":[{"embeddable":true,"href":"https:\/\/www.sosw.elblag.com.pl\/index.php\/wp-json\/wp\/v2\/pages\/10203"}],"wp:attachment":[{"href":"https:\/\/www.sosw.elblag.com.pl\/index.php\/wp-json\/wp\/v2\/media?parent=10190"}],"curies":[{"name":"wp","href":"https:\/\/api.w.org\/{rel}","templated":true}]}}